{"id":9420,"date":"2023-08-21T11:47:21","date_gmt":"2023-08-21T09:47:21","guid":{"rendered":"http:\/\/www.dv-group.com\/?page_id=9420"},"modified":"2023-09-22T09:49:06","modified_gmt":"2023-09-22T07:49:06","slug":"la-vostra-performance","status":"publish","type":"page","link":"https:\/\/dv-group.com\/it\/la-vostra-performance\/","title":{"rendered":"La vostra performance"},"content":{"rendered":"<section class=\"hero-secondary minified   \">\n    <div class=\"container\">\n                    <div class=\"hero-secondary--content\">\n                <p class=\"uptitle\">La vostra performance<\/p>\n<h1>Insieme, possiamo assicurare la vostra performance di fronte alle nuove sfide del settore dell\u2019industria<\/h1>\n            <\/div>\n                            <img decoding=\"async\" src=\"https:\/\/dv-group.com\/app\/uploads\/2023\/09\/photo-off-e1694616040253.jpg\" alt=\"\">\n        <\/section>\n    <div class=\"subnav hover-effect\">\n                    <style>\n                .hero-secondary.minified {\n                    padding-bottom: 96px;\n                }\n            <\/style>\n            <nav>\n                <ul>\n                                                                                                                                                                                                                                                                                    <li data-section=\"le-sfide\">Le sfide<\/li>\n                                                                                                                                                                                                                                                                                                                                                                                                                                                                                                                                                                <li data-section=\"il-nostro-metodo\">Il nostro metodo<\/li>\n                                                                                                                                                                                                                                                                                                                                                                                                    <li data-section=\"le-nostre-risposte\">Le nostre risposte<\/li>\n                                                                                                                                                                                                                                        <li data-section=\"le-nostre-convinzioni\">Le nostre convinzioni<\/li>\n                                                                                                                                                                                                                                        <li data-section=\"libro-bianco\">Libro bianco<\/li>\n                                                                                                                <\/ul>\n                <span class=\"border\"><\/span>\n            <\/nav>\n            <\/div>\n\n\n<div class=\"space xsmall-space \">\n    <div class=\"separator\"><\/div><\/div>\n\n<section  data-section=\"le-sfide\" id=\"le-sfide\"  class=\"bloc-content -content  \">\n    <div class=\"container\">\n                                            <div class=\"txt-img--content\">\n                    <p class=\"uptitle\" style=\"text-align: center;\">La vostra performance<\/p>\n<h2 style=\"text-align: center;\"><strong><em>Le sfide<\/em><\/strong><\/h2>\n<p style=\"text-align: center;\">Indipendentemente dal fatto che siate un direttore operativo, un responsabile del reparto manutenzione, un decisore finanziario \/ tecnico oppure un responsabile del sito, la performance del processo \u00e8 fondamentale per la continuit\u00e0 della vostra attivit\u00e0.<\/p>\n<p style=\"text-align: center;\">\n<p style=\"text-align: center;\">Nell\u2019era delle offerte personalizzate, la sfida non \u00e8 pi\u00f9 tanto quella di produrre in grandi quantit\u00e0, ma di essere in grado di adattare la catena di produzione alle esigenze dei consumatori, essendo flessibili in tempo reale. La riduzione dell\u2019impatto ambientale \u00e8 un\u2019altra sfida molto importante.<\/p>\n<p style=\"text-align: center;\">\n<p style=\"text-align: center;\">Di fronte a questi cambiamenti, la performance industriale \u00e8 una sfida sempre pi\u00f9 importante per l\u2019organizzazione interna: coinvolge tutti gli ambiti aziendali, dalla progettazione alla produzione, passando per l\u2019industrializzazione, gli acquisti, ecc.<\/p>\n<p style=\"text-align: center;\">\n<p style=\"text-align: center;\">Vogliamo fornirvi le risposte necessarie e accompagnarvi nella progettazione e nello sviluppo delle vostre nuove linee e dei vostri impianti grazie al nostro approccio prettamente operativo. Impianti pi\u00f9 moderni, pi\u00f9 connessi, dove la tecnologia diventa un motore di competitivit\u00e0 e crescita delle esportazioni.<\/p>\n                <\/div>\n                                <\/div>\n<\/section>\n\n<div class=\"space small-space \">\n    <\/div>\n\n<section  class=\"bloc-content -content  txt-img   reverse \">\n    <div class=\"container\">\n                                            <div class=\"txt-img--content\">\n                    <p class=\"highlighted\" style=\"text-align: center;\">Vogliamo rispondere alle nuove sfide dell\u2019industria, ma soprattutto vogliamo rispondere alle vostre sfide!<\/p>\n                <\/div>\n                                        <div class=\"txt-img--img\">\n                                    <img decoding=\"async\" class=s src=\"https:\/\/dv-group.com\/app\/uploads\/2023\/09\/OK_photo-PERFORMANCE-sans-bande-bleue-1-1-e1694157312335.jpg\" alt=\"\">\n                                                <\/div>\n            <\/div>\n<\/section>\n\n<div class=\"space medium-space \">\n    <\/div>\n\n\n<section  class=\"grid-enjeux\">\n    <div class=\"container\">\n                                    <div class=\"card picto full\">\n                                            <div class=\"img\">\n                            <img decoding=\"async\" src=\"https:\/\/dv-group.com\/app\/uploads\/2023\/08\/icon-money-growth-blue.svg\" alt=\"\">\n                        <\/div>\n                                                                <h4>Sfide economiche<\/h4>\n<ul>\n<li>Ottimizzare i costi (investimenti e spese)<\/li>\n<li>Controllare i costi di manutenzione<\/li>\n<li>Aumentare la produttivit\u00e0<\/li>\n<\/ul>\n                                    <\/div>\n                            <div class=\"card picto full\">\n                                            <div class=\"img\">\n                            <img decoding=\"async\" src=\"https:\/\/dv-group.com\/app\/uploads\/2023\/08\/icon-cpu-blue.svg\" alt=\"\">\n                        <\/div>\n                                                                <h4>Sfide tecnologiche<\/h4>\n<ul>\n<li>Rendere affidabili e manutenere gli impianti<\/li>\n<li>Gestire l\u2019obsolescenza delle attrezzature<\/li>\n<li>Digitalizzare lo strumento di produzione<\/li>\n<\/ul>\n                                    <\/div>\n                            <div class=\"card picto full\">\n                                            <div class=\"img\">\n                            <img decoding=\"async\" src=\"https:\/\/dv-group.com\/app\/uploads\/2023\/09\/roue-dentee-1.png\" alt=\"\">\n                        <\/div>\n                                                                <h4>Sfide organizzative<\/h4>\n<ul>\n<li>Inventare nuovi modelli di collaborazione<\/li>\n<li>Migliorare la flessibilit\u00e0 organizzativa<\/li>\n<li>Contare sul valore aggiunto dei dipendenti<\/li>\n<li>Ripensare la logistica<\/li>\n<li>Favorire l\u2019integrazione verticale e orizzontale<\/li>\n<li>Dare il via alla digitalizzazione<\/li>\n<li>Garantire la continuit\u00e0 delle forniture<\/li>\n<li>Gestire i fornitori in modo pi\u00f9 efficace<\/li>\n<\/ul>\n                                    <\/div>\n                            <div class=\"card picto full\">\n                                            <div class=\"img\">\n                            <img decoding=\"async\" src=\"https:\/\/dv-group.com\/app\/uploads\/2023\/09\/ecologie-1.png\" alt=\"\">\n                        <\/div>\n                                                                <h4>Sfide ambientali\/sociali<\/h4>\n<ul>\n<li>Pensare \u00abciclo di vita\u00bb<\/li>\n<li>Ridurre la carbon footprint<\/li>\n<li>Garantire la conformit\u00e0 alle normative<\/li>\n<li>Valorizzare le persone<\/li>\n<li>Sviluppare la CSR<\/li>\n<li>Integrare l\u2019ecosistema locale<\/li>\n<\/ul>\n                                    <\/div>\n                        <\/div>\n<\/section>\n\n<div class=\"space large-space \">\n    <\/div>\n\n<!-- Start method  -->\n<section data-section=il-nostro-metodo class=\"method\">\n    <div class=\"container\">\n        <div class=\"method-titles--container\">\n                            <p class=\"uptitle\">La vostra performance<\/p>\n<h2><strong><em>Il nostro metodo<\/em><\/strong><\/h2>\n<p>&nbsp;<\/p>\n<p>Consideriamo il miglioramento della performance industriale come un approccio trasversale, che coinvolge tutti gli attori presenti in azienda al fine di co-costruire una strategia che risponda alle vostre sfide.<\/p>\n<p>Al vostro fianco diamo vita a diversi progetti di miglioramento continuo, attuando metodi che prevedono un audit completo, per poi elaborare una strategia personalizzata con un piano di accesso dettagliato e implementare queste azioni.<\/p>\n                    <\/div>\n                    <div class=\"method-tabs-container\">\n                                                    <div class=\"tab  active\">\n                        <div class=\"step-container\">\n                                                            <div class=\"number-container\">\n                                    <p>1<\/p>\n                                <\/div>\n                                                                                        <div class=\"title-container\">\n                                    <p>Definiamo le sfide <\/p>\n                                <\/div>\n                                                                                        <div class=\"description-container\">\n                                    <p>Volete controllare i costi di manutenzione?<\/p>\n<p>Volete supportare i vostri team e sviluppare le loro competenze?<\/p>\n<p>Volete introdurre la digitalizzazione?<\/p>\n<p>&#8230;<\/p>\n                                <\/div>\n                                                    <\/div>\n\n                    <\/div>\n                    <hr>                                                        <div class=\"tab  \">\n                        <div class=\"step-container\">\n                                                            <div class=\"number-container\">\n                                    <p>2<\/p>\n                                <\/div>\n                                                                                        <div class=\"title-container\">\n                                    <p>Stabiliamo la strategia <\/p>\n                                <\/div>\n                                                                                        <div class=\"description-container\">\n                                    <p>Analizziamo insieme per co-costruire la strategia per i vostri motori, macchinari e le vostre linee.<\/p>\n                                <\/div>\n                                                    <\/div>\n\n                    <\/div>\n                    <hr>                                                        <div class=\"tab  \">\n                        <div class=\"step-container\">\n                                                            <div class=\"number-container\">\n                                    <p>3<\/p>\n                                <\/div>\n                                                                                        <div class=\"title-container\">\n                                    <p>Mettiamo in pratica, insieme <\/p>\n                                <\/div>\n                                                                                        <div class=\"description-container\">\n                                    <p>Mettiamo in atto una strategia per affrontare le vostre sfide<\/p>\n                                <\/div>\n                                                    <\/div>\n\n                    <\/div>\n                                                                    <\/div>\n                    <\/div>\n<\/section>\n<!-- End method -->\n\n<div class=\"space small-space \">\n    <\/div>\n\n<section  class=\"bloc-img\">\n    <div class=\"container\">\n                    <img decoding=\"async\" src=\"https:\/\/dv-group.com\/app\/uploads\/2023\/09\/IT-SCHEMA-AUDIT-1-scaled.jpg\" alt=\"\">\n            <span class=\"legend\">Il nostro grafico di analisi<\/span>\n            <\/div>\n<\/section>\n\n<div class=\"space medium-space \">\n    <\/div>\n\n    <section data-section=le-nostre-risposte class=\"txt-titre-2col\">\n        <div class=\"txt-titre-2col-container container\">\n                            <div class=\"title-container\">\n                    <p class=\"uptitle\">La vostra performance<\/p>\n<h2><strong><em>Le nostre risposte<\/em><\/strong><\/h2>\n                <\/div>\n                                        <div class=\"container-first\">\n                    <p><strong>Per implementare la nuova strategia, mettiamo in atto soluzioni in grado di rispondere alle principali sfide del vostro settore di attivit\u00e0 (acquisti, manutenzione, metodi, ecc.) e puntiamo a raggiungere l\u2019eccellenza a partire da solide basi.\u00a0<\/strong><\/p>\n                <\/div>\n                                        <div class=\"container-second\">\n                    <p>L\u2019implementazione di soluzioni e servizi di supporto su misura per il vostro parco macchine vi consentir\u00e0 di:<\/p>\n<ul>\n<li>migliorare la vostra competitivit\u00e0 migliorando la disponibilit\u00e0 delle attrezzature, l\u2019affidabilit\u00e0 delle linee di produzione e la produttivit\u00e0;<\/li>\n<li>ottimizzare gli investimenti e le spese;<\/li>\n<li>garantire una buona performance ambientale<\/li>\n<\/ul>\n                <\/div>\n                    <\/div>\n    <\/section>\n                    <section data-section=le-nostre-risposte class=\"grid-slider blue\">\n            <div class=\"container\">\n                                    <div class=\"owl-carousel\">\n                                                                                <div class=\"card picto\">\n                                                                    <div class=\"img\">\n                                        <img decoding=\"async\" src=\"https:\/\/dv-group.com\/app\/uploads\/2023\/09\/Disponibilte.png\" alt=\"\">\n                                    <\/div>\n                                                                                                    <h4><strong>Migliorare la disponibilit\u00e0 degli impianti:\u00a0<\/strong><\/h4>\n<ul>\n<li>Controllo predittivo<\/li>\n<li>UpGrade<\/li>\n<li>Manutenzione preventiva<\/li>\n<li>Attrezzature \/ Stock<\/li>\n<\/ul>\n                                                            <\/div>\n                                                                                <div class=\"card picto\">\n                                                                    <div class=\"img\">\n                                        <img decoding=\"async\" src=\"https:\/\/dv-group.com\/app\/uploads\/2023\/09\/soutien-aux-competences.png\" alt=\"\">\n                                    <\/div>\n                                                                                                    <h4>Assistenza<\/h4>\n<ul>\n<li>Supporto Hotline, Connesso, 24 ore su 24, 7 giorni su 7<\/li>\n<li>Formazione<\/li>\n<\/ul>\n                                                            <\/div>\n                                                                                <div class=\"card picto\">\n                                                                    <div class=\"img\">\n                                        <img decoding=\"async\" src=\"https:\/\/dv-group.com\/app\/uploads\/2023\/09\/digitalisation.png\" alt=\"\">\n                                    <\/div>\n                                                                                                    <h4>Digitalizzazione<\/h4>\n<ul>\n<li>SMART<\/li>\n<li>Controllo DATI<\/li>\n<\/ul>\n                                                            <\/div>\n                                                                                <div class=\"card picto\">\n                                                                    <div class=\"img\">\n                                        <img decoding=\"async\" src=\"https:\/\/dv-group.com\/app\/uploads\/2023\/09\/modernisation-2.png\" alt=\"\">\n                                    <\/div>\n                                                                                                    <h4>Modernizzazione<\/h4>\n<ul>\n<li>INGEGNERIA: Drive \/ Motion \/ Automazione \/ \/ Motion \/ NC \/ Robotica<\/li>\n<\/ul>\n                                                            <\/div>\n                                                                                <div class=\"card picto\">\n                                                                    <div class=\"img\">\n                                        <img decoding=\"async\" src=\"https:\/\/dv-group.com\/app\/uploads\/2023\/09\/dans-le-temps-1.png\" alt=\"\">\n                                    <\/div>\n                                                                                                    <h4>Gestione dell\u2019obsolescenza<\/h4>\n<ul>\n<li>Manutenzione elettromeccanica \/ Manutenzione elettronica<\/li>\n<li>Controllo predittivo<\/li>\n<\/ul>\n                                                            <\/div>\n                                                                                <div class=\"card picto\">\n                                                                    <div class=\"img\">\n                                        <img decoding=\"async\" src=\"https:\/\/dv-group.com\/app\/uploads\/2023\/09\/protection-environnementale-1.png\" alt=\"\">\n                                    <\/div>\n                                                                                                    <h4>Gestione dell\u2019impatto ambientale<\/h4>\n<ul>\n<li>Controllo dell\u2019energia<\/li>\n<li>Riparazione vs. nuovo<\/li>\n<li>Agenda eco-responsabile<\/li>\n<\/ul>\n                                                            <\/div>\n                                            <\/div>\n                    <div class=\"grid-slider-nav blue\"><\/div>\n                            <\/div>\n        <\/section>\n    \n\n<div class=\"space large-space \">\n    <\/div>\n\n<section  data-section=\"le-nostre-convinzioni\" id=\"le-nostre-convinzioni\"  class=\"bloc-content -content  \">\n    <div class=\"container\">\n                                            <div class=\"txt-img--content\">\n                    <p class=\"uptitle\" style=\"text-align: center;\">La vostra performance<\/p>\n<h2 style=\"text-align: center;\"><strong><em>Le nostre convinzioni<\/em><\/strong><\/h2>\n<p><img decoding=\"async\" class=\"alignnone size-full wp-image-1166\" src=\"http:\/\/preprod.dv-group.weareled.fr\/app\/uploads\/2023\/09\/we-are-together-blue.svg\" alt=\"\" \/><\/p>\n<p>&nbsp;<\/p>\n<p style=\"text-align: center;\">Insieme, elaboriamo un piano d\u2019azione pragmatico per fornire ai diversi ambiti della vostra organizzazione aziendale tutte le risorse necessarie per svolgere la loro attivit\u00e0, tenendo sotto controllo i costi di investimento e operativi. Queste azioni devono integrare l\u2019intera catena del valore e basarsi sulla tua realt\u00e0 operativa, sul tuo ambiente e sui tuoi cambiamenti.<\/p>\n<p>&nbsp;<\/p>\n<h3 style=\"text-align: center;\">Il nostro obiettivo?<br \/>\nConseguire l\u2019eccellenza<\/h3>\n<p>&nbsp;<\/p>\n<p class=\"highlighted\" style=\"text-align: center;\">Qualit\u00e0 \/ Costo \/ Consegna \/ Servizio \/ Sicurezza \/ Gestione<\/p>\n                <\/div>\n                                <\/div>\n<\/section>\n\n<div class=\"space large-space \">\n    <\/div>\n\n<section data-section=libro-bianco class=\"white-book\">\n    <div class=\"white-book-container container\">\n        <div class=\"white-book-content\">\n                            <p class=\"uptitle\">Libro bianco<\/p>\n<h2>Industria 4.0, Perch\u00e9? Come?<\/h2>\n<h2>Accelerare la ripresa del settore<\/h2>\n<p>In seguito alla pandemia da COVID-19, alcuni concetti chiave come le macchine e le fabbriche intelligenti, i sistemi cyber-fisici (CPS), il cloud e l\u2019analisi dei dati, ecc. si sono rivelati di inestimabile importanza.<\/p>\n<p><strong>Ricevi il nostro white paper in pochi clic.\u00a0<\/strong><\/p>\n                                        <a href=\"https:\/\/dv-group.com\/it\/dv-news#sync2\" target=\"_self\" class=\"btn primary light\">Libro bianco<\/a>\n                    <\/div>\n                    <div class=\"white-book-container-img\">\n                <img decoding=\"async\" src=\"https:\/\/dv-group.com\/app\/uploads\/2023\/09\/livre-blanc-droit-1.png\" alt=\"\">\n            <\/div>\n            <\/div>\n<\/section>\n\n<div class=\"space large-space \">\n    <\/div>","protected":false},"excerpt":{"rendered":"","protected":false},"author":3,"featured_media":7702,"parent":0,"menu_order":0,"comment_status":"closed","ping_status":"closed","template":"","meta":{"_acf_changed":false,"_seopress_robots_primary_cat":"","_seopress_titles_title":"La vostra performance","_seopress_titles_desc":"Insieme, possiamo assicurare la vostra performance di fronte alle nuove sfide del settore dell\u2019industria","_seopress_robots_index":"","footnotes":""},"class_list":["post-9420","page","type-page","status-publish","has-post-thumbnail","hentry"],"acf":[],"publishpress_future_action":{"enabled":false,"date":"2026-04-14 20:14:06","action":"change-status","newStatus":"draft","terms":[],"taxonomy":"translation_priority","extraData":[]},"publishpress_future_workflow_manual_trigger":{"enabledWorkflows":[]},"_links":{"self":[{"href":"https:\/\/dv-group.com\/it\/wp-json\/wp\/v2\/pages\/9420","targetHints":{"allow":["GET"]}}],"collection":[{"href":"https:\/\/dv-group.com\/it\/wp-json\/wp\/v2\/pages"}],"about":[{"href":"https:\/\/dv-group.com\/it\/wp-json\/wp\/v2\/types\/page"}],"author":[{"embeddable":true,"href":"https:\/\/dv-group.com\/it\/wp-json\/wp\/v2\/users\/3"}],"replies":[{"embeddable":true,"href":"https:\/\/dv-group.com\/it\/wp-json\/wp\/v2\/comments?post=9420"}],"version-history":[{"count":20,"href":"https:\/\/dv-group.com\/it\/wp-json\/wp\/v2\/pages\/9420\/revisions"}],"predecessor-version":[{"id":11056,"href":"https:\/\/dv-group.com\/it\/wp-json\/wp\/v2\/pages\/9420\/revisions\/11056"}],"wp:featuredmedia":[{"embeddable":true,"href":"https:\/\/dv-group.com\/it\/wp-json\/wp\/v2\/media\/7702"}],"wp:attachment":[{"href":"https:\/\/dv-group.com\/it\/wp-json\/wp\/v2\/media?parent=9420"}],"curies":[{"name":"wp","href":"https:\/\/api.w.org\/{rel}","templated":true}]}}