{"id":9115,"date":"2023-08-21T11:47:31","date_gmt":"2023-08-21T09:47:31","guid":{"rendered":"http:\/\/www.dv-group.com\/?page_id=9115"},"modified":"2023-09-22T09:53:05","modified_gmt":"2023-09-22T07:53:05","slug":"gestione-dellobsolescenza","status":"publish","type":"page","link":"https:\/\/dv-group.com\/it\/gestione-dellobsolescenza\/","title":{"rendered":"Gestione dell\u2019obsolescenza"},"content":{"rendered":"<section class=\"hero-secondary minified  divided \">\n    <div class=\"container\">\n                    <div class=\"hero-secondary--content\">\n                <p class=\"uptitle\">Sfide industriali<\/p>\n<h1>Gestione dell\u2019obsolescenza<\/h1>\n            <\/div>\n                            <img decoding=\"async\" src=\"https:\/\/dv-group.com\/app\/uploads\/2023\/09\/ok-bd-gestion-obsolescence_60381045-scaled.jpg\" alt=\"\">\n        <\/section>\n\n\n<div class=\"space large-space \">\n    <\/div>\n\n<section  class=\"bloc-content -content  \">\n    <div class=\"container\">\n                                            <div class=\"txt-img--content\">\n                    <h2>Contesto<\/h2>\n<div class=\"two-col\">\n<ul>\n<li>Come possiamo prevenire l\u2019obsolescenza dei nostri macchinari?<\/li>\n<li>Quali sono le migliori pratiche per gestire l\u2019obsolescenza delle attrezzature?<\/li>\n<li>Quali sono le opzioni disponibili per modernizzare o sostituire i macchinari obsoleti?<\/li>\n<li>Ci sono aggiornamenti software o retrofit in grado di prolungare la vita dei macchinari esistenti?<\/li>\n<li>Quali sono i vantaggi di un approccio proattivo in termini di gestione dell\u2019obsolescenza rispetto a un approccio reattivo?<\/li>\n<\/ul>\n<\/div>\n                <\/div>\n                                <\/div>\n<\/section>\n\n<div class=\"space small-space \">\n    <\/div>\n\n<section  class=\"didYouKnow\">\n    <div class=\"didYouKnow container\">\n                    <img decoding=\"async\" src=\"https:\/\/dv-group.com\/app\/uploads\/2023\/08\/icon-idea-blue.svg\" alt=\"\">\n                            <h3>Lo sapevi?<\/h3>\n<ul>\n<li>19 anni, l\u2019et\u00e0 media di un macchinario<\/li>\n<li>Secondo uno studio dell\u2019Institute of Electrical and Electronics Engineers (IEEE), i costi legati all\u2019obsolescenza possono rappresentare fino al 2% del fatturato annuale di un\u2019azienda<\/li>\n<li>Secondo una ricerca del gruppo Aberdeen, le aziende che adottano un approccio proattivo in termini di gestione dell\u2019obsolescenza registrano un miglioramento del tempo di attivit\u00e0 pari al 15% e una riduzione del 10% dei costi di manutenzione.<\/li>\n<\/ul>\n            <\/div>\n<\/section>\n\n<div class=\"space large-space \">\n    <\/div>\n\n<section  class=\"bloc-img\">\n    <div class=\"container\">\n                    <img decoding=\"async\" src=\"https:\/\/dv-group.com\/app\/uploads\/2023\/09\/rep-2-scaled.jpg\" alt=\"\">\n            <span class=\"legend\"><\/span>\n            <\/div>\n<\/section>\n\n<div class=\"space medium-space \">\n    <\/div>\n\n<section  class=\"bloc-content -content  \">\n    <div class=\"container\">\n                                            <div class=\"txt-img--content\">\n                    <h2 style=\"text-align: center;\"><strong><em>La soluzione DV GROUP<\/em><\/strong><strong><em>\u00a0<\/em><\/strong><\/h2>\n<p style=\"text-align: center;\">Garantire quotidianamente la disponibilit\u00e0 degli impianti \u00e8 una sfida importante, essendo un requisito fondamentale per soddisfare le esigenze di un determinato ambiente e reagire tempestivamente in situazioni di emergenza.<\/p>\n<p style=\"text-align: center;\">DV GROUP, grazie a tre &#8220;Business Unit&#8221; complementari, vi offre un supporto personalizzato per tutto il ciclo di vita del vostro impianto.<\/p>\n                <\/div>\n                                <\/div>\n<\/section>\n\n<div class=\"space xsmall-space \">\n    <\/div>\n\n<section  class=\"list\">\n    <div class=\"list-container\">\n                                                    <div class=\"list-two-columns\">\n            <h4>Come possiamo prevenire l\u2019obsolescenza dei nostri macchinari?<\/h4>\n                <div class=\"list-two-columns-first\">\n                            <img decoding=\"async\" src=\"https:\/\/dv-group.com\/app\/uploads\/2023\/08\/commercial-DV-GROUP-scaled-e1693923294991.jpg\" alt=\"\">\n                                        <p><strong>Audit dei macchinari<\/strong>: la diagnosi dei macchinari permette di avere un quadro generale dello stato degli impianti di automazione (obsolescenza, stock, criticit\u00e0, ecc.).<\/p>\n<p>La diagnostica permette di elaborare un piano d\u2019azione dettagliato e basato sulle priorit\u00e0 per garantire la disponibilit\u00e0 degli impianti di produzione (ammodernamento, contratti per le parti di ricambio, ecc.)<\/p>\n<p>&nbsp;<\/p>\n                    <\/div>\n                <div class=\"list-two-columns-second\">\n                            <img decoding=\"async\" src=\"https:\/\/dv-group.com\/app\/uploads\/2023\/09\/monitoring-bd-scaled.jpg\" alt=\"Contr\u00f4le Pr\u00e9dictif monitoring\">\n                                        <p><strong>Controllo predittivo <\/strong>: monitorare la performance dei macchinari e rilevare i segni di obsolescenza grazie al Controllo Predittivo OFFLINE e ONLINE. I nostri esperti identificheranno tempestivamente i potenziali problemi e adotteranno le misure appropriate.<\/p>\n                    <\/div>\n    <\/div>                <hr>\n                                                <div class=\"list-full-width\">\n        <h4>Quali sono le migliori pratiche per gestire l\u2019obsolescenza delle attrezzature?<\/h4>\n<p>Manutenzione preventiva elettromeccanica ed elettronica : mettiamo a punto un programma di manutenzione preventiva per prolungare la vita dei vostri macchinari, ridurre i guasti e il rischio di obsolescenza precoce.<\/p>\n    <\/div>\n                <hr>\n                                                <div class=\"list-full-width\">\n        <h4>Ci sono aggiornamenti software o retrofit in grado di prolungare la vita dei macchinari esistenti?<\/h4>\n<div class=\"two-col\">\n<p><strong>Abbiamo sviluppato l\u2019offerta \u201cUPGRADE\u201d, che mira a:\u00a0\u00a0<\/strong><\/p>\n<p>Gestire il Carry over<\/p>\n<p>Potenziare i piani di manutenzione<\/p>\n<p>Garantire il controllo tecnico<\/p>\n<p>Garantire la disponibilit\u00e0 dei macchinari<\/p>\n<p>Aumentare la produttivit\u00e0<\/p>\n<p>&nbsp;<\/p>\n<p>Come?<\/p>\n<ul>\n<li>Analizzare: attrezzature e scorte<\/li>\n<li>Correggere \/ rendere sicuro:<\/li>\n<li>Rendere affidabile (proattivit\u00e0)<\/li>\n<\/ul>\n<div><\/div>\n<\/div>\n    <\/div>\n                <hr>\n                                                <div class=\"list-full-width\">\n        <h4>Quali sono le opzioni disponibili per modernizzare o sostituire i macchinari obsoleti?<\/h4>\n<p>Modernizzazione e sostituzione: la nostra BU ENGINEERING modernizza o sostituisce le apparecchiature obsolete. Ci\u00f2 pu\u00f2 comportare aggiornamenti software, retrofit per incorporare nuove funzionalit\u00e0 o la sostituzione con macchinari pi\u00f9 recenti e performanti.<\/p>\n    <\/div>\n                <hr>\n                                                <div class=\"list-full-width\">\n        <h4>Quali sono i vantaggi di un approccio proattivo in termini di gestione dell\u2019obsolescenza rispetto a un approccio reattivo?<\/h4>\n<p>Un approccio proattivo per la gestione dell\u2019obsolescenza \u00e8 in grado di prevenire i guasti, ridurre i costi, migliorare la performance, gestire al meglio i rischi e favorire la durabilit\u00e0. Offre molti vantaggi rispetto a un approccio reattivo che si limita ad affrontare i problemi quando si presentano.<\/p>\n    <\/div>\n                <hr>\n                        <\/div>\n<\/section>\n\n<div class=\"space large-space \">\n    <\/div>","protected":false},"excerpt":{"rendered":"","protected":false},"author":3,"featured_media":8280,"parent":0,"menu_order":0,"comment_status":"closed","ping_status":"closed","template":"","meta":{"_acf_changed":false,"_seopress_robots_primary_cat":"","_seopress_titles_title":"Gestione dell\u2019obsolescenza","_seopress_titles_desc":"Garantire quotidianamente la disponibilit\u00e0 degli impianti \u00e8 una sfida importante, essendo un requisito fondamentale per soddisfare le esigenze di un determinato ambiente e reagire tempestivamente in situazioni di emergenza.\r\n\r\nDV GROUP, grazie a tre &quot;Business Unit&quot; complementari, vi offre un supporto personalizzato per tutto il ciclo di vita del vostro impianto.","_seopress_robots_index":"","footnotes":""},"class_list":["post-9115","page","type-page","status-publish","has-post-thumbnail","hentry"],"acf":[],"publishpress_future_action":{"enabled":false,"date":"2026-04-18 12:26:03","action":"change-status","newStatus":"draft","terms":[],"taxonomy":"translation_priority","extraData":[]},"publishpress_future_workflow_manual_trigger":{"enabledWorkflows":[]},"_links":{"self":[{"href":"https:\/\/dv-group.com\/it\/wp-json\/wp\/v2\/pages\/9115","targetHints":{"allow":["GET"]}}],"collection":[{"href":"https:\/\/dv-group.com\/it\/wp-json\/wp\/v2\/pages"}],"about":[{"href":"https:\/\/dv-group.com\/it\/wp-json\/wp\/v2\/types\/page"}],"author":[{"embeddable":true,"href":"https:\/\/dv-group.com\/it\/wp-json\/wp\/v2\/users\/3"}],"replies":[{"embeddable":true,"href":"https:\/\/dv-group.com\/it\/wp-json\/wp\/v2\/comments?post=9115"}],"version-history":[{"count":19,"href":"https:\/\/dv-group.com\/it\/wp-json\/wp\/v2\/pages\/9115\/revisions"}],"predecessor-version":[{"id":9174,"href":"https:\/\/dv-group.com\/it\/wp-json\/wp\/v2\/pages\/9115\/revisions\/9174"}],"wp:featuredmedia":[{"embeddable":true,"href":"https:\/\/dv-group.com\/it\/wp-json\/wp\/v2\/media\/8280"}],"wp:attachment":[{"href":"https:\/\/dv-group.com\/it\/wp-json\/wp\/v2\/media?parent=9115"}],"curies":[{"name":"wp","href":"https:\/\/api.w.org\/{rel}","templated":true}]}}