{"id":7940,"date":"2023-08-21T15:13:27","date_gmt":"2023-08-21T13:13:27","guid":{"rendered":"http:\/\/www.dv-group.com\/mentions-legales\/"},"modified":"2023-09-22T09:53:57","modified_gmt":"2023-09-22T07:53:57","slug":"mentions-legales","status":"publish","type":"page","link":"https:\/\/dv-group.com\/it\/mentions-legales\/","title":{"rendered":"Informazioni legali"},"content":{"rendered":"<section  class=\"legal\">\n    <div class=\"container\">\n        <h1>Informazioni legali<\/h1>\n                    <div class=\"legal--content\">\n                <div>\n<h2><strong><span lang=\"EN-US\">Editore del sito<\/span><\/strong><\/h2>\n<\/div>\n<p><strong>DV GROUP<\/strong><br \/>\n16 Rue de l\u2019Usine<br \/>\n62 140 GRIGNY<\/p>\n<p><a href=\"mailto:caroline.pillien@dv-group.com\">caroline.pillien@dv-group.com<\/a><\/p>\n<div>\n<h2><strong><span lang=\"EN-US\">Creazione e hosting del sito<\/span><\/strong><\/h2>\n<\/div>\n<div><span lang=\"EN-US\">Sito ospitato da: <\/span> OVH, 2 Rue Kellermann, 59100 Roubaix<\/p>\n<div><span lang=\"FR\">Sito realizzato da:<\/span><\/div>\n<\/div>\n<p>Les Enchanteurs<br \/>\n40 Place du Th\u00e9\u00e2tre<br \/>\n59800 Lille \u2013 France<br \/>\n+33 (0)3 28 04 02 30<br \/>\n<a href=\"http:\/\/www.lesenchanteurs.fr\" target=\"_blank\" rel=\"noopener\">www.lesenchanteurs.fr<\/a><\/p>\n<div>\n<h2><strong><span lang=\"FR\">Dichiarazione CNIL<\/span><\/strong><\/h2>\n<\/div>\n<div>\n<p><span lang=\"FR\">Il sito www.dv-group.fr \u00e8 registrato presso la Commissione nazionale dell\u2019informatica e delle libert\u00e0 con il numero 899163.<\/span><\/p>\n<\/div>\n<div>\n<h2><strong><span lang=\"FR\">Riservatezza \u2013 Dati personali<\/span><\/strong><\/h2>\n<\/div>\n<div>\n<p><span lang=\"FR\">Tutti i dati personali raccolti sul sito sono trattati con la massima riservatezza. Ricordiamo agli utenti che dispongono dei diritti di accesso, modifica, rettifica e rimozione dei loro dati personali (art. 34 della legge sull\u2019informatica e le libert\u00e0 del 6 gennaio 1978). Per esercitare questi diritti, contattare:<\/span><\/p>\n<\/div>\n<p><strong>DV GROUP<\/strong><br \/>\n16 Rue de l\u2019Usine<br \/>\n62 140 GRIGNY<br \/>\nT\u00e9l. : 0.825.825.826<br \/>\nFax : 0.825.825.006<br \/>\nMail : contact@dv-groupe.com<\/p>\n<div>\n<h2><strong><span lang=\"FR\">Esclusione di responsabilit\u00e0<\/span><\/strong><\/h2>\n<\/div>\n<div>\n<p><span lang=\"FR\">DV GROUP ha solo l\u2019obbligo di fornire risorse per tutte le fasi e le funzionalit\u00e0 del sito. La Societ\u00e0 DV GROUP declina qualsiasi responsabilit\u00e0 derivante da eventuali inconvenienti o guasti relativi all\u2019utilizzo della rete Internet, in particolare interruzione del servizio, intrusione esterna o presenza di virus informatici nonch\u00e9 derivante da eventi di forza maggiore, in conformit\u00e0 con la legge applicabile.<\/span><\/p>\n<\/div>\n<div>\n<h2><strong><span lang=\"FR\">Propriet\u00e0 intellettuale<\/span><\/strong><\/h2>\n<\/div>\n<div>\n<p><span lang=\"FR\">Tutti gli elementi del sito dv-group.com, inclusi i documenti disponibili per il download, sono protetti dal diritto di autore, dei marchi o dei brevetti. <\/span><span lang=\"EN-US\">Sono di propriet\u00e0 esclusiva della Societ\u00e0 DV GROUP. Pertanto, \u00e8 vietato riprodurre, copiare, rappresentare, divulgare, modificare, concedere, in parte o in toto, in qualsiasi circostanza e modalit\u00e0, qualsiasi elemento riprodotto sul sito cos\u00ec come il sito stesso, in parte o in toto, senza il previo consenso esplicito del DV GROUP.<\/span><\/p>\n<\/div>\n<div>\n<h2><strong><span lang=\"EN-US\">Periodo di validit\u00e0<\/span><\/strong><\/h2>\n<\/div>\n<div>\n<p><span lang=\"EN-US\">Le presenti condizioni si applicano per tutto il periodo di disponibilit\u00e0 online dei servizi offerti dalla Societ\u00e0 DV GROUP sul sito dv-group.com<\/span><\/p>\n<\/div>\n<div>\n<h2><strong><span lang=\"FR\">Legge applicabile e foro competente<\/span><\/strong><\/h2>\n<\/div>\n<div>\n<p><span lang=\"FR\">Le presenti condizioni sono disciplinate dalla legge francese. In caso di litigio e nell\u2019impossibilit\u00e0 di raggiungere un accordo amichevole tra le parti, l\u2019attribuzione della competenza \u00e8 affidata ai tribunali francesi.<\/span><\/p>\n<\/div>\n<div>\n<h2><strong><span lang=\"FR\">Contenuto editoriale<\/span><\/strong><\/h2>\n<\/div>\n<p>DV GROUP<\/p>\n            <\/div>\n            <\/div>\n<\/section>","protected":false},"excerpt":{"rendered":"","protected":false},"author":12,"featured_media":0,"parent":0,"menu_order":0,"comment_status":"closed","ping_status":"closed","template":"","meta":{"_acf_changed":false,"_seopress_robots_primary_cat":"","_seopress_titles_title":"Informazioni legali - DV Group","_seopress_titles_desc":"DV GROUP Informazioni legali","_seopress_robots_index":"","footnotes":""},"class_list":["post-7940","page","type-page","status-publish","hentry"],"acf":[],"publishpress_future_action":{"enabled":false,"date":"2026-04-16 07:41:38","action":"change-status","newStatus":"draft","terms":[],"taxonomy":"translation_priority","extraData":[]},"publishpress_future_workflow_manual_trigger":{"enabledWorkflows":[]},"_links":{"self":[{"href":"https:\/\/dv-group.com\/it\/wp-json\/wp\/v2\/pages\/7940","targetHints":{"allow":["GET"]}}],"collection":[{"href":"https:\/\/dv-group.com\/it\/wp-json\/wp\/v2\/pages"}],"about":[{"href":"https:\/\/dv-group.com\/it\/wp-json\/wp\/v2\/types\/page"}],"author":[{"embeddable":true,"href":"https:\/\/dv-group.com\/it\/wp-json\/wp\/v2\/users\/12"}],"replies":[{"embeddable":true,"href":"https:\/\/dv-group.com\/it\/wp-json\/wp\/v2\/comments?post=7940"}],"version-history":[{"count":2,"href":"https:\/\/dv-group.com\/it\/wp-json\/wp\/v2\/pages\/7940\/revisions"}],"predecessor-version":[{"id":8065,"href":"https:\/\/dv-group.com\/it\/wp-json\/wp\/v2\/pages\/7940\/revisions\/8065"}],"wp:attachment":[{"href":"https:\/\/dv-group.com\/it\/wp-json\/wp\/v2\/media?parent=7940"}],"curies":[{"name":"wp","href":"https:\/\/api.w.org\/{rel}","templated":true}]}}