{"id":9820,"date":"2023-09-10T20:19:20","date_gmt":"2023-09-10T18:19:20","guid":{"rendered":"http:\/\/www.dv-group.com\/?page_id=9820"},"modified":"2025-07-28T16:03:19","modified_gmt":"2025-07-28T14:03:19","slug":"control","status":"publish","type":"page","link":"https:\/\/dv-group.com\/es\/control\/","title":{"rendered":"Control"},"content":{"rendered":"<section class=\"hero-secondary minified page-expertise  \">\n    <div class=\"container\">\n                    <div class=\"hero-secondary--content\">\n                <p class=\"uptitle\"><span style=\"color: #3ea2f7;\">Nuestros servicios especializados<\/span><\/p>\n<h1>Control<\/h1>\n            <\/div>\n                            <img decoding=\"async\" src=\"https:\/\/dv-group.com\/app\/uploads\/2023\/09\/Expertise-Controle-scaled.jpeg\" alt=\"Contr\u00f4le DV GROUP\">\n        <\/section>\n    <div class=\"subnav hover-effect\">\n                    <style>\n                .hero-secondary.minified {\n                    padding-bottom: 96px;\n                }\n            <\/style>\n            <nav>\n                <ul>\n                                                                                                        <li class=\"mobile-only\">\n                                    <a href=\"https:\/\/dv-group.com\/es\/control\/\">Control<\/a>\n                                    <span class=\"dropdown\"><\/span>\n                                <\/li>\n                                                                                                                                                                                                                                                        <li class=\"active \">\n                                <a href=\"https:\/\/dv-group.com\/es\/control\/\">Control<\/a>\n                                                                                                                                <\/li>\n                                                    <li class=\"\">\n                                <a href=\"https:\/\/dv-group.com\/es\/control-predictivo\/\">Control predictivo<\/a>\n                                                            <\/li>\n                                                    <li class=\"\">\n                                <a href=\"https:\/\/dv-group.com\/es\/control-de-datos\/\">Control de Datos<\/a>\n                                                            <\/li>\n                                                            <\/ul>\n                <span class=\"border\"><\/span>\n            <\/nav>\n            <\/div>\n\n\n<div class=\"space large-space \">\n    <\/div>\n\n<section  class=\"bloc-content -content  \">\n    <div class=\"container\">\n                                            <div class=\"txt-img--content\">\n                    <h4 style=\"text-align: center;\">CONTROL de DV GROUP combina<\/h4>\n                <\/div>\n                                <\/div>\n<\/section>\n\n<div class=\"space xsmall-space \">\n    <\/div>\n\n<!-- Start Solutions -->\n<section data-section=controle-dv-group class=\"solutions\">\n    <div class=\"solutions-container\">\n                            <div class=\"solutions-cards-container\">\n                                                                                <div class=\"solution-card\">\n                            <a href=\"https:\/\/dv-group.com\/es\/control-predictivo\/\">\n                                                                    <img decoding=\"async\" src=\"https:\/\/dv-group.com\/app\/uploads\/2023\/09\/monitoring-bd-scaled.jpg\" alt=\"Contr\u00f4le Pr\u00e9dictif monitoring\">\n                                                                <div class=\"diag-arrow-btn\"><\/div>\n                                <div class=\"title-container\">\n                                                                            <p class=\"uptitle\">Soluciones<\/p>\n<h4>Control predictivo<\/h4>\n                                                                    <\/div>\n                            <\/a>\n                        <\/div>\n                                                                                                    <div class=\"solution-card\">\n                            <a href=\"https:\/\/dv-group.com\/es\/control-de-datos\/\">\n                                                                    <img decoding=\"async\" src=\"https:\/\/dv-group.com\/app\/uploads\/2023\/08\/tablet-min-scaled.jpg\" alt=\"\">\n                                                                <div class=\"diag-arrow-btn\"><\/div>\n                                <div class=\"title-container\">\n                                                                            <p class=\"uptitle\">Soluciones<\/p>\n<h4>Control de Datos<\/h4>\n                                                                    <\/div>\n                            <\/a>\n                        <\/div>\n                                                <\/div>\n            <\/div>\n<\/section>\n<!-- End Solutions -->\n\n<div class=\"space large-space \">\n    <\/div>\n\n<section  class=\"bloc-content -content  \">\n    <div class=\"container\">\n                                            <div class=\"txt-img--content\">\n                    <h4 style=\"text-align: center;\"><span style=\"color: #10a9eb;\">Que ofrecen ventajas significativas para la industria:<\/span><\/h4>\n                <\/div>\n                                <\/div>\n<\/section>\n\n<div class=\"space xsmall-space \">\n    <\/div>\n\n\n<section  class=\"grid-enjeux\">\n    <div class=\"container\">\n                                    <div class=\"card picto full\">\n                                            <div class=\"img\">\n                            <img decoding=\"async\" src=\"https:\/\/dv-group.com\/app\/uploads\/2023\/09\/main-euro-cyan.png\" alt=\"\">\n                        <\/div>\n                                                                <h4>Reducci\u00f3n de los costes de mantenimiento<\/h4>\n                                    <\/div>\n                            <div class=\"card picto full\">\n                                            <div class=\"img\">\n                            <img decoding=\"async\" src=\"https:\/\/dv-group.com\/app\/uploads\/2023\/09\/picto-qualite-copie.png\" alt=\"\">\n                        <\/div>\n                                                                <h4>Mejora de la disponibilidad de los equipos<\/h4>\n                                    <\/div>\n                            <div class=\"card picto full\">\n                                            <div class=\"img\">\n                            <img decoding=\"async\" src=\"https:\/\/dv-group.com\/app\/uploads\/2023\/09\/prolongation-duree-vie-produit.png\" alt=\"\">\n                        <\/div>\n                                                                <h4>Prolongaci\u00f3n de la vida \u00fatil de los equipos<\/h4>\n                                    <\/div>\n                            <div class=\"card picto full\">\n                                            <div class=\"img\">\n                            <img decoding=\"async\" src=\"https:\/\/dv-group.com\/app\/uploads\/2023\/09\/planning.png\" alt=\"Planification maintenance\">\n                        <\/div>\n                                                                <h4>Optimizaci\u00f3n de la planificaci\u00f3n del mantenimiento<\/h4>\n                                    <\/div>\n                            <div class=\"card picto full\">\n                                            <div class=\"img\">\n                            <img decoding=\"async\" src=\"https:\/\/dv-group.com\/app\/uploads\/2023\/09\/securite-cyan.png\" alt=\"\">\n                        <\/div>\n                                                                <h4>Mejora de la seguridad<\/h4>\n                                    <\/div>\n                            <div class=\"card picto full\">\n                                            <div class=\"img\">\n                            <img decoding=\"async\" src=\"https:\/\/dv-group.com\/app\/uploads\/2023\/09\/ECLAIR_bleu.png\" alt=\"\">\n                        <\/div>\n                                                                <h4>Reducci\u00f3n del consumo de energ\u00eda<\/h4>\n                                    <\/div>\n                        <\/div>\n<\/section>\n\n<div class=\"space small-space \">\n    <\/div>\n\n<div class=\"space medium-space \">\n    <\/div>\n\n<section  class=\"bloc-content -content  \">\n    <div class=\"container\">\n                                            <div class=\"txt-img--content\">\n                    <p style=\"text-align: center;\">CONTROL de DV GROUP le permite adoptar un enfoque proactivo del mantenimiento, optimizar sus operaciones, mejorar su rentabilidad global y alcanzar la excelencia operativa.<\/p>\n                <\/div>\n                                <\/div>\n<\/section>\n\n<div class=\"space large-space \">\n    <\/div>\n\n<section data-section=eje class=\"expertise container   \">\n    <div class=\"expertise-header\">\n        <div class=\"slider-title-category\">\n                            <p class=\"uptitle\">Nuestros servicios especializados<\/p>\n<h2>Nuestros servicios especializados, tambi\u00e9n significa\u2026<\/h2>\n                    <\/div>\n    <\/div>\n            <div class=\"expertise-container two-columns\">\n                            <div class=\"img-container\">\n                                            <a href=\"https:\/\/dv-group.com\/ingenierie\/\">\n                                                                            <img decoding=\"async\" src=\"https:\/\/dv-group.com\/app\/uploads\/2023\/08\/inge-min-scaled.jpg\" alt=\"https:\/\/dv-group.com\/app\/uploads\/2023\/08\/inge-min-scaled.jpg\">\n                                                <div class=\"card-content\">\n                                                            <div class=\"up-part-container\">\n                                    <p class=\"uptitle\">Nuestros servicios especializados<\/p>\n<h2>ENGINEERING<\/h2>\n                                <\/div>\n                                                                                        <div class=\"expertise-card-content\">\n                                    <p>Desde el dise\u00f1o hasta la integraci\u00f3n de soluciones en automatizaci\u00f3n, rob\u00f3tica e ingenier\u00eda digital, trabajamos para la transformaci\u00f3n de sus f\u00e1bricas.<\/p>\n                                <\/div>\n                                                    <\/div>\n                        <button class=\"diag-arrow-btn\"><\/button>\n                                                <\/a>\n                                    <\/div>\n                            <div class=\"img-container\">\n                                            <a href=\"https:\/\/dv-group.com\/maintenance\/\">\n                                                                            <img decoding=\"async\" src=\"https:\/\/dv-group.com\/app\/uploads\/2023\/08\/engine.jpg\" alt=\"https:\/\/dv-group.com\/app\/uploads\/2023\/08\/engine.jpg\">\n                                                <div class=\"card-content\">\n                                                            <div class=\"up-part-container\">\n                                    <p class=\"uptitle\">Nuestros servicios especializados<\/p>\n<h2>MAINTENANCE<\/h2>\n                                <\/div>\n                                                                                        <div class=\"expertise-card-content\">\n                                    <p>Nuestra oferta de mantenimiento integral garantiza la disponibilidad y seguridad de sus equipos: electromec\u00e1nicos, electr\u00f3nicos y servomotores.<\/p>\n                                <\/div>\n                                                    <\/div>\n                        <button class=\"diag-arrow-btn\"><\/button>\n                                                <\/a>\n                                    <\/div>\n                    <\/div>\n        <div class=\"expertise--nav-buttons blue\"><\/div>\n    <\/section>\n<!-- end expertise -->\n\n<div class=\"space large-space \">\n    <\/div>","protected":false},"excerpt":{"rendered":"","protected":false},"author":4,"featured_media":4421,"parent":0,"menu_order":0,"comment_status":"closed","ping_status":"closed","template":"","meta":{"_acf_changed":false,"_seopress_robots_primary_cat":"","_seopress_titles_title":"Control","_seopress_titles_desc":"CONTROL de DV GROUP le permite adoptar un enfoque proactivo del mantenimiento, optimizar sus operaciones, mejorar su rentabilidad global y alcanzar la excelencia operativa.","_seopress_robots_index":"","footnotes":""},"class_list":["post-9820","page","type-page","status-publish","has-post-thumbnail","hentry"],"acf":[],"publishpress_future_action":{"enabled":false,"date":"2026-04-23 18:55:44","action":"change-status","newStatus":"draft","terms":[],"taxonomy":"translation_priority","extraData":[]},"publishpress_future_workflow_manual_trigger":{"enabledWorkflows":[]},"_links":{"self":[{"href":"https:\/\/dv-group.com\/es\/wp-json\/wp\/v2\/pages\/9820","targetHints":{"allow":["GET"]}}],"collection":[{"href":"https:\/\/dv-group.com\/es\/wp-json\/wp\/v2\/pages"}],"about":[{"href":"https:\/\/dv-group.com\/es\/wp-json\/wp\/v2\/types\/page"}],"author":[{"embeddable":true,"href":"https:\/\/dv-group.com\/es\/wp-json\/wp\/v2\/users\/4"}],"replies":[{"embeddable":true,"href":"https:\/\/dv-group.com\/es\/wp-json\/wp\/v2\/comments?post=9820"}],"version-history":[{"count":5,"href":"https:\/\/dv-group.com\/es\/wp-json\/wp\/v2\/pages\/9820\/revisions"}],"predecessor-version":[{"id":17161,"href":"https:\/\/dv-group.com\/es\/wp-json\/wp\/v2\/pages\/9820\/revisions\/17161"}],"wp:featuredmedia":[{"embeddable":true,"href":"https:\/\/dv-group.com\/es\/wp-json\/wp\/v2\/media\/4421"}],"wp:attachment":[{"href":"https:\/\/dv-group.com\/es\/wp-json\/wp\/v2\/media?parent=9820"}],"curies":[{"name":"wp","href":"https:\/\/api.w.org\/{rel}","templated":true}]}}