{"id":9155,"date":"2023-08-21T11:47:45","date_gmt":"2023-08-21T09:47:45","guid":{"rendered":"http:\/\/www.dv-group.com\/le-groupe\/"},"modified":"2026-01-08T09:49:51","modified_gmt":"2026-01-08T08:49:51","slug":"le-groupe","status":"publish","type":"page","link":"https:\/\/dv-group.com\/es\/le-groupe\/","title":{"rendered":"El grupo"},"content":{"rendered":"<section class=\"hero-tertiary\">\n    <div class=\"container\">\n                    <p class=\"title\">El grupo<\/p>\n                            <div class=\"hero-tertiary--baseline\">\n                                    <img decoding=\"async\" src=\"https:\/\/dv-group.com\/app\/uploads\/2023\/09\/Baseline-We-Perform-Together-Lines.png\" alt=\"\" class=\"baseline-mob\">\n                                                    <img decoding=\"async\" src=\"https:\/\/dv-group.com\/app\/uploads\/2023\/09\/Baseline-We-Perform-Together-One-Line.png\" alt=\"\" class=\"baseline-desk\">\n                            <\/div>\n                                    <a href=\"#\" class=\"circle-btn down\"><\/a>\n            <\/div>\n            <img decoding=\"async\" src=\"https:\/\/dv-group.com\/app\/uploads\/2023\/08\/imghero-min-scaled.jpg\" alt=\"\">\n    <\/section>\n\n<div class=\"space large-space \">\n    <\/div>\n\n<section  class=\"bloc-content -content  \">\n    <div class=\"container\">\n                                            <div class=\"txt-img--content\">\n                    <p class=\"uptitle\" style=\"text-align: center;\">Presentaci\u00f3n<\/p>\n<h2 style=\"text-align: center;\">Qui\u00e9nes somos ?<\/h2>\n<div>\n<p class=\"paragraph\" style=\"text-align: center;\"><strong><span class=\"normaltextrun\"><span lang=\"ES\">DV GROUP es un equipo de 280 colaboradores que trabajan duro cada d\u00eda para satisfacer a sus clientes<\/span><\/span><span class=\"eop\"><span lang=\"ES\">. <\/span><\/span><\/strong><\/p>\n<\/div>\n<div>\n<p class=\"paragraph\" style=\"text-align: center;\"><span class=\"normaltextrun\"><span lang=\"ES\">Nuestras 3 \u00e1reas de especializaci\u00f3n complementarias nos convierten en l\u00edderes europeos en INGENIER\u00cdA, MANTENIMIENTO y CONTROL<i>. <\/i>La mejora a trav\u00e9s de la ingenier\u00eda, la conservaci\u00f3n de soluciones a trav\u00e9s del mantenimiento y la proyecci\u00f3n a trav\u00e9s del control nos permiten proporcionar a nuestros clientes una visi\u00f3n de 360\u00b0 de la eficacia de sus procesos y garantizan su agilidad y flexibilidad. <\/span><\/span><span class=\"eop\"><span lang=\"ES\">\u00a0<\/span><\/span><\/p>\n<\/div>\n<div>\n<p class=\"paragraph\" style=\"text-align: center;\"><span class=\"normaltextrun\"><span lang=\"ES\">Plenamente implicado en el desarrollo de la industria del futuro, DV GROUP participa en esta transformaci\u00f3n industrial como integrador 4.0. Desarrollamos soluciones dedicadas a los nuevos retos econ\u00f3micos, sociales y medioambientales de la Industria 4.0<\/span><\/span><span class=\"eop\"><span lang=\"ES\">. <\/span><\/span><\/p>\n<\/div>\n                <\/div>\n                                <\/div>\n<\/section>\n\n<section  class=\"ceo-quotes\">\n    <div class=\"ceo-quotes-container container\">\n        <div class=\"first-container\">\n                            <p><span style=\"color: #3ea2f7;\">DV GROUP<\/span><\/p>\n<h2>Acompa\u00f1arle y responder a sus desaf\u00edos industriales, esa es la misi\u00f3n de DV GROUP.<\/h2>\n<p>Durante 60 a\u00f1os, trabajamos cada d\u00eda para satisfacerlo, a trav\u00e9s de hombres y mujeres ambiciosos, visionarios y comprometidos con la industria. DV GROUP es un equipo conquistador y unido, en torno a los mismos valores: CONFIANZA y EXCELENCIA.<\/p>\n<p>&nbsp;<\/p>\n<p>&nbsp;<\/p>\n<p>&nbsp;<\/p>\n                                <\/div>\n        <div class=\"second-container\">\n                            <p>&#8220;El sector industrial vuelve a ser importante, las f\u00e1bricas vuelven a ser un valor&#8221; <\/p>\n                        <div class=\"quotes-infos\">\n                                    <p>Pierre Vandenhove<\/p>\n                                                    <p>Ejecutivo<\/p>\n                            <\/div>\n                            <div class=\"img-container\">\n                    <img decoding=\"async\" src=\"https:\/\/dv-group.com\/app\/uploads\/2023\/09\/HP_Pierre_Vandehove.png\" alt=\"\">\n                <\/div>\n                    <\/div>\n    <\/div>\n<\/section>\n\n<section class=\"keyNumbers-slider\">\n    <div class=\"keyNumbers-container\">\n                    <h2>DV GROUP en cifras<\/h2>\n                            <div class=\"keynumbers \">\n                <div class=\"keyNumbers-slider-container owl-carousel\">\n                                                                    <div class=\"keynumbers--item\">\n                                                            <span class=\"num\">350<\/span>\n                                                                                        <span class=\"label\">colaboradores<\/span>\n                                                                                <\/div>\n                                                                    <div class=\"keynumbers--item\">\n                                                            <span class=\"num\">19<\/span>\n                                                                                        <span class=\"label\">centros t\u00e9cnicos y comerciales en Europa <\/span>\n                                                                                        <span class=\"txt\">France, Allemagne, Autriche, Espagne, Italie, Portugal, BENELUX<\/span>\n                                                    <\/div>\n                                                                    <div class=\"keynumbers--item\">\n                                                            <span class=\"num\">50<\/span>\n                                                                                        <span class=\"label\">millones de euros de facturaci\u00f3n<\/span>\n                                                                                <\/div>\n                                                                    <div class=\"keynumbers--item\">\n                                                            <span class=\"num\">60<\/span>\n                                                                                        <span class=\"label\">a\u00f1os de experiencia en INGENIER\u00cdA, MANTENIMIENTO y CONTROL <\/span>\n                                                                                <\/div>\n                                    <\/div>\n                <div class=\"keyNumbers-slider-control\"><\/div>\n            <\/div>\n            <\/div>\n<\/section>\n\n<section  class=\"slider-history\">\n    <div class=\"slider-history-container container\">\n                    <p class=\"uptitle\" style=\"text-align: center;\">Nuestra historia<\/p>\n<h2 style=\"text-align: center;\">DV GROUP, un lider europeo<\/h2>\n<div>\n<p class=\"paragraph\"><span class=\"normaltextrun\"><span lang=\"ES\">Durante m\u00e1s de 60 a\u00f1os, nuestra historia ha sido escrita por hombres y mujeres ambiciosos, visionarios y comprometidos con la industria. Estrategias de inversi\u00f3n constantes, asociaciones con los grandes nombres de la industria y la excelencia de cada individuo han hecho de DV GROUP un l\u00edder europeo<\/span><\/span><span class=\"eop\"><span lang=\"ES\">. <\/span><\/span><\/p>\n<\/div>\n                            <div class=\"slider-history-card-container owl-carousel\">\n                                                        <div class=\"slider-history-card\">\n                                                    <div class=\"slider-history-card-date\">\n                                <p>1965<\/p>\n                            <\/div>\n                                                                            <h4>Creaci\u00f3n de la empresa Luc Devos<\/h4>\n                                            <\/div>\n                                                        <div class=\"slider-history-card\">\n                                                    <div class=\"slider-history-card-date\">\n                                <p>1990<\/p>\n                            <\/div>\n                                                                            <h4>Devos Vandenhove, un actor regional<\/h4>\n<p>&nbsp;<\/p>\n                                            <\/div>\n                                                        <div class=\"slider-history-card\">\n                                                    <div class=\"slider-history-card-date\">\n                                <p>2000<\/p>\n                            <\/div>\n                                                                            <h4>Devos Vandenhove, un actor nacional<\/h4>\n                                            <\/div>\n                                                        <div class=\"slider-history-card\">\n                                                    <div class=\"slider-history-card-date\">\n                                <p>2018<\/p>\n                            <\/div>\n                                                                            <h4>DV GROUP, un lider europeo<\/h4>\n<p>&nbsp;<\/p>\n                                            <\/div>\n                            <\/div>\n            <div class=\"slider-histoire-control owl-nav blue\"><\/div>\n        <\/section>\n\n<div class=\"space large-space \">\n    <\/div>\n\n<section  class=\"bloc-content -content  \">\n    <div class=\"container\">\n                                            <div class=\"txt-img--content\">\n                    <p class=\"uptitle\">Nuestros valores<\/p>\n<h2>Confianza y excelencia<span style=\"font-size: 16px;\">\u00a0<\/span><\/h2>\n<div class=\"two-col\">\n<div>\n<p class=\"paragraph\"><span class=\"normaltextrun\"><span lang=\"ES\">DV GROUP es un equipo Ganador y Unido en torno a los mismos valores: CONFIANZA y EXCELENCIA, y reconocido por el compromiso y la experiencia de cada uno de sus miembros. <\/span><\/span><span class=\"eop\"><span lang=\"ES\">\u00a0<\/span><\/span><\/p>\n<\/div>\n<p><img loading=\"lazy\" decoding=\"async\" class=\"alignnone size-medium wp-image-9180\" src=\"http:\/\/preprod.dv-group.weareled.fr\/app\/uploads\/2023\/09\/Valeurs_confiance-excellence_ESP-300x106.png\" alt=\"\" width=\"300\" height=\"106\" srcset=\"https:\/\/dv-group.com\/app\/uploads\/2023\/09\/Valeurs_confiance-excellence_ESP-300x106.png 300w, https:\/\/dv-group.com\/app\/uploads\/2023\/09\/Valeurs_confiance-excellence_ESP-1024x362.png 1024w, https:\/\/dv-group.com\/app\/uploads\/2023\/09\/Valeurs_confiance-excellence_ESP-768x271.png 768w, https:\/\/dv-group.com\/app\/uploads\/2023\/09\/Valeurs_confiance-excellence_ESP-1536x542.png 1536w, https:\/\/dv-group.com\/app\/uploads\/2023\/09\/Valeurs_confiance-excellence_ESP-2048x723.png 2048w\" sizes=\"auto, (max-width: 300px) 100vw, 300px\" \/><\/p>\n<\/div>\n                <\/div>\n                                <\/div>\n<\/section>\n\n<div class=\"space large-space \">\n    <\/div>\n\n<section  class=\"slider-logos\">\n    <div class=\"slider-logos-container container\">\n        <div class=\"slider-header\">\n                            <div class=\"slider-title-category\">\n                    <p class=\"uptitle\">Nuestros socios<\/p>\n<h2>Descubre a nuestros socios<\/h2>\n                <\/div>\n                        <div class=\"slider-logos-control desktop\"><\/div>\n        <\/div>\n                    <ul class=\"slider-logos-container-cards owl-carousel \">\n                                                                                <li><img decoding=\"async\" src=\"https:\/\/dv-group.com\/app\/uploads\/2023\/09\/edf.png\" alt=\"\"><\/li>\n                                                                                                    <li><img decoding=\"async\" src=\"https:\/\/dv-group.com\/app\/uploads\/2023\/08\/footer-partners-fanuc-cnc.png\" alt=\"\"><\/li>\n                                                                                                    <li><img decoding=\"async\" src=\"https:\/\/dv-group.com\/app\/uploads\/2023\/08\/footer-partners-fanuc-robot.png\" alt=\"\"><\/li>\n                                                                                                    <li><img decoding=\"async\" src=\"https:\/\/dv-group.com\/app\/uploads\/2023\/08\/footer-partners-fanuc-spare.png\" alt=\"\"><\/li>\n                                                                                                    <li><img decoding=\"async\" src=\"https:\/\/dv-group.com\/app\/uploads\/2023\/08\/footer-partners-schaffner.png\" alt=\"\"><\/li>\n                                                                                                    <li><img decoding=\"async\" src=\"https:\/\/dv-group.com\/app\/uploads\/2023\/09\/siemens.png\" alt=\"\"><\/li>\n                                                <\/ul>\n                <div class=\"slider-logos-control mobil\"><\/div>\n    <\/div>\n<\/section>\n\n<div class=\"space large-space \">\n    <\/div>\n\n<section  class=\"recrutement\">\n    <div class=\"recrutement--container container\">\n        <div class=\"recrutement-content\">\n            <div class=\"recrutment-uptitle\">\n                <p>\u00danete a nosotros<\/p>\n            <\/div>\n            <!-- <h2>Il y a actuellement\n                <span> postes<\/span> \u00e0 pourvoir\n            <\/h2> -->\n            <h2>Actualmente disponemos de                <span>0 vacantes <\/span>            <\/h2>\n                            <div class=\"recrutement-description\">\n                    <p>\u00bfBuscas un grupo l\u00edder en tecnolog\u00eda, un equipo din\u00e1mico y un proyecto de carrera?<\/p>\n<p>\u00a1No esperes m\u00e1s, \u00fanete a nosotros!<\/p>\n                <\/div>\n                                        <a href=\"https:\/\/dv-group.com\/nous-rejoindre\/\" class=\"btn primary\" target=\"_self\">Unirse a nosotros<\/a>\n                                        <a href=\"https:\/\/dv-group.com\/nous-rejoindre\/\" target=\"_self\" class=\"btn secondary\">\u00bfPor qu\u00e9 trabajar en DV GROUP? <span class=\"circle-btn blue\"><\/span><\/a>\n                    <\/div>\n                    <div class=\"recrutement-img owl-carousel\">\n                                                                                <img decoding=\"async\" src=\"https:\/\/dv-group.com\/app\/uploads\/2023\/09\/recrutement-left-cta-min-scaled.jpg\" alt=\"\">\n                                                <\/div>\n            <\/div>\n<\/section>\n\n<div class=\"space large-space \">\n    <\/div>\n\n<section  class=\"expertise container   \">\n    <div class=\"expertise-header\">\n        <div class=\"slider-title-category\">\n                            <p class=\"uptitle\">Nuestros servicios especializados<\/p>\n<h3 style=\"font-weight: 400;\"><strong>Combinamos nuestras soluciones de INGENIER\u00cdA, MANTENIMIENTO Y CONTROL con nuestro conocimiento de sus procesos.<\/strong><\/h3>\n<p>&nbsp;<\/p>\n                    <\/div>\n    <\/div>\n            <div class=\"expertise-container \">\n                            <div class=\"img-container\">\n                                            <a href=\"https:\/\/dv-group.com\/es\/engineering\/\">\n                                                                            <img decoding=\"async\" src=\"https:\/\/dv-group.com\/app\/uploads\/2023\/08\/Background_ingenierie_menu-e1694441278305.jpg\" alt=\"https:\/\/dv-group.com\/app\/uploads\/2023\/08\/Background_ingenierie_menu-e1694441278305.jpg\">\n                                                <div class=\"card-content\">\n                                                            <div class=\"up-part-container\">\n                                    <p class=\"uptitle\">Nuestros servicios especializados<\/p>\n<h2>ENGINEERING<\/h2>\n                                <\/div>\n                                                                                        <div class=\"expertise-card-content\">\n                                    <p>El \u00e9xito de un proyecto industrial se basa en una identificaci\u00f3n precisa de los riesgos y una gesti\u00f3n eficaz de las fases de estudio, ejecuci\u00f3n y evoluci\u00f3n, en las cuales te acompa\u00f1amos.<\/p>\n                                <\/div>\n                                                    <\/div>\n                        <button class=\"diag-arrow-btn\"><\/button>\n                                                <\/a>\n                                    <\/div>\n                            <div class=\"img-container\">\n                                            <a href=\"https:\/\/dv-group.com\/es\/maintenance\/\">\n                                                                            <img decoding=\"async\" src=\"https:\/\/dv-group.com\/app\/uploads\/2023\/08\/Background_maintenance_menu.jpg\" alt=\"https:\/\/dv-group.com\/app\/uploads\/2023\/08\/Background_maintenance_menu.jpg\">\n                                                <div class=\"card-content\">\n                                                            <div class=\"up-part-container\">\n                                    <p class=\"uptitle\">Nuestros servicios especializados<\/p>\n<h2>MAINTENANCE<\/h2>\n                                <\/div>\n                                                                                        <div class=\"expertise-card-content\">\n                                    <div class=\"flex-1 overflow-hidden\">\n<div class=\"react-scroll-to-bottom--css-wwfoa-79elbk h-full dark:bg-gray-800\">\n<div class=\"react-scroll-to-bottom--css-wwfoa-1n7m0yu\">\n<div class=\"flex flex-col text-sm dark:bg-gray-800\">\n<div class=\"group w-full text-token-text-primary border-b border-black\/10 dark:border-gray-900\/50 bg-gray-50 dark:bg-[#444654]\" data-testid=\"conversation-turn-273\">\n<div class=\"p-4 justify-center text-base md:gap-6 md:py-6 m-auto\">\n<div class=\"flex flex-1 gap-4 text-base mx-auto md:gap-6 md:max-w-2xl lg:max-w-[38rem] xl:max-w-3xl }\">\n<div class=\"relative flex w-[calc(100%-50px)] flex-col gap-1 md:gap-3 lg:w-[calc(100%-115px)]\">\n<div class=\"flex flex-grow flex-col gap-3 max-w-full\">\n<div class=\"min-h-[20px] flex flex-col items-start gap-3 overflow-x-auto whitespace-pre-wrap break-words\">\n<div class=\"markdown prose w-full break-words dark:prose-invert light\">\n<p>L\u00edder europeo en mantenimiento industrial, DV GROUP se compromete a trav\u00e9s de su experiencia t\u00e9cnica a garantizar la disponibilidad, el rendimiento, la seguridad y la durabilidad de sus equipos: electromec\u00e1nicos, electr\u00f3nicos, servomotores, material \/ piezas de repuesto.<\/p>\n<\/div>\n<\/div>\n<\/div>\n<\/div>\n<\/div>\n<\/div>\n<\/div>\n<\/div>\n<\/div>\n<\/div>\n<\/div>\n                                <\/div>\n                                                    <\/div>\n                        <button class=\"diag-arrow-btn\"><\/button>\n                                                <\/a>\n                                    <\/div>\n                            <div class=\"img-container\">\n                                            <a href=\"https:\/\/dv-group.com\/es\/control\/\">\n                                                                            <img decoding=\"async\" src=\"https:\/\/dv-group.com\/app\/uploads\/2023\/08\/Background_controle_menu.jpg\" alt=\"https:\/\/dv-group.com\/app\/uploads\/2023\/08\/Background_controle_menu.jpg\">\n                                                <div class=\"card-content\">\n                                                            <div class=\"up-part-container\">\n                                    <p class=\"uptitle\">Nuestros servicios especializados<\/p>\n<h2>CONTROL<\/h2>\n                                <\/div>\n                                                                                        <div class=\"expertise-card-content\">\n                                    <p><span class=\"EOP SCXW230981872 BCX9\" data-ccp-props=\"{}\">El CONTROL DV GROUP le permite adoptar un enfoque proactivo en el mantenimiento, optimizar sus operaciones, mejorar su rentabilidad global y alcanzar la excelencia operativa.<\/span><\/p>\n                                <\/div>\n                                                    <\/div>\n                        <button class=\"diag-arrow-btn\"><\/button>\n                                                <\/a>\n                                    <\/div>\n                    <\/div>\n        <div class=\"expertise--nav-buttons blue\"><\/div>\n    <\/section>\n<!-- end expertise -->\n\n<div class=\"space large-space \">\n    <\/div>\n\n\n\n<div class=\"space large-space \">\n    <\/div>","protected":false},"excerpt":{"rendered":"","protected":false},"author":12,"featured_media":0,"parent":0,"menu_order":0,"comment_status":"closed","ping_status":"closed","template":"","meta":{"_acf_changed":false,"_seopress_robots_primary_cat":"","_seopress_titles_title":"El grupo","_seopress_titles_desc":"\u00a1Junto con nuestros clientes, juntos como equipo, junto con nuestros socios, alcancemos el \u00e9xito!","_seopress_robots_index":"","footnotes":""},"class_list":["post-9155","page","type-page","status-publish","hentry"],"acf":[],"publishpress_future_action":{"enabled":false,"date":"2026-04-23 19:30:14","action":"change-status","newStatus":"draft","terms":[],"taxonomy":"translation_priority","extraData":[]},"publishpress_future_workflow_manual_trigger":{"enabledWorkflows":[]},"_links":{"self":[{"href":"https:\/\/dv-group.com\/es\/wp-json\/wp\/v2\/pages\/9155","targetHints":{"allow":["GET"]}}],"collection":[{"href":"https:\/\/dv-group.com\/es\/wp-json\/wp\/v2\/pages"}],"about":[{"href":"https:\/\/dv-group.com\/es\/wp-json\/wp\/v2\/types\/page"}],"author":[{"embeddable":true,"href":"https:\/\/dv-group.com\/es\/wp-json\/wp\/v2\/users\/12"}],"replies":[{"embeddable":true,"href":"https:\/\/dv-group.com\/es\/wp-json\/wp\/v2\/comments?post=9155"}],"version-history":[{"count":8,"href":"https:\/\/dv-group.com\/es\/wp-json\/wp\/v2\/pages\/9155\/revisions"}],"predecessor-version":[{"id":17304,"href":"https:\/\/dv-group.com\/es\/wp-json\/wp\/v2\/pages\/9155\/revisions\/17304"}],"wp:attachment":[{"href":"https:\/\/dv-group.com\/es\/wp-json\/wp\/v2\/media?parent=9155"}],"curies":[{"name":"wp","href":"https:\/\/api.w.org\/{rel}","templated":true}]}}