{"id":16595,"date":"2024-09-05T16:09:49","date_gmt":"2024-09-05T14:09:49","guid":{"rendered":"https:\/\/dv-group.com\/livres-blancs\/"},"modified":"2025-05-13T11:21:26","modified_gmt":"2025-05-13T09:21:26","slug":"livres-blancs","status":"publish","type":"page","link":"https:\/\/dv-group.com\/es\/livres-blancs\/","title":{"rendered":"Libro Blanco"},"content":{"rendered":"<div class=\"space large-space \">\n    <\/div>\n\n<section  data-section=\"livres-blancs\" id=\"livres-blancs\"  class=\"bloc-content -content  \">\n    <div class=\"container\">\n                                            <div class=\"txt-img--content\">\n                    <p class=\"uptitle\" style=\"text-align: center;\">Libros blancos<\/p>\n<h2 style=\"text-align: center;\">Lea todos nuestros libros blancos<\/h2>\n                <\/div>\n                                <\/div>\n<\/section>\n\n<section  class=\"white-book\">\n    <div class=\"white-book-container container\">\n        <div class=\"white-book-content\">\n                            <p class=\"uptitle\">Libro Blanco<\/p>\n<h2 class=\"p2\"><b> <\/b><span class=\"s3\"><b>La Industria <\/b><\/span><span class=\"s4\"><b>4.0 <\/b><\/span>\u00bfPor qu\u00e9? \u00bfC\u00f3mo?<br \/>\nAcelerar la recuperaci\u00f3n de la industria<\/h2>\n<p>A ra\u00edz de la pandemia de Covid-19, algunos conceptos clave como las m\u00e1quinas y f\u00e1bricas inteligentes, los sistemas ciberf\u00edsicos (CPS), la nube, el an\u00e1lisis de datos, etc., est\u00e1n demostrando ser inestimables en esta situaci\u00f3n sin precedentes,<br \/>\nlos sistemas ciberf\u00edsicos (CPS), la nube, el an\u00e1lisis de datos, etc., est\u00e1n resultando inestimables en esta situaci\u00f3n sin precedentes.<\/p>\n<p><strong>Reciba nuestro libro blanco gratuito en unos pocos clics. <\/strong><\/p>\n                                        <a href=\"https:\/\/landings.nl.dv-group.com\/468ed8cd-27bb-ec11-8a9b-000d3a43b6f0\/0ecbd7cb-ab96-ef11-8a6a-6045bd9821ca.html\" target=\"_blank\" class=\"btn primary light\">Descargar el libro blanco<\/a>\n                    <\/div>\n                    <div class=\"white-book-container-img\">\n                <img decoding=\"async\" src=\"https:\/\/dv-group.com\/app\/uploads\/2024\/10\/illustration-industrie-4-0-1.png\" alt=\"\">\n            <\/div>\n            <\/div>\n<\/section>\n\n<div class=\"space large-space \">\n    <\/div>\n\n<section  class=\"white-book\">\n    <div class=\"white-book-container container\">\n        <div class=\"white-book-content\">\n                            <p class=\"uptitle\">Libro Blanco<\/p>\n<h2>Los retos del preventivo sobre la electr\u00f3nica de potencia<\/h2>\n<p class=\"p2\">\u00abEl mantenimiento preventivo de los accionamientos reduce los costes de mantenimiento hasta un 30% a lo largo de la vida \u00fatil de la m\u00e1quina\u00bb.<\/p>\n<p><strong>Reciba nuestro libro blanco gratuito en unos pocos clics.<\/strong><\/p>\n                                        <a href=\"https:\/\/landings.nl.dv-group.com\/468ed8cd-27bb-ec11-8a9b-000d3a43b6f0\/affca0fe-be96-ef11-8a6a-6045bd9821ca.html\" target=\"_self\" class=\"btn primary light\">Descargar el libro blanco<\/a>\n                    <\/div>\n                    <div class=\"white-book-container-img\">\n                <img decoding=\"async\" src=\"https:\/\/dv-group.com\/app\/uploads\/2024\/10\/illustration-enjeux-du-preventif-esp.png\" alt=\"\">\n            <\/div>\n            <\/div>\n<\/section>\n\n<div class=\"space large-space \">\n    <\/div>\n\n    <section  class=\"simple-slider\">\n        <div class=\"container\">\n                            <div class=\"simple-slider--title \">\n                    <p class=\"uptitle\">Casos particulares<\/p>\n<h2>Descubre c\u00f3mo enfrentamos los desaf\u00edos de nuestros clientes<\/h2>\n                <\/div>\n                        <div class=\"simple-slider--slider  owl-carousel\">\n                                                        <div class=\"card casestudy\">\n                        <a href=\"https:\/\/dv-group.com\/es\/etudes-de-cas\/gestion-de-lobsolescence-audit-du-parc-materiel-dune-usine-de-moteurs-de-camion\/\"><img decoding=\"async\" src=\"https:\/\/dv-group.com\/app\/uploads\/2023\/11\/AdobeStock_116573127-scaled.jpeg\" alt=\"\"><span href=\"#\" class=\"diag-arrow-btn\"><\/span><\/a>\n                        <div class=\"content\">\n                            <h4><a href=\"https:\/\/dv-group.com\/es\/etudes-de-cas\/gestion-de-lobsolescence-audit-du-parc-materiel-dune-usine-de-moteurs-de-camion\/\">Obsolescence Management: Audit of a Truck Engine Factory&#8217;s Equipment Fleet<\/a><\/h4>\n                            <div class=\"informations\">\n                                <span class=\"category\">Casos pr\u00e1cticos<\/span>\n                                <span class=\"date\">14 November 2023<\/span>\n                            <\/div>\n                        <\/div>\n                    <\/div>\n                                                        <div class=\"card casestudy\">\n                        <a href=\"https:\/\/dv-group.com\/es\/etudes-de-cas\/reparation-et-fiabilisation-de-variateurs\/\"><img decoding=\"async\" src=\"https:\/\/dv-group.com\/app\/uploads\/2023\/09\/AdobeStock_462080587-scaled.jpeg\" alt=\"\"><span href=\"#\" class=\"diag-arrow-btn\"><\/span><\/a>\n                        <div class=\"content\">\n                            <h4><a href=\"https:\/\/dv-group.com\/es\/etudes-de-cas\/reparation-et-fiabilisation-de-variateurs\/\">Repair and reliability of drives<\/a><\/h4>\n                            <div class=\"informations\">\n                                <span class=\"category\">Casos pr\u00e1cticos<\/span>\n                                <span class=\"date\">12 September 2023<\/span>\n                            <\/div>\n                        <\/div>\n                    <\/div>\n                                                        <div class=\"card casestudy\">\n                        <a href=\"https:\/\/dv-group.com\/es\/etudes-de-cas\/elopak-maintenance-electronique-preventif-correctif-ang\/\"><img decoding=\"async\" src=\"https:\/\/dv-group.com\/app\/uploads\/2023\/09\/AdobeStock_154900643-scaled.jpeg\" alt=\"\"><span href=\"#\" class=\"diag-arrow-btn\"><\/span><\/a>\n                        <div class=\"content\">\n                            <h4><a href=\"https:\/\/dv-group.com\/es\/etudes-de-cas\/elopak-maintenance-electronique-preventif-correctif-ang\/\">ELOPAK: Corrective preventive electronic maintenance<\/a><\/h4>\n                            <div class=\"informations\">\n                                <span class=\"category\">Casos pr\u00e1cticos<\/span>\n                                <span class=\"date\">12 September 2023<\/span>\n                            <\/div>\n                        <\/div>\n                    <\/div>\n                                                        <div class=\"card casestudy\">\n                        <a href=\"https:\/\/dv-group.com\/es\/etudes-de-cas\/maintenance-preventive-de-masterdrive-siemens\/\"><img decoding=\"async\" src=\"https:\/\/dv-group.com\/app\/uploads\/2023\/09\/AdobeStock_433333796-scaled.jpeg\" alt=\"\"><span href=\"#\" class=\"diag-arrow-btn\"><\/span><\/a>\n                        <div class=\"content\">\n                            <h4><a href=\"https:\/\/dv-group.com\/es\/etudes-de-cas\/maintenance-preventive-de-masterdrive-siemens\/\">Preventive maintenance of Siemens Masterdrives<\/a><\/h4>\n                            <div class=\"informations\">\n                                <span class=\"category\">Casos pr\u00e1cticos<\/span>\n                                <span class=\"date\">11 September 2023<\/span>\n                            <\/div>\n                        <\/div>\n                    <\/div>\n                                                        <div class=\"card casestudy\">\n                        <a href=\"https:\/\/dv-group.com\/es\/etudes-de-cas\/preventif-de-43-variateurs-simovert-masterdrive-de-0-75-kw-a-700-kw\/\"><img decoding=\"async\" src=\"https:\/\/dv-group.com\/app\/uploads\/2023\/09\/AdobeStock_165501360-scaled.jpeg\" alt=\"\"><span href=\"#\" class=\"diag-arrow-btn\"><\/span><\/a>\n                        <div class=\"content\">\n                            <h4><a href=\"https:\/\/dv-group.com\/es\/etudes-de-cas\/preventif-de-43-variateurs-simovert-masterdrive-de-0-75-kw-a-700-kw\/\">43 Simovert Masterdrive drives from 0.75 kW to 700 kW\u00a0<\/a><\/h4>\n                            <div class=\"informations\">\n                                <span class=\"category\">Casos pr\u00e1cticos<\/span>\n                                <span class=\"date\">11 September 2023<\/span>\n                            <\/div>\n                        <\/div>\n                    <\/div>\n                                                        <div class=\"card casestudy\">\n                        <a href=\"https:\/\/dv-group.com\/es\/etudes-de-cas\/fiabilisation-de-32-masterdrives-siemens-6se70-sur-sectionnelle-de-machine-a-papier\/\"><img decoding=\"async\" src=\"https:\/\/dv-group.com\/app\/uploads\/2023\/09\/AdobeStock_154900643-scaled.jpeg\" alt=\"\"><span href=\"#\" class=\"diag-arrow-btn\"><\/span><\/a>\n                        <div class=\"content\">\n                            <h4><a href=\"https:\/\/dv-group.com\/es\/etudes-de-cas\/fiabilisation-de-32-masterdrives-siemens-6se70-sur-sectionnelle-de-machine-a-papier\/\">To safeguard the reliability of 32 Siemens (6SE70) Masterdrives on a paper machine section<\/a><\/h4>\n                            <div class=\"informations\">\n                                <span class=\"category\">Casos pr\u00e1cticos<\/span>\n                                <span class=\"date\">11 September 2023<\/span>\n                            <\/div>\n                        <\/div>\n                    <\/div>\n                                                        <div class=\"card casestudy\">\n                        <a href=\"https:\/\/dv-group.com\/es\/etudes-de-cas\/meleghy-preventif-de-24-variateurs-powerblocks-siemens\/\"><img decoding=\"async\" src=\"https:\/\/dv-group.com\/app\/uploads\/2023\/09\/AdobeStock_237714206-scaled.jpeg\" alt=\"\"><span href=\"#\" class=\"diag-arrow-btn\"><\/span><\/a>\n                        <div class=\"content\">\n                            <h4><a href=\"https:\/\/dv-group.com\/es\/etudes-de-cas\/meleghy-preventif-de-24-variateurs-powerblocks-siemens\/\">MELEGHY: Preventive maintenance of 24 Siemens Powerblocks drives<\/a><\/h4>\n                            <div class=\"informations\">\n                                <span class=\"category\">Casos pr\u00e1cticos<\/span>\n                                <span class=\"date\">11 September 2023<\/span>\n                            <\/div>\n                        <\/div>\n                    <\/div>\n                                                        <div class=\"card casestudy\">\n                        <a href=\"https:\/\/dv-group.com\/es\/etudes-de-cas\/contrat-de-maintenance-preventive\/\"><img decoding=\"async\" src=\"https:\/\/dv-group.com\/app\/uploads\/2023\/09\/semi-conducteur-.jpeg\" alt=\"\"><span href=\"#\" class=\"diag-arrow-btn\"><\/span><\/a>\n                        <div class=\"content\">\n                            <h4><a href=\"https:\/\/dv-group.com\/es\/etudes-de-cas\/contrat-de-maintenance-preventive\/\">Preventive maintenance contract<\/a><\/h4>\n                            <div class=\"informations\">\n                                <span class=\"category\">Casos pr\u00e1cticos<\/span>\n                                <span class=\"date\">05 September 2023<\/span>\n                            <\/div>\n                        <\/div>\n                    <\/div>\n                                                        <div class=\"card casestudy\">\n                        <a href=\"https:\/\/dv-group.com\/es\/etudes-de-cas\/depannage-en-urgence-sur-un-variateur-abb-acs800-120kw\/\"><img decoding=\"async\" src=\"https:\/\/dv-group.com\/app\/uploads\/2023\/09\/PLASTURGIE-shutterstock_135780191-scaled.jpg\" alt=\"\"><span href=\"#\" class=\"diag-arrow-btn\"><\/span><\/a>\n                        <div class=\"content\">\n                            <h4><a href=\"https:\/\/dv-group.com\/es\/etudes-de-cas\/depannage-en-urgence-sur-un-variateur-abb-acs800-120kw\/\">Emergency repair on a 120KW ABB ACS800 drive<\/a><\/h4>\n                            <div class=\"informations\">\n                                <span class=\"category\">Casos pr\u00e1cticos<\/span>\n                                <span class=\"date\">05 September 2023<\/span>\n                            <\/div>\n                        <\/div>\n                    <\/div>\n                                                        <div class=\"card casestudy\">\n                        <a href=\"https:\/\/dv-group.com\/es\/etudes-de-cas\/intervention-sur-2-variateurs-leroy-somer-600-kw\/\"><img decoding=\"async\" src=\"https:\/\/dv-group.com\/app\/uploads\/2023\/09\/AdobeStock_368270998-scaled.jpeg\" alt=\"\"><span href=\"#\" class=\"diag-arrow-btn\"><\/span><\/a>\n                        <div class=\"content\">\n                            <h4><a href=\"https:\/\/dv-group.com\/es\/etudes-de-cas\/intervention-sur-2-variateurs-leroy-somer-600-kw\/\">2 LEROY SOMER 600 kW variators<\/a><\/h4>\n                            <div class=\"informations\">\n                                <span class=\"category\">Casos pr\u00e1cticos<\/span>\n                                <span class=\"date\">05 September 2023<\/span>\n                            <\/div>\n                        <\/div>\n                    <\/div>\n                                                        <div class=\"card casestudy\">\n                        <a href=\"https:\/\/dv-group.com\/es\/etudes-de-cas\/revision-de-12-moteurs-siemens-torque-simotics-t-1fw3\/\"><img decoding=\"async\" src=\"https:\/\/dv-group.com\/app\/uploads\/2023\/09\/AdobeStock_100684673.jpeg\" alt=\"\"><span href=\"#\" class=\"diag-arrow-btn\"><\/span><\/a>\n                        <div class=\"content\">\n                            <h4><a href=\"https:\/\/dv-group.com\/es\/etudes-de-cas\/revision-de-12-moteurs-siemens-torque-simotics-t-1fw3\/\">Overhaul of 12 Siemens Torque Simotics T-1FW3 motors<\/a><\/h4>\n                            <div class=\"informations\">\n                                <span class=\"category\">Casos pr\u00e1cticos<\/span>\n                                <span class=\"date\">05 September 2023<\/span>\n                            <\/div>\n                        <\/div>\n                    <\/div>\n                                                        <div class=\"card casestudy\">\n                        <a href=\"https:\/\/dv-group.com\/es\/etudes-de-cas\/maintenance-preventive-de-17-servomoteurs-et-variateurs-daxe-siemens\/\"><img decoding=\"async\" src=\"https:\/\/dv-group.com\/app\/uploads\/2023\/09\/Sans-titre.jpg\" alt=\"\"><span href=\"#\" class=\"diag-arrow-btn\"><\/span><\/a>\n                        <div class=\"content\">\n                            <h4><a href=\"https:\/\/dv-group.com\/es\/etudes-de-cas\/maintenance-preventive-de-17-servomoteurs-et-variateurs-daxe-siemens\/\">Preventive maintenance for 17 Siemens servomotors and drives<\/a><\/h4>\n                            <div class=\"informations\">\n                                <span class=\"category\">Casos pr\u00e1cticos<\/span>\n                                <span class=\"date\">04 September 2023<\/span>\n                            <\/div>\n                        <\/div>\n                    <\/div>\n                                                        <div class=\"card casestudy\">\n                        <a href=\"https:\/\/dv-group.com\/es\/etudes-de-cas\/x-fab-remplacement-de-deux-extracteurs-ventilateurs\/\"><img decoding=\"async\" src=\"https:\/\/dv-group.com\/app\/uploads\/2023\/09\/AdobeStock_363566054-scaled.jpeg\" alt=\"\"><span href=\"#\" class=\"diag-arrow-btn\"><\/span><\/a>\n                        <div class=\"content\">\n                            <h4><a href=\"https:\/\/dv-group.com\/es\/etudes-de-cas\/x-fab-remplacement-de-deux-extracteurs-ventilateurs\/\">X-FAB : Replacement of two extractor fans<\/a><\/h4>\n                            <div class=\"informations\">\n                                <span class=\"category\">Casos pr\u00e1cticos<\/span>\n                                <span class=\"date\">04 September 2023<\/span>\n                            <\/div>\n                        <\/div>\n                    <\/div>\n                                                        <div class=\"card casestudy\">\n                        <a href=\"https:\/\/dv-group.com\/es\/etudes-de-cas\/depannage-dun-ventilateur-de-tirage\/\"><img decoding=\"async\" src=\"https:\/\/dv-group.com\/app\/uploads\/2023\/09\/AdobeStock_241373299-scaled.jpeg\" alt=\"\"><span href=\"#\" class=\"diag-arrow-btn\"><\/span><\/a>\n                        <div class=\"content\">\n                            <h4><a href=\"https:\/\/dv-group.com\/es\/etudes-de-cas\/depannage-dun-ventilateur-de-tirage\/\">Troubleshooting of an induced draught fan<\/a><\/h4>\n                            <div class=\"informations\">\n                                <span class=\"category\">Casos pr\u00e1cticos<\/span>\n                                <span class=\"date\">04 September 2023<\/span>\n                            <\/div>\n                        <\/div>\n                    <\/div>\n                                                        <div class=\"card casestudy\">\n                        <a href=\"https:\/\/dv-group.com\/es\/etudes-de-cas\/19-ensembles-moteurs-reducteurs-ventilateurs-de-50-kg-22-kw-a-5-tonnes-72mw\/\"><img decoding=\"async\" src=\"https:\/\/dv-group.com\/app\/uploads\/2023\/09\/AdobeStock_250184718-scaled.jpeg\" alt=\"\"><span href=\"#\" class=\"diag-arrow-btn\"><\/span><\/a>\n                        <div class=\"content\">\n                            <h4><a href=\"https:\/\/dv-group.com\/es\/etudes-de-cas\/19-ensembles-moteurs-reducteurs-ventilateurs-de-50-kg-22-kw-a-5-tonnes-72mw\/\">19 50 kg (2.2 kW) to 5 ton (7.2MW) motor\/reducer\/ventilator assemblies<\/a><\/h4>\n                            <div class=\"informations\">\n                                <span class=\"category\">Casos pr\u00e1cticos<\/span>\n                                <span class=\"date\">01 September 2023<\/span>\n                            <\/div>\n                        <\/div>\n                    <\/div>\n                                                        <div class=\"card casestudy\">\n                        <a href=\"https:\/\/dv-group.com\/es\/etudes-de-cas\/revision-dun-reducteur-dextrudeuse-avec-2-arbres-de-sorties-indexes\/\"><img decoding=\"async\" src=\"https:\/\/dv-group.com\/app\/uploads\/2023\/09\/AdobeStock_462080587-scaled.jpeg\" alt=\"\"><span href=\"#\" class=\"diag-arrow-btn\"><\/span><\/a>\n                        <div class=\"content\">\n                            <h4><a href=\"https:\/\/dv-group.com\/es\/etudes-de-cas\/revision-dun-reducteur-dextrudeuse-avec-2-arbres-de-sorties-indexes\/\">Overhaul of an extruder reducer with 2 indexed output shafts<\/a><\/h4>\n                            <div class=\"informations\">\n                                <span class=\"category\">Casos pr\u00e1cticos<\/span>\n                                <span class=\"date\">01 September 2023<\/span>\n                            <\/div>\n                        <\/div>\n                    <\/div>\n                                                        <div class=\"card casestudy\">\n                        <a href=\"https:\/\/dv-group.com\/es\/etudes-de-cas\/lenglet-imprimeurs-1e-pour-reduire-sa-facture-energetique\/\"><img decoding=\"async\" src=\"https:\/\/dv-group.com\/app\/uploads\/2023\/08\/AdobeStock_238930922-scaled.jpeg\" alt=\"\"><span href=\"#\" class=\"diag-arrow-btn\"><\/span><\/a>\n                        <div class=\"content\">\n                            <h4><a href=\"https:\/\/dv-group.com\/es\/etudes-de-cas\/lenglet-imprimeurs-1e-pour-reduire-sa-facture-energetique\/\">LENGLET IMPRIMEURS : 1\u20ac to reduce your energy bill<\/a><\/h4>\n                            <div class=\"informations\">\n                                <span class=\"category\">Casos pr\u00e1cticos<\/span>\n                                <span class=\"date\">01 September 2023<\/span>\n                            <\/div>\n                        <\/div>\n                    <\/div>\n                                                        <div class=\"card casestudy\">\n                        <a href=\"https:\/\/dv-group.com\/es\/etudes-de-cas\/modelisation-du-reseau-electrique-hta-bt\/\"><img decoding=\"async\" src=\"https:\/\/dv-group.com\/app\/uploads\/2023\/08\/AdobeStock_583316652.png\" alt=\"\"><span href=\"#\" class=\"diag-arrow-btn\"><\/span><\/a>\n                        <div class=\"content\">\n                            <h4><a href=\"https:\/\/dv-group.com\/es\/etudes-de-cas\/modelisation-du-reseau-electrique-hta-bt\/\">Modelling of the HTA\/BT electric network<\/a><\/h4>\n                            <div class=\"informations\">\n                                <span class=\"category\">Casos pr\u00e1cticos<\/span>\n                                <span class=\"date\">01 September 2023<\/span>\n                            <\/div>\n                        <\/div>\n                    <\/div>\n                                                        <div class=\"card casestudy\">\n                        <a href=\"https:\/\/dv-group.com\/es\/etudes-de-cas\/projet-damelioration-methode-maintenance\/\"><img decoding=\"async\" src=\"https:\/\/dv-group.com\/app\/uploads\/2023\/08\/AdobeStock_233258281-scaled.jpeg\" alt=\"\"><span href=\"#\" class=\"diag-arrow-btn\"><\/span><\/a>\n                        <div class=\"content\">\n                            <h4><a href=\"https:\/\/dv-group.com\/es\/etudes-de-cas\/projet-damelioration-methode-maintenance\/\">Proyecto de mejora del m\u00e9todo de mantenimiento<\/a><\/h4>\n                            <div class=\"informations\">\n                                <span class=\"category\">Casos pr\u00e1cticos<\/span>\n                                <span class=\"date\">29 August 2023<\/span>\n                            <\/div>\n                        <\/div>\n                    <\/div>\n                                                        <div class=\"card casestudy\">\n                        <a href=\"https:\/\/dv-group.com\/es\/etudes-de-cas\/asterix\/\"><img decoding=\"async\" src=\"https:\/\/dv-group.com\/app\/uploads\/2023\/08\/asterix-e1693211335813.jpg\" alt=\"\"><span href=\"#\" class=\"diag-arrow-btn\"><\/span><\/a>\n                        <div class=\"content\">\n                            <h4><a href=\"https:\/\/dv-group.com\/es\/etudes-de-cas\/asterix\/\">Modification of\u00a0 the ride &#8220;Tonnerre 2 Zeus&#8221; [Zeus\u2019 Thunder]<\/a><\/h4>\n                            <div class=\"informations\">\n                                <span class=\"category\">Casos pr\u00e1cticos<\/span>\n                                <span class=\"date\">23 August 2023<\/span>\n                            <\/div>\n                        <\/div>\n                    <\/div>\n                            <\/div>\n            <div class=\"simple-slider--nav blue \">\n                <div class=\"simple-slider--nav-buttons blue\"><\/div>\n                                    <a href=\"https:\/\/dv-group.com\/es\/etude-de-cas\/\" class=\"btn reverse\">Casos particulares<\/a>\n                            <\/div>\n        <\/div>\n    <\/section>\n\n\n<div class=\"space large-space \">\n    <\/div>\n\n\n\n<div class=\"space large-space \">\n    <\/div>","protected":false},"excerpt":{"rendered":"","protected":false},"author":4,"featured_media":0,"parent":0,"menu_order":0,"comment_status":"closed","ping_status":"closed","template":"","meta":{"_acf_changed":false,"_seopress_robots_primary_cat":"","_seopress_titles_title":"Libros blancos","_seopress_titles_desc":"Lea todos nuestros libros blancos","_seopress_robots_index":"","footnotes":""},"class_list":["post-16595","page","type-page","status-publish","hentry"],"acf":[],"publishpress_future_action":{"enabled":false,"date":"2026-04-22 11:57:24","action":"change-status","newStatus":"draft","terms":[],"taxonomy":"translation_priority","extraData":[]},"publishpress_future_workflow_manual_trigger":{"enabledWorkflows":[]},"_links":{"self":[{"href":"https:\/\/dv-group.com\/es\/wp-json\/wp\/v2\/pages\/16595","targetHints":{"allow":["GET"]}}],"collection":[{"href":"https:\/\/dv-group.com\/es\/wp-json\/wp\/v2\/pages"}],"about":[{"href":"https:\/\/dv-group.com\/es\/wp-json\/wp\/v2\/types\/page"}],"author":[{"embeddable":true,"href":"https:\/\/dv-group.com\/es\/wp-json\/wp\/v2\/users\/4"}],"replies":[{"embeddable":true,"href":"https:\/\/dv-group.com\/es\/wp-json\/wp\/v2\/comments?post=16595"}],"version-history":[{"count":11,"href":"https:\/\/dv-group.com\/es\/wp-json\/wp\/v2\/pages\/16595\/revisions"}],"predecessor-version":[{"id":17016,"href":"https:\/\/dv-group.com\/es\/wp-json\/wp\/v2\/pages\/16595\/revisions\/17016"}],"wp:attachment":[{"href":"https:\/\/dv-group.com\/es\/wp-json\/wp\/v2\/media?parent=16595"}],"curies":[{"name":"wp","href":"https:\/\/api.w.org\/{rel}","templated":true}]}}