{"id":10216,"date":"2023-08-21T11:47:37","date_gmt":"2023-08-21T09:47:37","guid":{"rendered":"http:\/\/www.dv-group.com\/?page_id=10216"},"modified":"2023-09-22T09:17:10","modified_gmt":"2023-09-22T07:17:10","slug":"nuestros-servicios-especializados","status":"publish","type":"page","link":"https:\/\/dv-group.com\/es\/nuestros-servicios-especializados\/","title":{"rendered":"Nuestros servicios especializados"},"content":{"rendered":"<section class=\"hero-secondary minified page-expertise  \">\n    <div class=\"container\">\n                    <div class=\"hero-secondary--content\">\n                <p><span style=\"color: #3ea2f7;\">Nuestros servicios especializados<\/span><\/p>\n<h1>Engineering \/ Maintenance \/ Control<\/h1>\n            <\/div>\n                            <img decoding=\"async\" src=\"https:\/\/dv-group.com\/app\/uploads\/2023\/09\/hero_nos_expertises.jpg\" alt=\"\">\n        <\/section>\n\n\n<div class=\"space large-space \">\n    <\/div>\n\n<section  class=\"bloc-content -content  \">\n    <div class=\"container\">\n                                            <div class=\"txt-img--content\">\n                    <p style=\"text-align: center;\">Gracias a nuestros 50 a\u00f1os de experiencia en Automatizaci\u00f3n-Rob\u00f3tica, en Mantenimiento Electromec\u00e1nico-Electr\u00f3nico y en Control-Monitorizaci\u00f3n Predictiva, DV GROUP trabaja ahora para transformar y digitalizar el sector industrial: La Industria 4.0.<\/p>\n<p style=\"text-align: center;\">\n<p style=\"text-align: center;\">Para ofrecer soluciones eficaces y personalizadas a cada uno de nuestros clientes, combinamos nuestra experiencia profesional por procesos y las sinergias de nuestros 3 ejes.<\/p>\n<p style=\"text-align: center;\">Gestionamos toda la cadena de valor de un proyecto industrial: desde la idea conceptualizada por nuestro departamento de dise\u00f1o hasta el despliegue de las l\u00edneas de producci\u00f3n, el control y el mantenimiento.<\/p>\n                <\/div>\n                                <\/div>\n<\/section>\n\n<section  class=\"expertise container   \">\n    <div class=\"expertise-header\">\n        <div class=\"slider-title-category\">\n                    <\/div>\n    <\/div>\n            <div class=\"expertise-container \">\n                            <div class=\"img-container\">\n                                            <a href=\"https:\/\/dv-group.com\/es\/engineering\/\">\n                                                                            <img decoding=\"async\" src=\"https:\/\/dv-group.com\/app\/uploads\/2023\/08\/Background_ingenierie_menu-e1694441278305.jpg\" alt=\"https:\/\/dv-group.com\/app\/uploads\/2023\/08\/Background_ingenierie_menu-e1694441278305.jpg\">\n                                                <div class=\"card-content\">\n                                                            <div class=\"up-part-container\">\n                                    <p class=\"uptitle\">Eje<\/p>\n<h2>Engineering<\/h2>\n                                <\/div>\n                                                                                        <div class=\"expertise-card-content\">\n                                    <p>Desde el dise\u00f1o hasta la integraci\u00f3n de soluciones de Automatizaci\u00f3n-Rob\u00f3tica e Ingenier\u00eda Digital, trabajamos para transformar sus f\u00e1bricas.<\/p>\n                                <\/div>\n                                                    <\/div>\n                        <button class=\"diag-arrow-btn\"><\/button>\n                                                <\/a>\n                                    <\/div>\n                            <div class=\"img-container\">\n                                            <a href=\"https:\/\/dv-group.com\/es\/maintenance\/\">\n                                                                            <img decoding=\"async\" src=\"https:\/\/dv-group.com\/app\/uploads\/2023\/08\/Background_maintenance_menu.jpg\" alt=\"https:\/\/dv-group.com\/app\/uploads\/2023\/08\/Background_maintenance_menu.jpg\">\n                                                <div class=\"card-content\">\n                                                            <div class=\"up-part-container\">\n                                    <p class=\"uptitle\">Eje<\/p>\n<h2>Maintenance<\/h2>\n                                <\/div>\n                                                                                        <div class=\"expertise-card-content\">\n                                    <p>Nuestra oferta mantenimiento global garantiza la disponibilidad y seguridad de sus equipos: Electromec\u00e1nicos, electr\u00f3nicos, servomotores<\/p>\n                                <\/div>\n                                                    <\/div>\n                        <button class=\"diag-arrow-btn\"><\/button>\n                                                <\/a>\n                                    <\/div>\n                            <div class=\"img-container\">\n                                            <a href=\"https:\/\/dv-group.com\/es\/control\/\">\n                                                                            <img decoding=\"async\" src=\"https:\/\/dv-group.com\/app\/uploads\/2023\/08\/Background_controle_menu.jpg\" alt=\"https:\/\/dv-group.com\/app\/uploads\/2023\/08\/Background_controle_menu.jpg\">\n                                                <div class=\"card-content\">\n                                                            <div class=\"up-part-container\">\n                                    <p class=\"uptitle\">Eje<\/p>\n<h2>Control<\/h2>\n                                <\/div>\n                                                                                        <div class=\"expertise-card-content\">\n                                    <p>El CONTROL Predictivo, la Energ\u00eda y los Datos le permiten adoptar un enfoque proactivo del mantenimiento, optimizar sus operaciones y alcanzar la excelencia operacional.<\/p>\n<p>&nbsp;<\/p>\n                                <\/div>\n                                                    <\/div>\n                        <button class=\"diag-arrow-btn\"><\/button>\n                                                <\/a>\n                                    <\/div>\n                    <\/div>\n        <div class=\"expertise--nav-buttons blue\"><\/div>\n    <\/section>\n<!-- end expertise -->\n\n<div class=\"space large-space \">\n    <\/div>","protected":false},"excerpt":{"rendered":"","protected":false},"author":3,"featured_media":0,"parent":0,"menu_order":0,"comment_status":"closed","ping_status":"closed","template":"","meta":{"_acf_changed":false,"_seopress_robots_primary_cat":"","_seopress_titles_title":"Nuestros servicios especializados","_seopress_titles_desc":"Engineering \/ Maintenance \/ Control","_seopress_robots_index":"","footnotes":""},"class_list":["post-10216","page","type-page","status-publish","hentry"],"acf":[],"publishpress_future_action":{"enabled":false,"date":"2026-05-02 11:03:54","action":"change-status","newStatus":"draft","terms":[],"taxonomy":"translation_priority","extraData":[]},"publishpress_future_workflow_manual_trigger":{"enabledWorkflows":[]},"_links":{"self":[{"href":"https:\/\/dv-group.com\/es\/wp-json\/wp\/v2\/pages\/10216","targetHints":{"allow":["GET"]}}],"collection":[{"href":"https:\/\/dv-group.com\/es\/wp-json\/wp\/v2\/pages"}],"about":[{"href":"https:\/\/dv-group.com\/es\/wp-json\/wp\/v2\/types\/page"}],"author":[{"embeddable":true,"href":"https:\/\/dv-group.com\/es\/wp-json\/wp\/v2\/users\/3"}],"replies":[{"embeddable":true,"href":"https:\/\/dv-group.com\/es\/wp-json\/wp\/v2\/comments?post=10216"}],"version-history":[{"count":3,"href":"https:\/\/dv-group.com\/es\/wp-json\/wp\/v2\/pages\/10216\/revisions"}],"predecessor-version":[{"id":10222,"href":"https:\/\/dv-group.com\/es\/wp-json\/wp\/v2\/pages\/10216\/revisions\/10222"}],"wp:attachment":[{"href":"https:\/\/dv-group.com\/es\/wp-json\/wp\/v2\/media?parent=10216"}],"curies":[{"name":"wp","href":"https:\/\/api.w.org\/{rel}","templated":true}]}}