{"id":10075,"date":"2023-08-21T11:47:21","date_gmt":"2023-08-21T09:47:21","guid":{"rendered":"http:\/\/www.dv-group.com\/?page_id=10075"},"modified":"2023-09-22T09:18:32","modified_gmt":"2023-09-22T07:18:32","slug":"su-rendimiento","status":"publish","type":"page","link":"https:\/\/dv-group.com\/es\/su-rendimiento\/","title":{"rendered":"Su rendimiento"},"content":{"rendered":"<section class=\"hero-secondary minified   \">\n    <div class=\"container\">\n                    <div class=\"hero-secondary--content\">\n                <p class=\"uptitle\">Su rendimiento<\/p>\n<h1>Juntos, podemos garantizar su rendimiento ante los nuevos retos de la industria<\/h1>\n            <\/div>\n                            <img decoding=\"async\" src=\"https:\/\/dv-group.com\/app\/uploads\/2023\/09\/photo-off-e1694616040253.jpg\" alt=\"\">\n        <\/section>\n    <div class=\"subnav hover-effect\">\n                    <style>\n                .hero-secondary.minified {\n                    padding-bottom: 96px;\n                }\n            <\/style>\n            <nav>\n                <ul>\n                                                                                                                                                                                                                                                                                    <li data-section=\"-sus-retos\">\u00a0 Sus retos<\/li>\n                                                                                                                                                                                                                                                                                                                                                                                                                                                                                                                                                                <li data-section=\"nuestra-metodologia\">Nuestra metodolog\u00eda<\/li>\n                                                                                                                                                                                                                                                                                                                                                                                                    <li data-section=\"nuestras-respuestas\">Nuestras respuestas<\/li>\n                                                                                                                                                                                                                                        <li data-section=\"nuestras-convicciones\">Nuestras convicciones\u00a0<\/li>\n                                                                                                                                                                                                                                        <li data-section=\"libro-blanco\">Libro blanco <\/li>\n                                                                                                                <\/ul>\n                <span class=\"border\"><\/span>\n            <\/nav>\n            <\/div>\n\n\n<div class=\"space xsmall-space \">\n    <div class=\"separator\"><\/div><\/div>\n\n<section  data-section=\"-sus-retos\" id=\"-sus-retos\"  class=\"bloc-content -content  \">\n    <div class=\"container\">\n                                            <div class=\"txt-img--content\">\n                    <p class=\"uptitle\" style=\"text-align: center;\">Su rendimiento<\/p>\n<h2 style=\"text-align: center;\">\u00a0 Sus retos<\/h2>\n<p style=\"text-align: center;\">Tanto si es usted director de operaciones, responsable del departamento de mantenimiento, responsable de la toma de decisiones financieras o t\u00e9cnicas o jefe de obra, el rendimiento de su proceso es crucial para el futuro a largo plazo de su empresa.<\/p>\n<p style=\"text-align: center;\">\n<p style=\"text-align: center;\">En la era de la personalizaci\u00f3n de la gama productos, su reto ya no es tanto producir en grandes cantidades, sino ser capaz de adaptar su cadena de producci\u00f3n a las necesidades de los consumidores con flexibilidad y en tiempo real. Reducir su huella medioambiental tambi\u00e9n es un reto importante.<\/p>\n<p style=\"text-align: center;\">\n<p style=\"text-align: center;\">Ante estos cambios, el rendimiento industrial se est\u00e1 convirtiendo en un reto importante para las organizaciones internas. Por tanto, implica a todas nuestras empresas, desde el dise\u00f1o hasta la producci\u00f3n, pasando por la industrializaci\u00f3n, las compras, etc.<\/p>\n<p style=\"text-align: center;\">\n<p style=\"text-align: center;\">Queremos darle respuestas y apoyarle en el dise\u00f1o y desarrollo de sus nuevas l\u00edneas y plantas con nuestro enfoque decididamente operativo. Plantas m\u00e1s modernas, m\u00e1s conectadas, donde las tecnolog\u00edas se convierten en motores de la competitividad y del desarrollo de las exportaciones.<\/p>\n                <\/div>\n                                <\/div>\n<\/section>\n\n<div class=\"space small-space \">\n    <\/div>\n\n<section  class=\"bloc-content -content  txt-img   reverse \">\n    <div class=\"container\">\n                                            <div class=\"txt-img--content\">\n                    <p>&nbsp;<\/p>\n<p class=\"highlighted\" style=\"text-align: center;\">Queremos responder a los nuevos retos a los que se enfrenta el sector indusctrial, pero sobre todo \u00a1queremos responder a sus retos!<\/p>\n                <\/div>\n                                        <div class=\"txt-img--img\">\n                                    <img decoding=\"async\" class=l src=\"https:\/\/dv-group.com\/app\/uploads\/2023\/09\/OK_photo-PERFORMANCE-sans-bande-bleue-1-1-e1694157312335.jpg\" alt=\"\">\n                                                <\/div>\n            <\/div>\n<\/section>\n\n<div class=\"space medium-space \">\n    <\/div>\n\n\n<section  class=\"grid-enjeux\">\n    <div class=\"container\">\n                                    <div class=\"card picto full\">\n                                            <div class=\"img\">\n                            <img decoding=\"async\" src=\"https:\/\/dv-group.com\/app\/uploads\/2023\/08\/icon-money-growth-blue.svg\" alt=\"\">\n                        <\/div>\n                                                                <h4>Retos econ\u00f3micos<\/h4>\n<ul>\n<li>Optimizar los costes (inversiones y gastos)<\/li>\n<li>Controlar los costes de mantenimiento<\/li>\n<li>Aumentar la productividad<\/li>\n<\/ul>\n                                    <\/div>\n                            <div class=\"card picto full\">\n                                            <div class=\"img\">\n                            <img decoding=\"async\" src=\"https:\/\/dv-group.com\/app\/uploads\/2023\/08\/icon-cpu-blue.svg\" alt=\"\">\n                        <\/div>\n                                                                <h4>Retos tecnol\u00f3gicos<\/h4>\n<ul>\n<li>Hacer que las instalaciones sean fiables y mantenerlas<\/li>\n<li>Gestionar de la obsolescencia de los equipos<\/li>\n<li>Digitalizaci\u00f3n de la herramienta de producci\u00f3n<\/li>\n<\/ul>\n                                    <\/div>\n                            <div class=\"card picto full\">\n                                            <div class=\"img\">\n                            <img decoding=\"async\" src=\"https:\/\/dv-group.com\/app\/uploads\/2023\/09\/roue-dentee-1.png\" alt=\"\">\n                        <\/div>\n                                                                <h4>Retos organizativos<\/h4>\n<ul>\n<li>Inventar nuevas formas de colaboraci\u00f3n<\/li>\n<li>Aumentar la flexibilidad de la organizaci\u00f3n<\/li>\n<li>Aprovechar el valor a\u00f1adido de nuestros empleados<\/li>\n<li>Repensar la log\u00edstica<\/li>\n<li>Fomentar la integraci\u00f3n vertical y horizontal<\/li>\n<li>Iniciar la digitalizaci\u00f3n<\/li>\n<li>Garantizar la continuidad del suministro<br \/>\nMejorar la gesti\u00f3n con los proveedores<\/li>\n<\/ul>\n                                    <\/div>\n                            <div class=\"card picto full\">\n                                            <div class=\"img\">\n                            <img decoding=\"async\" src=\"https:\/\/dv-group.com\/app\/uploads\/2023\/09\/ecologie-1.png\" alt=\"\">\n                        <\/div>\n                                                                <h4>Cuestiones medioambientales\/sociales:<\/h4>\n<ul>\n<li>Mentalidad \u00abciclo de vida\u00bb<\/li>\n<li>Reducir nuestra huella de carbono<br \/>\nGarantizar el cumplimiento de la normativa<\/li>\n<li>Valorar a las personas<\/li>\n<li>Desarrollar la RSE<\/li>\n<li>Integrar el ecosistema local<\/li>\n<\/ul>\n                                    <\/div>\n                        <\/div>\n<\/section>\n\n<div class=\"space large-space \">\n    <\/div>\n\n<!-- Start method  -->\n<section data-section=nuestra-metodologia class=\"method\">\n    <div class=\"container\">\n        <div class=\"method-titles--container\">\n                            <p class=\"uptitle\">Su rendimiento<\/p>\n<h2><strong><em>Nuestra metodolog\u00eda<\/em><\/strong><em><br \/>\n<\/em><\/h2>\n<p>Entendemos la mejora del rendimiento industrial como un enfoque interfuncional, que implica a todos los actores de la empresa para co-construir una estrategia que responda a sus retos.<\/p>\n<p>Iniciamos con su empresa estos proyectos de mejora continua aplicando r\u00e1pidamente una metodolog\u00eda que comienza con una auditor\u00eda exhaustiva, para despu\u00e9s desplegar una estrategia personalizada con un plan de acceso detallado e implementar estas acciones.<\/p>\n                    <\/div>\n                    <div class=\"method-tabs-container\">\n                                                    <div class=\"tab  active\">\n                        <div class=\"step-container\">\n                                                            <div class=\"number-container\">\n                                    <p>1<\/p>\n                                <\/div>\n                                                                                        <div class=\"title-container\">\n                                    <p>Definamos sus retos <\/p>\n                                <\/div>\n                                                                                        <div class=\"description-container\">\n                                    <p>\u00bfQuiere controlar sus costes de mantenimiento?<\/p>\n<p>\u00bfDesea apoyar a sus equipos y desarrollar sus competencias?<\/p>\n<p>\u00bfDesea introducir la digitalizaci\u00f3n?<\/p>\n<p>&#8230;<\/p>\n                                <\/div>\n                                                    <\/div>\n\n                    <\/div>\n                    <hr>                                                        <div class=\"tab  \">\n                        <div class=\"step-container\">\n                                                            <div class=\"number-container\">\n                                    <p>2<\/p>\n                                <\/div>\n                                                                                        <div class=\"title-container\">\n                                    <p>Establezcamos su estrategia <\/p>\n                                <\/div>\n                                                                                        <div class=\"description-container\">\n                                    <p>Analicemos juntos para construir una estrategia conjunta para sus motores, m\u00e1quinas y l\u00edneas.<\/p>\n                                <\/div>\n                                                    <\/div>\n\n                    <\/div>\n                    <hr>                                                        <div class=\"tab  \">\n                        <div class=\"step-container\">\n                                                            <div class=\"number-container\">\n                                    <p>3<\/p>\n                                <\/div>\n                                                                                        <div class=\"title-container\">\n                                    <p>Implementemos en colaboraci\u00f3n <\/p>\n                                <\/div>\n                                                                                        <div class=\"description-container\">\n                                    <p>Pongamos en marcha una estrategia para afrontar sus retos<\/p>\n                                <\/div>\n                                                    <\/div>\n\n                    <\/div>\n                                                                    <\/div>\n                    <\/div>\n<\/section>\n<!-- End method -->\n\n<div class=\"space small-space \">\n    <\/div>\n\n<section data-section=nuestro-cuadro-de-analisis class=\"bloc-img\">\n    <div class=\"container\">\n                    <img decoding=\"async\" src=\"https:\/\/dv-group.com\/app\/uploads\/2023\/09\/ES-SCHEMA-AUDIT-1-scaled.jpg\" alt=\"\">\n            <span class=\"legend\">Nuestro cuadro de an\u00e1lisis<\/span>\n            <\/div>\n<\/section>\n\n<div class=\"space medium-space \">\n    <\/div>\n\n    <section data-section=nuestras-respuestas class=\"txt-titre-2col\">\n        <div class=\"txt-titre-2col-container container\">\n                            <div class=\"title-container\">\n                    <p class=\"uptitle\">Su rendimiento<\/p>\n<h2>Nuestras respuestas<\/h2>\n                <\/div>\n                                        <div class=\"container-first\">\n                    <p><strong>Para responder a su estrategia, aplicamos soluciones que responden a los grandes retos de su funci\u00f3n (compras, mantenimiento, m\u00e9todolog\u00eda, etc.) y aspiramos a alcanzar la excelencia sobre la base de fundamentos s\u00f3lidos.<\/strong><\/p>\n                <\/div>\n                                        <div class=\"container-second\">\n                    <p>La implantaci\u00f3n de soluciones y servicios de asistencia adaptados a su parque de maquinaria le permitir\u00e1:<\/p>\n<ul>\n<li>mejorar la competitividad aumentando la disponibilidad de sus equipos, mejorando la fiabilidad de su l\u00ednea de producci\u00f3n e impulsando la productividad<\/li>\n<li>optimizar la inversi\u00f3n y el gasto<\/li>\n<li>garantizar un buen comportamiento medioambiental.<\/li>\n<\/ul>\n                <\/div>\n                    <\/div>\n    <\/section>\n                    <section data-section=nuestras-respuestas class=\"grid-slider blue\">\n            <div class=\"container\">\n                                    <div class=\"owl-carousel\">\n                                                                                <div class=\"card picto\">\n                                                                    <div class=\"img\">\n                                        <img decoding=\"async\" src=\"https:\/\/dv-group.com\/app\/uploads\/2023\/09\/Disponibilte.png\" alt=\"\">\n                                    <\/div>\n                                                                                                    <h4>Mejorar la disponibilidad de instalaciones<\/h4>\n<ul>\n<li>Control Predictivo<\/li>\n<li>UpGrade<\/li>\n<li>Mantenimiento preventivo<\/li>\n<li>Equipamiento \/ Stock<\/li>\n<\/ul>\n                                                            <\/div>\n                                                                                <div class=\"card picto\">\n                                                                    <div class=\"img\">\n                                        <img decoding=\"async\" src=\"https:\/\/dv-group.com\/app\/uploads\/2023\/09\/soutien-aux-competences.png\" alt=\"\">\n                                    <\/div>\n                                                                                                    <h4>Apoyo a las competencias<\/h4>\n<ul>\n<li>Asistencia mediante Hotline, conectada, 24 horas al d\u00eda, 7 d\u00edas a la semana<\/li>\n<li>Formaci\u00f3n<\/li>\n<\/ul>\n                                                            <\/div>\n                                                                                <div class=\"card picto\">\n                                                                    <div class=\"img\">\n                                        <img decoding=\"async\" src=\"https:\/\/dv-group.com\/app\/uploads\/2023\/09\/digitalisation.png\" alt=\"\">\n                                    <\/div>\n                                                                                                    <h4>Digitalizaci\u00f3n<\/h4>\n<ul>\n<li>SMART<\/li>\n<li>DATA control<\/li>\n<\/ul>\n                                                            <\/div>\n                                                                                <div class=\"card picto\">\n                                                                    <div class=\"img\">\n                                        <img decoding=\"async\" src=\"https:\/\/dv-group.com\/app\/uploads\/2023\/09\/modernisation-2.png\" alt=\"\">\n                                    <\/div>\n                                                                                                    <h4>Modernizaci\u00f3n<\/h4>\n<p>INGENIER\u00cdA: Drive \/ Motion \/ Automation \/ \/ Motion \/ NC \/ Rob\u00f3tica<\/p>\n                                                            <\/div>\n                                                                                <div class=\"card picto\">\n                                                                    <div class=\"img\">\n                                        <img decoding=\"async\" src=\"https:\/\/dv-group.com\/app\/uploads\/2023\/09\/dans-le-temps-1.png\" alt=\"\">\n                                    <\/div>\n                                                                                                    <h4>Gesti\u00f3n de la obsolescencia:<\/h4>\n<ul>\n<li>Mantenimiento electromec\u00e1nico \/ Mantenimiento electr\u00f3nico<\/li>\n<li>Control Predictivo<\/li>\n<\/ul>\n                                                            <\/div>\n                                                                                <div class=\"card picto\">\n                                                                    <div class=\"img\">\n                                        <img decoding=\"async\" src=\"https:\/\/dv-group.com\/app\/uploads\/2023\/09\/protection-environnementale-1.png\" alt=\"\">\n                                    <\/div>\n                                                                                                    <h4>Gesti\u00f3n del impacto medioambiental:<\/h4>\n<ul>\n<li>Control de la energ\u00eda<\/li>\n<li>Reparaci\u00f3n frente a nuevo<\/li>\n<li>Plazos ecorresponsables<\/li>\n<\/ul>\n                                                            <\/div>\n                                            <\/div>\n                    <div class=\"grid-slider-nav blue\"><\/div>\n                            <\/div>\n        <\/section>\n    \n\n<div class=\"space large-space \">\n    <\/div>\n\n<section  data-section=\"nuestras-convicciones\" id=\"nuestras-convicciones\"  class=\"bloc-content -content  \">\n    <div class=\"container\">\n                                            <div class=\"txt-img--content\">\n                    <p class=\"uptitle\" style=\"text-align: center;\">Su rendimiento<\/p>\n<h2 style=\"text-align: center;\">Nuestras convicciones<\/h2>\n<p><img decoding=\"async\" class=\"alignnone size-full wp-image-1166\" src=\"http:\/\/preprod.dv-group.weareled.fr\/app\/uploads\/2023\/09\/we-are-together-blue.svg\" alt=\"\" \/><\/p>\n<p>&nbsp;<\/p>\n<p style=\"text-align: center;\">Acto seguido, elaboramos con usted un plan de acci\u00f3n pragm\u00e1tico para dotar a las distintas l\u00edneas de negocio de su organizaci\u00f3n de todos los recursos necesarios para llevar a cabo sus actividades, manteniendo controlados los costes operacionales y de inversi\u00f3n. Estas acciones deben integrar toda su cadena de valor y basarse en su realidad operacional, su entorno y sus cambios.<\/p>\n<p>&nbsp;<\/p>\n<h3 style=\"text-align: center;\"><strong>\u00bfNuestro objetivo?\u00a0Alcanzar la excelencia<\/strong><\/h3>\n<p>&nbsp;<\/p>\n<p class=\"highlighted\" style=\"text-align: center;\">Calidad \/ Coste \/ Plazos \/ Servicios \/ Seguridad \/ Gesti\u00f3n<\/p>\n                <\/div>\n                                <\/div>\n<\/section>\n\n<div class=\"space large-space \">\n    <\/div>\n\n<section data-section=libro-blanco class=\"white-book\">\n    <div class=\"white-book-container container\">\n        <div class=\"white-book-content\">\n                            <p><span style=\"color: #3ea2f7;\">Libro blanco<\/span><\/p>\n<h2>\u00bfPor qu\u00e9 elegir la industria 4.0? \u00bfc\u00f3mo?<\/h2>\n<h2>Acelerar la recuperaci\u00f3n del sector industrial<\/h2>\n                                        <a href=\"https:\/\/dv-group.com\/es\/dv-news#sync2\" target=\"_self\" class=\"btn primary light\">Libro blanco<\/a>\n                    <\/div>\n                    <div class=\"white-book-container-img\">\n                <img decoding=\"async\" src=\"https:\/\/dv-group.com\/app\/uploads\/2023\/09\/livre-blanc-droit-1.png\" alt=\"\">\n            <\/div>\n            <\/div>\n<\/section>\n\n<div class=\"space large-space \">\n    <\/div>","protected":false},"excerpt":{"rendered":"","protected":false},"author":3,"featured_media":7703,"parent":0,"menu_order":0,"comment_status":"closed","ping_status":"closed","template":"","meta":{"_acf_changed":false,"_seopress_robots_primary_cat":"","_seopress_titles_title":"Su rendimiento","_seopress_titles_desc":"Queremos responder a los nuevos retos a los que se enfrenta el sector indusctrial, pero sobre todo \u00a1queremos responder a sus retos!","_seopress_robots_index":"","footnotes":""},"class_list":["post-10075","page","type-page","status-publish","has-post-thumbnail","hentry"],"acf":[],"publishpress_future_action":{"enabled":false,"date":"2026-04-26 10:53:21","action":"change-status","newStatus":"draft","terms":[],"taxonomy":"translation_priority","extraData":[]},"publishpress_future_workflow_manual_trigger":{"enabledWorkflows":[]},"_links":{"self":[{"href":"https:\/\/dv-group.com\/es\/wp-json\/wp\/v2\/pages\/10075","targetHints":{"allow":["GET"]}}],"collection":[{"href":"https:\/\/dv-group.com\/es\/wp-json\/wp\/v2\/pages"}],"about":[{"href":"https:\/\/dv-group.com\/es\/wp-json\/wp\/v2\/types\/page"}],"author":[{"embeddable":true,"href":"https:\/\/dv-group.com\/es\/wp-json\/wp\/v2\/users\/3"}],"replies":[{"embeddable":true,"href":"https:\/\/dv-group.com\/es\/wp-json\/wp\/v2\/comments?post=10075"}],"version-history":[{"count":10,"href":"https:\/\/dv-group.com\/es\/wp-json\/wp\/v2\/pages\/10075\/revisions"}],"predecessor-version":[{"id":11017,"href":"https:\/\/dv-group.com\/es\/wp-json\/wp\/v2\/pages\/10075\/revisions\/11017"}],"wp:featuredmedia":[{"embeddable":true,"href":"https:\/\/dv-group.com\/es\/wp-json\/wp\/v2\/media\/7703"}],"wp:attachment":[{"href":"https:\/\/dv-group.com\/es\/wp-json\/wp\/v2\/media?parent=10075"}],"curies":[{"name":"wp","href":"https:\/\/api.w.org\/{rel}","templated":true}]}}