{"id":10058,"date":"2023-08-21T11:47:31","date_gmt":"2023-08-21T09:47:31","guid":{"rendered":"http:\/\/www.dv-group.com\/?page_id=10058"},"modified":"2023-09-22T09:09:10","modified_gmt":"2023-09-22T07:09:10","slug":"gestion-de-la-obsolescencia","status":"publish","type":"page","link":"https:\/\/dv-group.com\/es\/gestion-de-la-obsolescencia\/","title":{"rendered":"Gesti\u00f3n de la obsolescencia"},"content":{"rendered":"<section class=\"hero-secondary minified  divided \">\n    <div class=\"container\">\n                    <div class=\"hero-secondary--content\">\n                <p><span style=\"color: #ffffff;\">Retos industriales<\/span><\/p>\n<h1>Gesti\u00f3n de la obsolescencia<\/h1>\n            <\/div>\n                            <img decoding=\"async\" src=\"https:\/\/dv-group.com\/app\/uploads\/2023\/09\/ok-bd-gestion-obsolescence_60381045-scaled.jpg\" alt=\"\">\n        <\/section>\n\n\n<div class=\"space large-space \">\n    <\/div>\n\n<section  class=\"bloc-content -content  \">\n    <div class=\"container\">\n                                            <div class=\"txt-img--content\">\n                    <h2>Contexto<\/h2>\n<div class=\"two-col\">\n<ul>\n<li>\u00bfC\u00f3mo podemos anticipar a la obsolescencia de nuestro parque de m\u00e1quinas?<\/li>\n<li>\u00bfCu\u00e1les son las mejores pr\u00e1cticas para gestionar la obsolescencia de los equipos?<\/li>\n<li>\u00bfQu\u00e9 opciones existen para modernizar o sustituir las m\u00e1quinas obsoletas?<\/li>\n<li>\u00bfExisten programas de actualizaci\u00f3n o de retrofit para prolongar la vida \u00fatil de las m\u00e1quinas existentes?<\/li>\n<li>\u00bfCu\u00e1les son las ventajas de un enfoque proactivo de la gesti\u00f3n de la obsolescencia frente a uno reactivo?<\/li>\n<\/ul>\n<\/div>\n                <\/div>\n                                <\/div>\n<\/section>\n\n<div class=\"space small-space \">\n    <\/div>\n\n<section  class=\"didYouKnow\">\n    <div class=\"didYouKnow container\">\n                    <img decoding=\"async\" src=\"https:\/\/dv-group.com\/app\/uploads\/2023\/08\/icon-idea-blue.svg\" alt=\"\">\n                            <h3>\u00bfLo sab\u00eda?<\/h3>\n<ul>\n<li>19 a\u00f1os: la edad media del parque de m\u00e1quinas<\/li>\n<li>Seg\u00fan un estudio del Instituto de Ingenieros El\u00e9ctricos y Electr\u00f3nicos (IEEE), los costes asociados a la obsolescencia pueden representar hasta el 2% de la facturaci\u00f3n anual de una empresa.<\/li>\n<li>Seg\u00fan una encuesta del Grupo Aberdeen, las empresas que adoptan un enfoque proactivo de la gesti\u00f3n de la obsolescencia experimentan una mejora del 15% de su tiempo de actividad y una reducci\u00f3n del 10% en los costes de mantenimiento.<\/li>\n<\/ul>\n            <\/div>\n<\/section>\n\n<div class=\"space large-space \">\n    <\/div>\n\n<section  class=\"bloc-img\">\n    <div class=\"container\">\n                    <img decoding=\"async\" src=\"https:\/\/dv-group.com\/app\/uploads\/2023\/09\/rep-2-scaled.jpg\" alt=\"\">\n            <span class=\"legend\"><\/span>\n            <\/div>\n<\/section>\n\n<div class=\"space medium-space \">\n    <\/div>\n\n<section  class=\"bloc-content -content  \">\n    <div class=\"container\">\n                                            <div class=\"txt-img--content\">\n                    <h2 style=\"text-align: center;\">La respuesta de DV GROUP<\/h2>\n<p style=\"text-align: center;\">En el d\u00eda a d\u00eda, garantizar la disponibilidad de sus instalaciones es un reto importante, ya que es vital satisfacer las demandas de su entorno y reaccionar con rapidez en situaciones urgentes.<\/p>\n<p style=\"text-align: center;\">DV GROUP, con sus 3 BU complementarias, le ofrece un apoyo personalizado durante todo el ciclo de vida de su instalaci\u00f3n.<\/p>\n                <\/div>\n                                <\/div>\n<\/section>\n\n<div class=\"space xsmall-space \">\n    <\/div>\n\n<section  class=\"list\">\n    <div class=\"list-container\">\n                                                    <div class=\"list-two-columns\">\n            <h4>\u00bfC\u00f3mo podemos anticiparnos a la obsolescencia de nuestra maquinaria?<\/h4>\n                <div class=\"list-two-columns-first\">\n                            <img decoding=\"async\" src=\"https:\/\/dv-group.com\/app\/uploads\/2023\/08\/commercial-DV-GROUP-scaled-e1693923294991.jpg\" alt=\"\">\n                                        <p><strong>Auditor\u00eda de su parque de m\u00e1quinas<\/strong>: El diagn\u00f3stico del parque le ofrece una visi\u00f3n general del estado de su parque de automatizaci\u00f3n (obsolescencia, niveles del stock, criticidad, etc.).<\/p>\n<p>El diagn\u00f3stico de la flota le proporciona un plan de acci\u00f3n detallado y priorizado para garantizar la continuidad de sus instalaciones de producci\u00f3n (modernizaci\u00f3n, contrato de piezas, etc.).<\/p>\n<p>&nbsp;<\/p>\n                    <\/div>\n                <div class=\"list-two-columns-second\">\n                            <img decoding=\"async\" src=\"https:\/\/dv-group.com\/app\/uploads\/2023\/09\/monitoring-bd-scaled.jpg\" alt=\"Contr\u00f4le Pr\u00e9dictif monitoring\">\n                                        <p><strong>Control predictivo : <\/strong>Supervise el rendimiento de su parque de m\u00e1quinas y detecte signos de obsolescencia con el Control Predictivo OFFLINE y ONLINE. Nuestros expertos identificar\u00e1n los problemas potenciales en una fase temprana y tomar\u00e1n las medidas adecuadas.<\/p>\n                    <\/div>\n    <\/div>                <hr>\n                                                <div class=\"list-full-width\">\n        <h4>\u00bfCu\u00e1les son las mejores pr\u00e1cticas para gestionar la obsolescencia de los equipos?<\/h4>\n<p>Mantenimiento preventivo electromec\u00e1nico y electr\u00f3nico : establecemos un programa de mantenimiento preventivo para prolongar la vida \u00fatil de sus m\u00e1quinas + reducir las aver\u00edas y el riesgo de obsolescencia prematura.<\/p>\n    <\/div>\n                <hr>\n                                                <div class=\"list-full-width\">\n        <h4>\u00bfExisten programas de actualizaci\u00f3n para prolongar la vida \u00fatil de las m\u00e1quinas existentes?<\/h4>\n<div class=\"two-col\">\n<p>Hemos desarrollado la oferta UPGRADE, cuyo objetivo es:<\/p>\n<ul>\n<li>Gesti\u00f3n de traspasos<\/li>\n<li>Refuerzo de los planes de mantenimiento<\/li>\n<li>Garantizar el control t\u00e9cnico<\/li>\n<li>Mantener la disponibilidad de la m\u00e1quina<\/li>\n<li>Aumentar la productividad<\/li>\n<\/ul>\n<p>&nbsp;<\/p>\n<p>\u00bfC\u00f3mo se lleva a cabo?<\/p>\n<ul>\n<li>An\u00e1lisis de sus equipos y de su stock,<\/li>\n<li>Corregir \/ asegurar :<\/li>\n<li>Aportar fiabilidad (proactividad)<\/li>\n<\/ul>\n<div><\/div>\n<\/div>\n    <\/div>\n                <hr>\n                                                <div class=\"list-full-width\">\n        <h4>\u00bfQu\u00e9 opciones existen para modernizar o sustituir las m\u00e1quinas obsoletas?<\/h4>\n<p>Modernizaci\u00f3n y sustituci\u00f3n: Nuestra BU de INGENIER\u00cdA moderniza o sustituye sus equipos obsoletos. Esto puede incluir actualizaciones de software, de los retrofits para incorporar nuevas funcionalidades, o la sustituci\u00f3n completa por m\u00e1quinas m\u00e1s nuevas y de mayor rendimiento.<\/p>\n    <\/div>\n                <hr>\n                                                <div class=\"list-full-width\">\n        <h4>\u00bfCu\u00e1les son las ventajas de un enfoque proactivo de la gesti\u00f3n de la obsolescencia frente a uno reactivo?<\/h4>\n<p>Un enfoque proactivo de la gesti\u00f3n de la obsolescencia anticipa los problemas, reduce los costes, mejora el rendimiento, optimiza la gesti\u00f3n del riesgo y promueve la sostenibilidad. Ofrece muchas ventajas sobre un enfoque reactivo que simplemente reacciona a los problemas a medida que surgen.<\/p>\n    <\/div>\n                <hr>\n                        <\/div>\n<\/section>\n\n<div class=\"space large-space \">\n    <\/div>\n\n<section  class=\"double-simple-slider \">\n    <div class=\"container\">\n                    <div class=\"double-simple-slider--title \">\n                <p class=\"uptitle\">Reto industriales<\/p>\n<h2>Otros retos<\/h2>\n            <\/div>\n                            <ul class=\"double-simple-slider--slider  owl-carousel\">\n                                    <li class=\"card divided\">\n                        <a href=\"https:\/\/dv-group.com\/es\/retos-industriales\/\">\n                            <img decoding=\"async\" src=\"https:\/\/dv-group.com\/app\/uploads\/2023\/09\/AdobeStock_607840540-scaled.jpeg\" alt=\" image illustrant un challenge industriel\">\n\n                            <div class=\"redirection-challenge-list-content-container\">\n                                <p>Challenges <span>industriels<\/span><\/p>\n                                <hr>\n                                <div class=\"down-split\">\n                                    <h2>Retos industriales<\/h2>\n                                    <div href=\"\" class=\"circle-btn\"><\/div>\n                                <\/div>\n                            <\/div>\n                        <\/a>\n                    <\/li>\n                            <\/ul>\n                <div class=\"double-simple-slider--nav blue \">\n            <div class=\"double-simple-slider--nav-buttons blue\"><\/div>\n                            <a href=\"https:\/\/dv-group.com\/es\/retos-industriales\/\" class=\"btn reverse\" target=\"_self\">Voir tous les challenges<\/a>\n                    <\/div>\n    <\/div>\n<\/section>\n\n<div class=\"space large-space \">\n    <\/div>","protected":false},"excerpt":{"rendered":"","protected":false},"author":3,"featured_media":8281,"parent":0,"menu_order":0,"comment_status":"closed","ping_status":"closed","template":"","meta":{"_acf_changed":false,"_seopress_robots_primary_cat":"","_seopress_titles_title":"Gesti\u00f3n de la obsolescencia","_seopress_titles_desc":"Garantizar la disponibilidad de sus instalaciones es un reto importante, ya que es vital satisfacer las exigencias de su entorno y reaccionar con rapidez en situaciones de emergencia. Le acompa\u00f1amos durante todo el ciclo de vida de su instalaci\u00f3n.","_seopress_robots_index":"","footnotes":""},"class_list":["post-10058","page","type-page","status-publish","has-post-thumbnail","hentry"],"acf":[],"publishpress_future_action":{"enabled":false,"date":"2026-04-23 19:37:44","action":"change-status","newStatus":"draft","terms":[],"taxonomy":"translation_priority","extraData":[]},"publishpress_future_workflow_manual_trigger":{"enabledWorkflows":[]},"_links":{"self":[{"href":"https:\/\/dv-group.com\/es\/wp-json\/wp\/v2\/pages\/10058","targetHints":{"allow":["GET"]}}],"collection":[{"href":"https:\/\/dv-group.com\/es\/wp-json\/wp\/v2\/pages"}],"about":[{"href":"https:\/\/dv-group.com\/es\/wp-json\/wp\/v2\/types\/page"}],"author":[{"embeddable":true,"href":"https:\/\/dv-group.com\/es\/wp-json\/wp\/v2\/users\/3"}],"replies":[{"embeddable":true,"href":"https:\/\/dv-group.com\/es\/wp-json\/wp\/v2\/comments?post=10058"}],"version-history":[{"count":6,"href":"https:\/\/dv-group.com\/es\/wp-json\/wp\/v2\/pages\/10058\/revisions"}],"predecessor-version":[{"id":10069,"href":"https:\/\/dv-group.com\/es\/wp-json\/wp\/v2\/pages\/10058\/revisions\/10069"}],"wp:featuredmedia":[{"embeddable":true,"href":"https:\/\/dv-group.com\/es\/wp-json\/wp\/v2\/media\/8281"}],"wp:attachment":[{"href":"https:\/\/dv-group.com\/es\/wp-json\/wp\/v2\/media?parent=10058"}],"curies":[{"name":"wp","href":"https:\/\/api.w.org\/{rel}","templated":true}]}}