{"id":8867,"date":"2023-08-21T11:47:37","date_gmt":"2023-08-21T09:47:37","guid":{"rendered":"http:\/\/www.dv-group.com\/nos-expertises\/"},"modified":"2023-09-22T09:43:58","modified_gmt":"2023-09-22T07:43:58","slug":"nos-expertises","status":"publish","type":"page","link":"https:\/\/dv-group.com\/de\/nos-expertises\/","title":{"rendered":"Unsere Expertise"},"content":{"rendered":"<section class=\"hero-secondary minified page-expertise  \">\n    <div class=\"container\">\n                    <div class=\"hero-secondary--content\">\n                <p class=\"uptitle\"><span class=\"ui-provider eo cda bbh cdb cdc cdd cde cdf cdg cdh cdi cdj cdk cdl cdm cdn cdo cdp cdq cdr cds cdt cdu cdv cdw cdx cdy cdz cea ceb cec ced cee cef ceg\" dir=\"ltr\">Unsere Expertise<\/span><\/p>\n<h1>Engineering \/ Maintenance \/ Control<\/h1>\n            <\/div>\n                            <img decoding=\"async\" src=\"https:\/\/dv-group.com\/app\/uploads\/2023\/09\/hero_nos_expertises.jpg\" alt=\"\">\n        <\/section>\n\n\n<div class=\"space large-space \">\n    <\/div>\n\n<section  class=\"bloc-content -content  \">\n    <div class=\"container\">\n                                            <div class=\"txt-img--content\">\n                    <p style=\"font-weight: 400; text-align: center;\">Mit 50 Jahren Erfahrung in den Bereichen Automation-Robotik, elektromechanisch-elektronische Wartung sowie vorausschauende Kontrolle und \u00dcberwachung setzt sich die DV GROUP heute f\u00fcr die Transformation und Digitalisierung der Industrie ein: Industrie 4.0<\/p>\n<p style=\"font-weight: 400; text-align: center;\">\n<p style=\"font-weight: 400; text-align: center;\">Um effiziente, auf jeden unserer Kunden zugeschnittene L\u00f6sungen anbieten zu k\u00f6nnen, vereinen wir unser fachliches Know-how nach Prozessen und den Synergien unserer drei Achsen.<\/p>\n<p style=\"font-weight: 400; text-align: center;\">Wir verwalten die gesamte Wertsch\u00f6pfungskette eines Industrieprojekts: von der Idee, die von unserem Konstruktionsb\u00fcro konzeptualisiert wird, bis hin zum Einsatz der Produktionslinien, der Kontrolle und der Wartung.<\/p>\n                <\/div>\n                                <\/div>\n<\/section>\n\n<section  class=\"expertise container   \">\n    <div class=\"expertise-header\">\n        <div class=\"slider-title-category\">\n                    <\/div>\n    <\/div>\n            <div class=\"expertise-container \">\n                            <div class=\"img-container\">\n                                            <a href=\"https:\/\/dv-group.com\/de\/ingenierie\/\">\n                                                                            <img decoding=\"async\" src=\"https:\/\/dv-group.com\/app\/uploads\/2023\/08\/Background_ingenierie_menu-e1694441278305.jpg\" alt=\"https:\/\/dv-group.com\/app\/uploads\/2023\/08\/Background_ingenierie_menu-e1694441278305.jpg\">\n                                                <div class=\"card-content\">\n                                                            <div class=\"up-part-container\">\n                                    <p class=\"uptitle\">Unsere Expertise<\/p>\n<h2>Engineering<\/h2>\n                                <\/div>\n                                                                                        <div class=\"expertise-card-content\">\n                                    <p>Von der Konzeption bis zur Integration von L\u00f6sungen in den Bereichen Automation, Robotik und digitale Ingenieurwissenschaften arbeiten wir an der Transformation Ihrer Fabriken<\/p>\n                                <\/div>\n                                                    <\/div>\n                        <button class=\"diag-arrow-btn\"><\/button>\n                                                <\/a>\n                                    <\/div>\n                            <div class=\"img-container\">\n                                            <a href=\"https:\/\/dv-group.com\/de\/maintenance\/\">\n                                                                            <img decoding=\"async\" src=\"https:\/\/dv-group.com\/app\/uploads\/2023\/08\/Background_maintenance_menu.jpg\" alt=\"https:\/\/dv-group.com\/app\/uploads\/2023\/08\/Background_maintenance_menu.jpg\">\n                                                <div class=\"card-content\">\n                                                            <div class=\"up-part-container\">\n                                    <p class=\"uptitle\">Unsere Expertise<\/p>\n<h2>Maintenance<\/h2>\n                                <\/div>\n                                                                                        <div class=\"expertise-card-content\">\n                                    <p>Unser Angebot im Bereich der umfassenden Wartung gew\u00e4hrleistet die Verf\u00fcgbarkeit und Sicherheit Ihrer Ausr\u00fcstung: Elektromechanik, Elektronik, Servomotoren<\/p>\n                                <\/div>\n                                                    <\/div>\n                        <button class=\"diag-arrow-btn\"><\/button>\n                                                <\/a>\n                                    <\/div>\n                            <div class=\"img-container\">\n                                            <a href=\"https:\/\/dv-group.com\/de\/control\/\">\n                                                                            <img decoding=\"async\" src=\"https:\/\/dv-group.com\/app\/uploads\/2023\/08\/Background_controle_menu.jpg\" alt=\"https:\/\/dv-group.com\/app\/uploads\/2023\/08\/Background_controle_menu.jpg\">\n                                                <div class=\"card-content\">\n                                                            <div class=\"up-part-container\">\n                                    <p class=\"uptitle\">Unsere Expertise<\/p>\n<h2>Control<\/h2>\n                                <\/div>\n                                                                                        <div class=\"expertise-card-content\">\n                                    <p>Die DV GROUP-CONTROL erm\u00f6glicht es Ihnen, einen proaktiven Ansatz f\u00fcr die Wartung zu verfolgen, Ihre Operationen zu optimieren, Ihre Gesamtrentabilit\u00e4t zu verbessern und operative Exzellenz zu erreichen<\/p>\n                                <\/div>\n                                                    <\/div>\n                        <button class=\"diag-arrow-btn\"><\/button>\n                                                <\/a>\n                                    <\/div>\n                    <\/div>\n        <div class=\"expertise--nav-buttons blue\"><\/div>\n    <\/section>\n<!-- end expertise -->\n\n<div class=\"space large-space \">\n    <\/div>","protected":false},"excerpt":{"rendered":"","protected":false},"author":12,"featured_media":0,"parent":0,"menu_order":0,"comment_status":"closed","ping_status":"closed","template":"","meta":{"_acf_changed":false,"_seopress_robots_primary_cat":"","_seopress_titles_title":"Unsere Expertise","_seopress_titles_desc":"Mit 50 Jahren Erfahrung in den Bereichen Automation-Robotik, elektromechanisch-elektronische Wartung sowie vorausschauende Kontrolle und \u00dcberwachung setzt sich die DV GROUP heute f\u00fcr die Transformation und Digitalisierung der Industrie ein: Industrie 4.0 ","_seopress_robots_index":"","footnotes":""},"class_list":["post-8867","page","type-page","status-publish","hentry"],"acf":[],"publishpress_future_action":{"enabled":false,"date":"2026-04-20 18:16:54","action":"change-status","newStatus":"draft","terms":[],"taxonomy":"translation_priority","extraData":[]},"publishpress_future_workflow_manual_trigger":{"enabledWorkflows":[]},"_links":{"self":[{"href":"https:\/\/dv-group.com\/de\/wp-json\/wp\/v2\/pages\/8867","targetHints":{"allow":["GET"]}}],"collection":[{"href":"https:\/\/dv-group.com\/de\/wp-json\/wp\/v2\/pages"}],"about":[{"href":"https:\/\/dv-group.com\/de\/wp-json\/wp\/v2\/types\/page"}],"author":[{"embeddable":true,"href":"https:\/\/dv-group.com\/de\/wp-json\/wp\/v2\/users\/12"}],"replies":[{"embeddable":true,"href":"https:\/\/dv-group.com\/de\/wp-json\/wp\/v2\/comments?post=8867"}],"version-history":[{"count":3,"href":"https:\/\/dv-group.com\/de\/wp-json\/wp\/v2\/pages\/8867\/revisions"}],"predecessor-version":[{"id":15381,"href":"https:\/\/dv-group.com\/de\/wp-json\/wp\/v2\/pages\/8867\/revisions\/15381"}],"wp:attachment":[{"href":"https:\/\/dv-group.com\/de\/wp-json\/wp\/v2\/media?parent=8867"}],"curies":[{"name":"wp","href":"https:\/\/api.w.org\/{rel}","templated":true}]}}