{"id":7939,"date":"2023-08-21T15:13:27","date_gmt":"2023-08-21T13:13:27","guid":{"rendered":"http:\/\/www.dv-group.com\/mentions-legales\/"},"modified":"2023-09-22T09:43:23","modified_gmt":"2023-09-22T07:43:23","slug":"mentions-legales","status":"publish","type":"page","link":"https:\/\/dv-group.com\/de\/mentions-legales\/","title":{"rendered":"Rechtliche Hinweise"},"content":{"rendered":"<section  class=\"legal\">\n    <div class=\"container\">\n        <h1>Rechtliche Hinweise<\/h1>\n                    <div class=\"legal--content\">\n                <h2 style=\"font-weight: 400;\"><strong>Herausgeber der Website<\/strong><\/h2>\n<p><strong>DV GROUP<\/strong><br \/>\n16 Rue de l\u2019Usine<br \/>\n62 140 GRIGNY<\/p>\n<p><a href=\"mailto:caroline.pillien@dv-group.com\">caroline.pillien@dv-group.com<\/a><\/p>\n<h2 style=\"font-weight: 400;\"><strong>Webdesign und -hosting<\/strong><\/h2>\n<div>\n<p><span lang=\"EN-US\">Website gehostet von: <\/span>OVH, 2 Rue Kellermann, 59100 Roubaix<\/p>\n<div><span lang=\"FR\">Website gestaltet von:<\/span><\/div>\n<\/div>\n<p>Les Enchanteurs<\/p>\n<p>40 Place du Th\u00e9\u00e2tre \u00a0 \u00a0 \u00a0 \u00a0 \u00a0 \u00a0 \u00a0 \u00a0 \u00a0 \u00a0 \u00a0 \u00a0 \u00a0 \u00a0 \u00a0 \u00a0 \u00a0 \u00a0 \u00a0 \u00a0 \u00a0 \u00a0 \u00a0 \u00a0 \u00a0 \u00a0 \u00a0 \u00a0 \u00a0 \u00a0 \u00a0 \u00a0 \u00a0 \u00a0 \u00a0 \u00a0 \u00a0 \u00a0 \u00a0 \u00a0 \u00a0 \u00a0 \u00a0 \u00a0 \u00a0 \u00a0 \u00a0 \u00a0 \u00a0 \u00a0 \u00a0 \u00a0 \u00a0 \u00a0 \u00a0 \u00a0 \u00a0 \u00a0 \u00a0 \u00a0 \u00a0 \u00a0 \u00a0 \u00a0 \u00a0 59800 Lille \u2013 France<br \/>\n+33 (0)3 28 04 02 30<br \/>\n<a href=\"http:\/\/www.lesenchanteurs.fr\" target=\"_blank\" rel=\"noopener\">www.lesenchanteurs.fr<\/a><\/p>\n<h2 style=\"font-weight: 400;\"><strong>Eintragung bei der Aufsichtsbeh\u00f6rde CNIL<\/strong><\/h2>\n<p style=\"font-weight: 400;\">Die Website www.dv-groupe.fr ist bei der franz\u00f6sischen Aufsichtsichtsbeh\u00f6rde \u201eCommission Nationale de l\u2019Informatique et des Libert\u00e9s\u201c unter der Nr. 899163 eingetragen.<\/p>\n<h2 style=\"font-weight: 400;\"><strong>Datenschutz \u2013 Personenbezogene Daten<\/strong><\/h2>\n<p style=\"font-weight: 400;\">Alle auf der Website erhobenen personenbezogenen Daten werden streng vertraulich behandelt. Wir erinnern Sie daran, dass Sie \u00fcber ein Recht auf Auskunft, \u00c4nderung, Berichtigung und L\u00f6schung der Sie betreffenden Daten verf\u00fcgen (Art. 34 des franz\u00f6sischen Datenschutzgesetzes vom 6. Januar 1978). Um, von diesem Recht Gebrauch zu machen, wenden Sie sich an:<\/p>\n<p><strong>DV GROUP<\/strong><br \/>\n16 Rue de l\u2019Usine<br \/>\n62 140 GRIGNY<br \/>\nT\u00e9l. : <span lang=\"EN-US\">+33<\/span>\u00a0825 825 826<br \/>\nFax : <span lang=\"EN-US\">+33<\/span>\u00a0825 825 006<br \/>\nMail : contact@dv-groupe.com<\/p>\n<h2 style=\"font-weight: 400;\"><strong>Haftung<\/strong><\/h2>\n<p style=\"font-weight: 400;\">Die Devos Vandenhove Gruppe unterliegt f\u00fcr alle Funktionen der Website lediglich einer Mittelpflicht. Die DV GROUP kann f\u00fcr keine Nachteile oder Sch\u00e4den irgendwelcher Art haftbar gemacht werden, die an die Benutzung der Webseite gebunden sind, insbesondere Serviceausfall, Eindringen oder Pr\u00e4senz eines Computervirus oder irgendein Ereignis der h\u00f6heren Gewalt im Sinne der Rechtsprechung.<\/p>\n<h2 style=\"font-weight: 400;\"><strong>Geistiges Eigentum<\/strong><\/h2>\n<p style=\"font-weight: 400;\">Alle Bestandteile der Website dv-group.com, einschlie\u00dflich die zum Download bereitgestellten Dokumente, sind durch Urheber-, Marken- oder Patentrecht gesch\u00fctzt. Sie sind alleiniges Eigentum der DV GROUP.\u00a0 Folglich d\u00fcrfen ohne die vorherige, ausdr\u00fcckliche Zustimmung der DV GROUP in keiner Weise irgendwelche auf der Website reproduzierten Teile oder ein Teil bzw. die gesamte Website vervielf\u00e4ltigt, dargestellt, ver\u00f6ffentlicht, ge\u00e4ndert oder genehmigt werden.<\/p>\n<h2 style=\"font-weight: 400;\"><strong>Dauer<\/strong><\/h2>\n<p style=\"font-weight: 400;\">Diese Bedingungen gelten w\u00e4hrend der gesamten Dauer der Onlinestellung des Service, die von der DV GROUP auf der Website dv-group.com angeboten werden.<\/p>\n<h2 style=\"font-weight: 400;\"><strong>Anwendbares Recht und Gerichtsstand<\/strong><\/h2>\n<p style=\"font-weight: 400;\">Die vorliegenden Bedingungen unterliegen franz\u00f6sischem Recht. Mangels einer g\u00fctlichen Einigung sind bei Rechtsstreitigkeiten zwischen den Parteien die franz\u00f6sischen Gerichte zust\u00e4ndig.<\/p>\n<h2 style=\"font-weight: 400;\"><strong>Redaktioneller Inhalt<\/strong><\/h2>\n<p>DV GROUP<\/p>\n            <\/div>\n            <\/div>\n<\/section>","protected":false},"excerpt":{"rendered":"","protected":false},"author":12,"featured_media":0,"parent":0,"menu_order":0,"comment_status":"closed","ping_status":"closed","template":"","meta":{"_acf_changed":false,"_seopress_robots_primary_cat":"","_seopress_titles_title":" Rechtliche Hinweise - DV Group","_seopress_titles_desc":"DV GROUP Rechtliche Hinweise","_seopress_robots_index":"","footnotes":""},"class_list":["post-7939","page","type-page","status-publish","hentry"],"acf":[],"publishpress_future_action":{"enabled":false,"date":"2026-04-20 18:16:38","action":"change-status","newStatus":"draft","terms":[],"taxonomy":"translation_priority","extraData":[]},"publishpress_future_workflow_manual_trigger":{"enabledWorkflows":[]},"_links":{"self":[{"href":"https:\/\/dv-group.com\/de\/wp-json\/wp\/v2\/pages\/7939","targetHints":{"allow":["GET"]}}],"collection":[{"href":"https:\/\/dv-group.com\/de\/wp-json\/wp\/v2\/pages"}],"about":[{"href":"https:\/\/dv-group.com\/de\/wp-json\/wp\/v2\/types\/page"}],"author":[{"embeddable":true,"href":"https:\/\/dv-group.com\/de\/wp-json\/wp\/v2\/users\/12"}],"replies":[{"embeddable":true,"href":"https:\/\/dv-group.com\/de\/wp-json\/wp\/v2\/comments?post=7939"}],"version-history":[{"count":4,"href":"https:\/\/dv-group.com\/de\/wp-json\/wp\/v2\/pages\/7939\/revisions"}],"predecessor-version":[{"id":8099,"href":"https:\/\/dv-group.com\/de\/wp-json\/wp\/v2\/pages\/7939\/revisions\/8099"}],"wp:attachment":[{"href":"https:\/\/dv-group.com\/de\/wp-json\/wp\/v2\/media?parent=7939"}],"curies":[{"name":"wp","href":"https:\/\/api.w.org\/{rel}","templated":true}]}}