{"id":7725,"date":"2023-09-12T10:34:59","date_gmt":"2023-09-12T08:34:59","guid":{"rendered":"http:\/\/www.dv-group.com\/controle-data\/"},"modified":"2025-07-28T13:51:40","modified_gmt":"2025-07-28T11:51:40","slug":"controle-data","status":"publish","type":"page","link":"https:\/\/dv-group.com\/de\/controle-data\/","title":{"rendered":"Data Control"},"content":{"rendered":"<section class=\"hero-secondary minified page-expertise  double\">\n    <div class=\"container\">\n                    <div class=\"hero-secondary--content\">\n                <p class=\"uptitle\">Unsere Expertise<\/p>\n<h1>Data Control<\/h1>\n            <\/div>\n                            <img decoding=\"async\" src=\"https:\/\/dv-group.com\/app\/uploads\/2023\/09\/Expertise-Controle-scaled.jpeg\" alt=\"Contr\u00f4le DV GROUP\">\n        <\/section>\n    <div class=\"subnav hover-effect\">\n                    <style>\n                .hero-secondary.minified {\n                    padding-bottom: 96px;\n                }\n            <\/style>\n            <nav>\n                <ul>\n                                                                                                                                                                                                                                                <li class=\"\">\n                                <a href=\"https:\/\/dv-group.com\/de\/control\/\">Control<\/a>\n                                                            <\/li>\n                                                    <li class=\"\">\n                                <a href=\"https:\/\/dv-group.com\/de\/controle-predictif\/\">Pr\u00e4diktive Control<\/a>\n                                                            <\/li>\n                                                            <\/ul>\n                <span class=\"border\"><\/span>\n            <\/nav>\n            <\/div>\n\n\n<div class=\"space large-space \">\n    <\/div>\n\n<section  class=\"bloc-content -content  \">\n    <div class=\"container\">\n                                            <div class=\"txt-img--content\">\n                    <h3 style=\"text-align: center;\">Verwalten Sie Ihr Produktionswerkzeug mithilfe von Daten mit einem Ziel: GER\u00c4TELEISTUNG<\/h3>\n<p style=\"text-align: center;\"><img loading=\"lazy\" decoding=\"async\" class=\"alignnone size-medium wp-image-4013\" src=\"http:\/\/preprod.dv-group.weareled.fr\/app\/uploads\/2023\/09\/logo-smart-contour-blanc-300x84.png\" alt=\"Logo Smart DV GROUP\" width=\"300\" height=\"84\" srcset=\"https:\/\/dv-group.com\/app\/uploads\/2023\/09\/logo-smart-contour-blanc-300x84.png 300w, https:\/\/dv-group.com\/app\/uploads\/2023\/09\/logo-smart-contour-blanc-1024x285.png 1024w, https:\/\/dv-group.com\/app\/uploads\/2023\/09\/logo-smart-contour-blanc-768x214.png 768w, https:\/\/dv-group.com\/app\/uploads\/2023\/09\/logo-smart-contour-blanc-1536x428.png 1536w, https:\/\/dv-group.com\/app\/uploads\/2023\/09\/logo-smart-contour-blanc-2048x570.png 2048w\" sizes=\"auto, (max-width: 300px) 100vw, 300px\" \/><\/p>\n<p style=\"text-align: center;\">Um die Produktivit\u00e4t, Energie, Wartung und Qualit\u00e4t Ihrer Industriestandorte besser zu verwalten, bietet Ihnen DV GROUP seine innovativen SMART-L\u00f6sungen an. Sie kombinieren Beratungs-, Support- und \u00dcberwachungsl\u00f6sungen, um Ihre Daten zu identifizieren, zu analysieren und zum Sprechen zu bringen.<\/p>\n<p style=\"text-align: center;\">SMART sind leistungsstarke, agile, einfache und skalierbare Hebel f\u00fcr operative Exzellenz, die Ihre Herausforderungen meistern.<\/p>\n                <\/div>\n                                <\/div>\n<\/section>\n\n<section  class=\"bloc-img\">\n    <div class=\"container\">\n                    <img decoding=\"async\" src=\"https:\/\/dv-group.com\/app\/uploads\/2023\/09\/vues-smart-energy-quali-vok-1400x500-1.jpg\" alt=\"\">\n            <span class=\"legend\"><\/span>\n            <\/div>\n<\/section>\n\n<section data-section=smart-energy class=\"list\">\n    <div class=\"list-container\">\n                                                        <div class=\"list-full-width\">\n        <h4><strong style=\"color: #3ea2f7;\"><strong><img loading=\"lazy\" decoding=\"async\" class=\"alignnone size-medium wp-image-6093\" src=\"http:\/\/preprod.dv-group.weareled.fr\/app\/uploads\/2023\/09\/Vok-LOGO-SMART-energy-1-1-e1694515216277-300x95.png\" alt=\"\" width=\"300\" height=\"95\" srcset=\"https:\/\/dv-group.com\/app\/uploads\/2023\/09\/Vok-LOGO-SMART-energy-1-1-e1694515216277-300x95.png 300w, https:\/\/dv-group.com\/app\/uploads\/2023\/09\/Vok-LOGO-SMART-energy-1-1-e1694515216277.png 310w\" sizes=\"auto, (max-width: 300px) 100vw, 300px\" \/><\/strong><\/strong><\/h4>\n<h4><strong style=\"color: #3ea2f7;\"><strong>Reduzieren Sie Energiekosten und Umweltbelastung<\/strong><\/strong><span style=\"color: #10a9eb;\">: <\/span>Energie &amp; Daten<\/h4>\n<p>SMART ENERGY ist die Softwarel\u00f6sung der DV GROUP, mit der Sie einen vollst\u00e4ndigen \u00dcberblick \u00fcber den Energieverbrauch Ihres Standorts erhalten. Sie k\u00f6nnen Ihren Verbrauch verfolgen von:<\/p>\n<ul>\n<li>Strom<\/li>\n<li>Gas<\/li>\n<li>Wasser<\/li>\n<li>Temperatur<\/li>\n<li>Luftqualit\u00e4t Ihres Netzwerks.<\/li>\n<\/ul>\n    <\/div>\n                <hr>\n                        <\/div>\n<\/section>\n\n<section  class=\"bloc-video\">\n    <div class=\"container\">\n                <div id=\"cookie-message\" data-hide-on-vendor-consent=\"youtube\">\n            <span><\/span>\n            Bitte akzeptieren Sie Cookies, um das Video zu sehen            <button onclick=\"window.axeptioSDK.requestConsent('youtube')\" id=\"accept-cookies\" class=\"btn primary\">Ich stimme zu<\/button>\n        <\/div>\n                                                <\/div>\n<\/section>\n\n<section  class=\"didYouKnow\">\n    <div class=\"didYouKnow container\">\n                    <img decoding=\"async\" src=\"https:\/\/dv-group.com\/app\/uploads\/2023\/08\/icon-idea-blue.svg\" alt=\"\">\n                            <h4>Mit unserer <strong>modularen, flexiblen, erweiterbaren<\/strong> SMART ENERGY-L\u00f6sung k\u00f6nnen Sie:<\/h4>\n<ul>\n<li>Ihren Energieverbrauch deutlich senken<\/li>\n<li>Eine energieeffiziente Steuerung Ihrer Produktionsanlagen einf\u00fchren<\/li>\n<li>Ihre Indikatoren f\u00fcr die Energieeffizienz (EPI) festlegen und verfolgen<\/li>\n<li>Eine Teil- oder Vollfinanzierung f\u00fcr diese Art von Projekten erhalten<\/li>\n<li>Leichter Vorschriften einhalten<\/li>\n<\/ul>\n            <\/div>\n<\/section>\n\n<div class=\"space medium-space \">\n    <\/div>\n\n<section data-section=smart-technic class=\"list\">\n    <div class=\"list-container\">\n                                                        <div class=\"list-full-width\">\n        <p><img loading=\"lazy\" decoding=\"async\" class=\"alignnone size-medium wp-image-4798\" src=\"http:\/\/preprod.dv-group.weareled.fr\/app\/uploads\/2023\/09\/logo-smart-technic-300x102.png\" alt=\"\" width=\"300\" height=\"102\" srcset=\"https:\/\/dv-group.com\/app\/uploads\/2023\/09\/logo-smart-technic-300x102.png 300w, https:\/\/dv-group.com\/app\/uploads\/2023\/09\/logo-smart-technic-1024x348.png 1024w, https:\/\/dv-group.com\/app\/uploads\/2023\/09\/logo-smart-technic-768x261.png 768w, https:\/\/dv-group.com\/app\/uploads\/2023\/09\/logo-smart-technic-1536x523.png 1536w, https:\/\/dv-group.com\/app\/uploads\/2023\/09\/logo-smart-technic-2048x697.png 2048w\" sizes=\"auto, (max-width: 300px) 100vw, 300px\" \/><\/p>\n<h4><span style=\"color: #10a9eb;\">Die betriebliche Optimierung Ihrer Anlage:<\/span> Wartung &amp; Daten.<\/h4>\n<p>&nbsp;<\/p>\n<p>Die &#8220;Datensilos&#8221; der zustandsorientierten Wartungsdaten (z. B. Vibrationen, Ultraschall) und der Prozessdaten (z. B. Durchfluss, Druck, Temperatur) k\u00f6nnen kombiniert werden, um eine bessere Erkennbarkeit schwer zu erfassender Ausfallmodi zu erreichen, was zu einer fr\u00fcheren und effektiveren Alarmierung f\u00fchrt.<\/p>\n<p>SMART TECHNIC, unser Vertical, das Prozess-\/Wartungsdaten in Echtzeit analysiert, in Verbindung mit unserem Fachwissen \u00fcber Antriebssysteme (Motorwartung, Antriebswartung und Wartung des angetriebenen Systems), erm\u00f6glicht Ihnen:<\/p>\n<p>&nbsp;<\/p>\n<ul>\n<li><strong>Erh\u00f6hung der Maschinenverf\u00fcgbarkeit<\/strong>: Dank der genauen Kenntnis der Stillstandszeiten und der Wiederanlaufzeiten der Maschinen ist es m\u00f6glich, die Wartungszeiten zu antizipieren und zu reduzieren (da die Wartung geplant und kontrolliert wird) und die Auswirkungen auf die Produktion zu begrenzen.<\/li>\n<li><strong>Antizipation der Lagerhaltung<\/strong>: Dies ist vor allem dann erforderlich, wenn die zu lagernden Teile teuer sind oder der Austausch lange dauern kann.<\/li>\n<li><strong>Umstellung auf zustandsorientierte oder vorausschauende Wartung<\/strong>: Die Produktionsteams k\u00f6nnen im entscheidenden Moment eingreifen, um Ausf\u00e4lle zu vermeiden und die Wartungskosten zu optimieren (z. B. bei Maschinenanfragen oder vermuteten Problemen).<\/li>\n<\/ul>\n    <\/div>\n                <hr>\n                        <\/div>\n<\/section>\n\n<div class=\"space xsmall-space \">\n    <\/div>\n\n<div class=\"space xsmall-space \">\n    <\/div>\n\n<!-- Start method  -->\n<section  class=\"method\">\n    <div class=\"container\">\n        <div class=\"method-titles--container\">\n                            <h4><strong>UNSERE METHODE<\/strong><\/h4>\n                    <\/div>\n                    <div class=\"method-tabs-container\">\n                                                    <div class=\"tab  active\">\n                        <div class=\"step-container\">\n                                                            <div class=\"number-container\">\n                                    <p>1<\/p>\n                                <\/div>\n                                                                                        <div class=\"title-container\">\n                                    <p>ZIELE<\/p>\n                                <\/div>\n                                                                                        <div class=\"description-container\">\n                                    <p>Erstellung Ihrer Ziele<\/p>\n                                <\/div>\n                                                    <\/div>\n\n                    <\/div>\n                    <hr>                                                        <div class=\"tab  \">\n                        <div class=\"step-container\">\n                                                            <div class=\"number-container\">\n                                    <p>2<\/p>\n                                <\/div>\n                                                                                        <div class=\"title-container\">\n                                    <p>RESTITUTION<\/p>\n                                <\/div>\n                                                                                        <div class=\"description-container\">\n                                    <p>Definieren der R\u00fcckgabeebene, an wen sind die Daten gerichtet, wem dienen sie?<\/p>\n                                <\/div>\n                                                    <\/div>\n\n                    <\/div>\n                    <hr>                                                        <div class=\"tab  \">\n                        <div class=\"step-container\">\n                                                            <div class=\"number-container\">\n                                    <p>3<\/p>\n                                <\/div>\n                                                                                        <div class=\"title-container\">\n                                    <p>TECHNISCHE ZUSAGEN<\/p>\n                                <\/div>\n                                                                                        <div class=\"description-container\">\n                                    <p>&#8211; Infrastruktur: On-Premise oder gehostet<\/p>\n<p>&#8211; Datenbank: lokal (Edge) oder Netzwerk (Cloud)<\/p>\n<p>&#8211; Sicher: Cybersicherheit<\/p>\n<p>&#8211; Erweitert: KI-Integration<\/p>\n                                <\/div>\n                                                    <\/div>\n\n                    <\/div>\n                                                                    <\/div>\n                    <\/div>\n<\/section>\n<!-- End method -->\n\n    <section  class=\"txt-titre-2col\">\n        <div class=\"txt-titre-2col-container container\">\n                            <div class=\"title-container\">\n                    <h2><strong><span style=\"color: #10a9eb;\">UNSERE ENGAGEMENTS<\/span> <\/strong><\/h2>\n<p>&nbsp;<\/p>\n                <\/div>\n                                            <\/div>\n    <\/section>\n                    <section  class=\"grid-slider blue\">\n            <div class=\"container\">\n                                    <div class=\"owl-carousel\">\n                                                                                <div class=\"card picto\">\n                                                                                                    <ul>\n<li>Wir bieten flexible und modulare Unterst\u00fctzung, von der sehr fr\u00fchen Beratung bis hin zur Entwicklung und Integration von Standard- oder ma\u00dfgeschneiderten L\u00f6sungen, als Gesamtl\u00f6sungen oder als Module f\u00fcr spezifische L\u00f6sungen.<\/li>\n<\/ul>\n                                                            <\/div>\n                                                                                <div class=\"card picto\">\n                                                                                                    <ul>\n<li>Wir verf\u00fcgen \u00fcber umfassende Kenntnisse der Prozesse unserer Kunden sowie deren gesch\u00e4ftlichen Anforderungen und beherrschen die digitalen Technologien.<\/li>\n<\/ul>\n                                                            <\/div>\n                                                                                <div class=\"card picto\">\n                                                                                                    <p><strong>Wir sch\u00e4tzen Daten<\/strong><\/p>\n<ol>\n<li>Verwaltung und Aufwertung von Industriedaten<\/li>\n<li>Industrielle Data Science<\/li>\n<li>Messung der Leistung<\/li>\n<li>Instandhaltung unter Betriebsbedingungen (MCO)<\/li>\n<\/ol>\n                                                            <\/div>\n                                            <\/div>\n                    <div class=\"grid-slider-nav blue\"><\/div>\n                            <\/div>\n        <\/section>\n    \n\n<div class=\"space large-space \">\n    <\/div>\n\n<section  class=\"slider-testimonies\">\n    <div class=\"slider-testimonies--container container\">\n                    <p><span style=\"color: #3ea2f7;\">Control<\/span><\/p>\n<h2>Erfahrungsberichte<\/h2>\n                            <div class=\"testimonies owl-carousel\">\n                                                        <div class=\"testimony\">\n                                                    <p>&#8220;Dank DV GROUP sind unsere Daten \u00fcber den Stromverbrauch nun mit denen der Produktion korreliert. Dadurch verf\u00fcgen wir \u00fcber relevante und zuverl\u00e4ssige Indikatoren, die Teil unserer Entscheidungskette sind.&#8221; <\/p>\n                                                                            <p class=\"name\">Fran\u00e7ois-Xavier Luchart<\/p>\n                                                                            <p class=\"role\">Leiter der Tiefdruckanlage &#8211; Lenglet Gravure<\/p>\n                                            <\/div>\n                            <\/div>\n            <div class=\"testimonies--nav-buttons blue\"><\/div>\n            <\/div>\n<\/section>\n\n<div class=\"space large-space \">\n    <\/div>\n\n    <section  class=\"simple-slider\">\n        <div class=\"container\">\n                            <div class=\"simple-slider--title \">\n                    <p class=\"uptitle\">Fallstudien<\/p>\n<h4>Verlinkte Fallstudien<\/h4>\n                <\/div>\n                        <div class=\"simple-slider--slider  owl-carousel\">\n                                                        <div class=\"card casestudy\">\n                        <a href=\"https:\/\/dv-group.com\/de\/etudes-de-cas\/maintenance-preventive-de-plus-de-120-moteurs-et-variateurs\/\"><img decoding=\"async\" src=\"https:\/\/dv-group.com\/app\/uploads\/2025\/06\/AdobeStock_1395737268-scaled.jpeg\" alt=\"\"><span href=\"#\" class=\"diag-arrow-btn\"><\/span><\/a>\n                        <div class=\"content\">\n                            <h4><a href=\"https:\/\/dv-group.com\/de\/etudes-de-cas\/maintenance-preventive-de-plus-de-120-moteurs-et-variateurs\/\">Pr\u00e4ventive Maintenance von \u00fcber 120 Motoren und Frequenzumrichtern<\/a><\/h4>\n                            <div class=\"informations\">\n                                <span class=\"category\">Fallstudie<\/span>\n                                <span class=\"date\">25 June 2025<\/span>\n                            <\/div>\n                        <\/div>\n                    <\/div>\n                                                        <div class=\"card casestudy\">\n                        <a href=\"https:\/\/dv-group.com\/de\/etudes-de-cas\/reparation-en-urgence-dun-moteur-200kw-dextrudeuse-a-la-suite-dune-mesure-vibratoire\/\"><img decoding=\"async\" src=\"https:\/\/dv-group.com\/app\/uploads\/2024\/11\/AdobeStock_917328433-scaled.jpeg\" alt=\"\"><span href=\"#\" class=\"diag-arrow-btn\"><\/span><\/a>\n                        <div class=\"content\">\n                            <h4><a href=\"https:\/\/dv-group.com\/de\/etudes-de-cas\/reparation-en-urgence-dun-moteur-200kw-dextrudeuse-a-la-suite-dune-mesure-vibratoire\/\">Notfallreparatur eines Extrudermotors (200 kW) nach einer Schwingungsmessung<\/a><\/h4>\n                            <div class=\"informations\">\n                                <span class=\"category\">Fallstudie<\/span>\n                                <span class=\"date\">28 November 2024<\/span>\n                            <\/div>\n                        <\/div>\n                    <\/div>\n                                                        <div class=\"card casestudy\">\n                        <a href=\"https:\/\/dv-group.com\/de\/etudes-de-cas\/monitoring-vibratoire-dune-ligne-de-fabrication-de-cafe\/\"><img decoding=\"async\" src=\"https:\/\/dv-group.com\/app\/uploads\/2024\/04\/AdobeStock_637482892-scaled.jpeg\" alt=\"\"><span href=\"#\" class=\"diag-arrow-btn\"><\/span><\/a>\n                        <div class=\"content\">\n                            <h4><a href=\"https:\/\/dv-group.com\/de\/etudes-de-cas\/monitoring-vibratoire-dune-ligne-de-fabrication-de-cafe\/\">Schwingungs\u00fcberwachung einer Kaffeeproduktionsanlage<\/a><\/h4>\n                            <div class=\"informations\">\n                                <span class=\"category\">Fallstudie<\/span>\n                                <span class=\"date\">05 April 2024<\/span>\n                            <\/div>\n                        <\/div>\n                    <\/div>\n                                                        <div class=\"card casestudy\">\n                        <a href=\"https:\/\/dv-group.com\/de\/etudes-de-cas\/modelisation-du-reseau-electrique-hta-bt\/\"><img decoding=\"async\" src=\"https:\/\/dv-group.com\/app\/uploads\/2023\/08\/AdobeStock_583316652.png\" alt=\"\"><span href=\"#\" class=\"diag-arrow-btn\"><\/span><\/a>\n                        <div class=\"content\">\n                            <h4><a href=\"https:\/\/dv-group.com\/de\/etudes-de-cas\/modelisation-du-reseau-electrique-hta-bt\/\">Modelling of the HTA\/BT electric network<\/a><\/h4>\n                            <div class=\"informations\">\n                                <span class=\"category\">Fallstudie<\/span>\n                                <span class=\"date\">01 September 2023<\/span>\n                            <\/div>\n                        <\/div>\n                    <\/div>\n                            <\/div>\n            <div class=\"simple-slider--nav blue \">\n                <div class=\"simple-slider--nav-buttons blue\"><\/div>\n                                    <a href=\"https:\/\/dv-group.com\/de\/etude-de-cas\/?preview_id=7293&#038;preview_nonce=4ab9af52c0&#038;preview=true\" class=\"btn reverse\">Alle Fallstudien anzeigen<\/a>\n                            <\/div>\n        <\/div>\n    <\/section>\n\n\n<div class=\"space large-space \">\n    <div class=\"separator\"><\/div><\/div>\n\n<section  class=\"slider-solutions\">\n    <div class=\"slider-solutions--container container\">\n                    <div class=\"slider-solutions--title\">\n                <p><span style=\"color: #3ea2f7;\">Control<\/span><\/p>\n<h2>Entdecken Sie unsere anderen Control-L\u00f6sungen<\/h2>\n            <\/div>\n                            <div class=\"solutions-container -slider\">\n                                                        <div class=\"solution-card\">\n                                                    <a href=\"https:\/\/dv-group.com\/de\/controle-predictif\/?preview_id=7628&#038;preview_nonce=2837adb497&#038;preview=true\">\n                                                                    <img decoding=\"async\" src=\"https:\/\/dv-group.com\/app\/uploads\/2023\/09\/monitoring-bd-scaled.jpg\" alt=\"Contr\u00f4le Pr\u00e9dictif monitoring\">\n                                                                <div class=\"diag-arrow-btn\"><\/div>\n                                <div class=\"title-container\">\n                                                                            <p class=\"uptitle\">L\u00f6sungen<\/p>\n<h4>Pr\u00e4diktive Control<\/h4>\n                                                                    <\/div>\n                            <\/a>\n                                            <\/div>\n                            <\/div>\n            <div class=\"solutions--nav-buttons blue\"><\/div>\n            <\/div>\n<\/section>\n\n<div class=\"space large-space \">\n    <\/div>\n\n<section data-section=expertise class=\"expertise container   \">\n    <div class=\"expertise-header\">\n        <div class=\"slider-title-category\">\n                            <p class=\"uptitle\">Unsere Expertise<\/p>\n<h2>Die Expertisen von DV GROUP sind auch&#8230;<\/h2>\n                    <\/div>\n    <\/div>\n            <div class=\"expertise-container two-columns\">\n                            <div class=\"img-container\">\n                                            <a href=\"https:\/\/dv-group.com\/ingenierie\/\">\n                                                                            <img decoding=\"async\" src=\"https:\/\/dv-group.com\/app\/uploads\/2023\/08\/inge-min-scaled.jpg\" alt=\"https:\/\/dv-group.com\/app\/uploads\/2023\/08\/inge-min-scaled.jpg\">\n                                                <div class=\"card-content\">\n                                                            <div class=\"up-part-container\">\n                                    <p class=\"uptitle\">Unsere Expertise<\/p>\n<h2>ENGINEERING<\/h2>\n                                <\/div>\n                                                                                        <div class=\"expertise-card-content\">\n                                    <p>Von der Planung bis zur Integration von L\u00f6sungen in Automatisierung, Robotik und digitalem Ingenieurwesen arbeiten wir an der Transformation Ihrer Fabriken.<\/p>\n                                <\/div>\n                                                    <\/div>\n                        <button class=\"diag-arrow-btn\"><\/button>\n                                                <\/a>\n                                    <\/div>\n                            <div class=\"img-container\">\n                                            <a href=\"https:\/\/dv-group.com\/maintenance\/\">\n                                                                            <img decoding=\"async\" src=\"https:\/\/dv-group.com\/app\/uploads\/2023\/08\/engine.jpg\" alt=\"https:\/\/dv-group.com\/app\/uploads\/2023\/08\/engine.jpg\">\n                                                <div class=\"card-content\">\n                                                            <div class=\"up-part-container\">\n                                    <p class=\"uptitle\">Unsere Expertise<\/p>\n<h2>MAINTENANCE<\/h2>\n                                <\/div>\n                                                                                        <div class=\"expertise-card-content\">\n                                    <p>Unser umfassendes Wartungsangebot gew\u00e4hrleistet die Verf\u00fcgbarkeit und Sicherheit Ihrer Anlagen: elektromechanische, elektronische Ger\u00e4te und Servomotoren.<\/p>\n                                <\/div>\n                                                    <\/div>\n                        <button class=\"diag-arrow-btn\"><\/button>\n                                                <\/a>\n                                    <\/div>\n                    <\/div>\n        <div class=\"expertise--nav-buttons blue\"><\/div>\n    <\/section>\n<!-- end expertise -->\n\n<div class=\"space large-space \">\n    <\/div>","protected":false},"excerpt":{"rendered":"","protected":false},"author":3,"featured_media":0,"parent":0,"menu_order":0,"comment_status":"closed","ping_status":"closed","template":"","meta":{"_acf_changed":false,"_seopress_robots_primary_cat":"","_seopress_titles_title":"Data Control - DV GROUP","_seopress_titles_desc":"Steuern Sie Ihre Produktionsanlagen durch Daten mit einem Ziel: die LEISTUNGSF\u00c4HIGKEIT DER AUSR\u00dcSTUNGEN.","_seopress_robots_index":"","footnotes":""},"class_list":["post-7725","page","type-page","status-publish","hentry"],"acf":[],"publishpress_future_action":{"enabled":false,"date":"2026-04-27 11:13:26","action":"change-status","newStatus":"draft","terms":[],"taxonomy":"translation_priority","extraData":[]},"publishpress_future_workflow_manual_trigger":{"enabledWorkflows":[]},"_links":{"self":[{"href":"https:\/\/dv-group.com\/de\/wp-json\/wp\/v2\/pages\/7725","targetHints":{"allow":["GET"]}}],"collection":[{"href":"https:\/\/dv-group.com\/de\/wp-json\/wp\/v2\/pages"}],"about":[{"href":"https:\/\/dv-group.com\/de\/wp-json\/wp\/v2\/types\/page"}],"author":[{"embeddable":true,"href":"https:\/\/dv-group.com\/de\/wp-json\/wp\/v2\/users\/3"}],"replies":[{"embeddable":true,"href":"https:\/\/dv-group.com\/de\/wp-json\/wp\/v2\/comments?post=7725"}],"version-history":[{"count":28,"href":"https:\/\/dv-group.com\/de\/wp-json\/wp\/v2\/pages\/7725\/revisions"}],"predecessor-version":[{"id":17149,"href":"https:\/\/dv-group.com\/de\/wp-json\/wp\/v2\/pages\/7725\/revisions\/17149"}],"wp:attachment":[{"href":"https:\/\/dv-group.com\/de\/wp-json\/wp\/v2\/media?parent=7725"}],"curies":[{"name":"wp","href":"https:\/\/api.w.org\/{rel}","templated":true}]}}