{"id":7567,"date":"2023-08-21T11:47:31","date_gmt":"2023-08-21T09:47:31","guid":{"rendered":"http:\/\/www.dv-group.com\/gestion-obsolescence\/"},"modified":"2024-05-23T17:49:15","modified_gmt":"2024-05-23T15:49:15","slug":"gestion-obsolescence","status":"publish","type":"page","link":"https:\/\/dv-group.com\/de\/gestion-obsolescence\/","title":{"rendered":"Umgang mit Obsoleszenz"},"content":{"rendered":"<section class=\"hero-secondary minified  divided \">\n    <div class=\"container\">\n                    <div class=\"hero-secondary--content\">\n                <p class=\"uptitle\">Industrielle Herausforderungen<\/p>\n<h1>Umgang mit Obsoleszenz<\/h1>\n            <\/div>\n                            <img decoding=\"async\" src=\"https:\/\/dv-group.com\/app\/uploads\/2023\/09\/gestion-obsolescence_592888085-scaled.jpg\" alt=\"\">\n        <\/section>\n\n\n<div class=\"space large-space \">\n    <\/div>\n\n<section  class=\"bloc-content -content  \">\n    <div class=\"container\">\n                                            <div class=\"txt-img--content\">\n                    <h2>Kontext<\/h2>\n<div class=\"two-col\">\n<ul>\n<li>Wie k\u00f6nnen wir die Veralterung der Maschinenparks antizipieren?<\/li>\n<li>Welche bew\u00e4hrten Verfahren gibt es, um mit veralteten Ger\u00e4ten umzugehen?<\/li>\n<li>Welche Optionen gibt es, um veraltete Maschinen zu modernisieren oder zu ersetzen?<\/li>\n<li>Gibt es Aufr\u00fcstungs- oder Nachr\u00fcstungsprogramme, um die Lebensdauer der vorhandenen Maschinen zu verl\u00e4ngern?<\/li>\n<li>Welche Vorteile bietet ein proaktiver Ansatz zum Umgang mit veralteten Anlagen im Vergleich zu einem reaktiven Ansatz?<\/li>\n<\/ul>\n<\/div>\n                <\/div>\n                                <\/div>\n<\/section>\n\n<div class=\"space large-space \">\n    <\/div>\n\n<section  class=\"didYouKnow\">\n    <div class=\"didYouKnow container\">\n                    <img decoding=\"async\" src=\"https:\/\/dv-group.com\/app\/uploads\/2023\/08\/icon-idea-blue.svg\" alt=\"\">\n                            <h3>Wussten Sie schon?<\/h3>\n<ul>\n<li>19 Jahre &#8211; das ist das Durchschnittsalter des Maschinenparks in Frankreich.<\/li>\n<li>22 Mrd. \u20ac &#8211; das ist der Gesamtbetrag der Ausgaben f\u00fcr industrielle Wartung in Frankreich.<br \/>\nLaut einer Studie des Institute of Electrical and Electronics Engineers (IEEE) k\u00f6nnen die mit der Veralterung verbundenen Kosten bis zu 2 % des Jahresumsatzes eines Unternehmens ausmachen.<\/li>\n<li>Laut einer Umfrage der Aberdeen Group sehen Unternehmen, die einen proaktiven Ansatz f\u00fcr das Obsoleszenzmanagement verfolgen, eine Verbesserung der Verf\u00fcgbarkeitszeit um 15% und eine Senkung der Wartungskosten um 10%.<\/li>\n<\/ul>\n            <\/div>\n<\/section>\n\n<div class=\"space large-space \">\n    <\/div>\n\n<section  class=\"bloc-img\">\n    <div class=\"container\">\n                    <img decoding=\"async\" src=\"https:\/\/dv-group.com\/app\/uploads\/2023\/09\/rep-2-scaled.jpg\" alt=\"\">\n            <span class=\"legend\"><\/span>\n            <\/div>\n<\/section>\n\n<div class=\"space large-space \">\n    <\/div>\n\n<section  class=\"bloc-content -content  \">\n    <div class=\"container\">\n                                            <div class=\"txt-img--content\">\n                    <h2 style=\"text-align: center;\">Die Antwort von DV GROUP<\/h2>\n<p style=\"text-align: center;\">Die Verf\u00fcgbarkeit Ihrer Anlagen zu gew\u00e4hrleisten, ist im Alltag eine gro\u00dfe Herausforderung, denn es ist lebenswichtig, den Anforderungen Ihrer Umgebung gerecht zu werden und schnell auf Notfallsituationen zu reagieren. Die DV GROUP bietet mit ihren drei sich erg\u00e4nzenden BUs eine individuelle Betreuung w\u00e4hrend des gesamten Lebenszyklus Ihrer Anlage.<\/p>\n                <\/div>\n                                <\/div>\n<\/section>\n\n<div class=\"space large-space \">\n    <\/div>\n\n<section  class=\"list\">\n    <div class=\"list-container\">\n                                                    <div class=\"list-two-columns\">\n            <h4>Wie k\u00f6nnen wir die Veralterung unseres Maschinenparks antizipieren?<\/h4>\n                <div class=\"list-two-columns-first\">\n                            <img decoding=\"async\" src=\"https:\/\/dv-group.com\/app\/uploads\/2023\/08\/commercial-DV-GROUP-scaled-e1693923294991.jpg\" alt=\"\">\n                                        <p><strong>Pr\u00fcfung Ihres Maschinenparks:<\/strong> Die Diagnose Ihres Maschinenparks verschafft Ihnen einen \u00dcberblick \u00fcber den Zustand Ihres Automatisierungsparks (Veralterung, Lagerbestand, Kritikalit\u00e4t&#8230;). Unsere Experten erstellen einen detaillierten und priorisierten Aktionsplan, um die Kontinuit\u00e4t des Betriebs Ihrer Produktionsmittel zu gew\u00e4hrleisten (Modernisierung, Teilevertrag&#8230;).<\/p>\n<p>&nbsp;<\/p>\n                    <\/div>\n                <div class=\"list-two-columns-second\">\n                            <img decoding=\"async\" src=\"https:\/\/dv-group.com\/app\/uploads\/2023\/09\/monitoring-bd-scaled.jpg\" alt=\"Contr\u00f4le Pr\u00e9dictif monitoring\">\n                                        <p><strong>Predictive Control:<\/strong> \u00dcberwachen Sie die Leistung Ihres Maschinenparks und erkennen Sie mit Predictive Control Anzeichen von Veralterung. Unsere Experten werden potenzielle Probleme fr\u00fchzeitig erkennen und geeignete Ma\u00dfnahmen ergreifen.<\/p>\n                    <\/div>\n    <\/div>                <hr>\n                                                <div class=\"list-full-width\">\n        <h4>Welche bew\u00e4hrten Verfahren gibt es f\u00fcr den Umgang mit veralteten Ger\u00e4ten?<\/h4>\n<p>Vorbeugende Wartung Elektromechanik und Elektronik: Wir stellen ein Programm zur vorbeugenden Wartung auf, um die Lebensdauer Ihrer Maschinen zu verl\u00e4ngern, Ausf\u00e4lle zu reduzieren sowie das Risiko einer vorzeitigen Veralterung zu verringern.<\/p>\n    <\/div>\n                <hr>\n                                                <div class=\"list-full-width\">\n        <h4>Gibt es Aufr\u00fcstungsprogramme, um die Lebensdauer der vorhandenen Maschinen zu verl\u00e4ngern?<\/h4>\n<div class=\"two-col\">\n<p>Wir haben das <strong>UPGRADE<\/strong>-Angebot entwickelt, das folgende Ziele verfolgt:<\/p>\n<ul>\n<li>Den Carry Over verwalten<br \/>\nSt\u00e4rkung der Wartungspl\u00e4ne<br \/>\nTechnische Steuerung sicherstellen<\/li>\n<\/ul>\n<p>&nbsp;<\/p>\n<p>Wie?<\/p>\n<ul>\n<li>Analyse: Ihrer Ausr\u00fcstung, Ihres Bestands<\/li>\n<li>Korrektur \/ Absicherung<\/li>\n<li>Verl\u00e4sslichkeit<\/li>\n<\/ul>\n<div><\/div>\n<\/div>\n    <\/div>\n                <hr>\n                                                <div class=\"list-full-width\">\n        <h4>Welche Optionen gibt es, um veraltete Maschinen zu modernisieren oder zu ersetzen?<\/h4>\n<p>Modernisierung und Austausch: Unsere <a href=\"https:\/\/dv-group.com\/de\/ingenierie\/?preview_id=7792&#038;preview_nonce=460b346722&#038;preview=true&#038;_thumbnail_id=1857\">BU ENGINEERING <\/a>modernisiert oder ersetzt Ihre veralteten Ger\u00e4te. Dies kann Software-Upgrades, Retrofits zur Integration neuer Funktionen oder den kompletten Austausch durch neuere und leistungsf\u00e4higere Maschinen umfassen.<\/p>\n    <\/div>\n                <hr>\n                                                <div class=\"list-full-width\">\n        <h4>Welche Vorteile hat ein proaktiver Ansatz zum Umgang mit Veralterung im Vergleich zu einem reaktiven Ansatz?<\/h4>\n<p>Ein proaktiver Ansatz f\u00fcr das Obsoleszenzmanagement erm\u00f6glicht es, Probleme zu antizipieren, Kosten zu senken, die Leistung zu verbessern, Risiken besser zu managen und die Nachhaltigkeit zu f\u00f6rdern. Er bietet somit zahlreiche Vorteile gegen\u00fcber einem reaktiven Ansatz, der lediglich auf Probleme reagiert, wenn sie auftreten.<\/p>\n    <\/div>\n                <hr>\n                        <\/div>\n<\/section>\n\n<div class=\"space large-space \">\n    <\/div>","protected":false},"excerpt":{"rendered":"","protected":false},"author":12,"featured_media":8279,"parent":0,"menu_order":0,"comment_status":"closed","ping_status":"closed","template":"","meta":{"_acf_changed":false,"_seopress_robots_primary_cat":"","_seopress_titles_title":"Umgang mit Obsoleszenz - DV Group","_seopress_titles_desc":"Die Verf\u00fcgbarkeit Ihrer Anlagen zu gew\u00e4hrleisten ist eine gro\u00dfe Herausforderung, denn es ist lebenswichtig, den Anforderungen Ihrer Umgebung gerecht zu werden und in Notsituationen schnell zu reagieren. Wir unterst\u00fctzen Sie w\u00e4hrend des gesamten Lebenszyklus Ihrer Anlage.","_seopress_robots_index":"","footnotes":""},"class_list":["post-7567","page","type-page","status-publish","has-post-thumbnail","hentry"],"acf":[],"publishpress_future_action":{"enabled":false,"date":"2026-04-30 21:37:24","action":"change-status","newStatus":"draft","terms":[],"taxonomy":"translation_priority","extraData":[]},"publishpress_future_workflow_manual_trigger":{"enabledWorkflows":[]},"_links":{"self":[{"href":"https:\/\/dv-group.com\/de\/wp-json\/wp\/v2\/pages\/7567","targetHints":{"allow":["GET"]}}],"collection":[{"href":"https:\/\/dv-group.com\/de\/wp-json\/wp\/v2\/pages"}],"about":[{"href":"https:\/\/dv-group.com\/de\/wp-json\/wp\/v2\/types\/page"}],"author":[{"embeddable":true,"href":"https:\/\/dv-group.com\/de\/wp-json\/wp\/v2\/users\/12"}],"replies":[{"embeddable":true,"href":"https:\/\/dv-group.com\/de\/wp-json\/wp\/v2\/comments?post=7567"}],"version-history":[{"count":9,"href":"https:\/\/dv-group.com\/de\/wp-json\/wp\/v2\/pages\/7567\/revisions"}],"predecessor-version":[{"id":15359,"href":"https:\/\/dv-group.com\/de\/wp-json\/wp\/v2\/pages\/7567\/revisions\/15359"}],"wp:featuredmedia":[{"embeddable":true,"href":"https:\/\/dv-group.com\/de\/wp-json\/wp\/v2\/media\/8279"}],"wp:attachment":[{"href":"https:\/\/dv-group.com\/de\/wp-json\/wp\/v2\/media?parent=7567"}],"curies":[{"name":"wp","href":"https:\/\/api.w.org\/{rel}","templated":true}]}}