{"id":7293,"date":"2023-08-21T11:48:53","date_gmt":"2023-08-21T09:48:53","guid":{"rendered":"http:\/\/www.dv-group.com\/etude-de-cas\/"},"modified":"2024-05-23T16:50:49","modified_gmt":"2024-05-23T14:50:49","slug":"etude-de-cas","status":"publish","type":"page","link":"https:\/\/dv-group.com\/de\/etude-de-cas\/","title":{"rendered":"Fallstudien"},"content":{"rendered":"<div class=\"space large-space \">\n    <\/div>\n\n<section class=\"list-case-study\">\n    <div class=\"list-case-study-header container\">\n                    <p class=\"uptitle\">Fallstudien<\/p>\n<h2>Erfahren Sie, wie wir die Herausforderungen unserer Kunden gemeistert haben<\/h2>\n            <\/div>\n    <div class=\"list-case-study--filter container\">\n        <div class=\"filter-title\">Fallstudien filtern<\/div>\n        <div class=\"filter-container\">\n            <input type=\"hidden\" name=\"ajax\" value=\"https:\/\/dv-group.com\/wp\/wp-admin\/admin-ajax.php\">\n            <input type=\"hidden\" name=\"nonce\" value=\"7739205831\">\n            <input type=\"hidden\" name=\"action\" value=\"filter_etude_de_cas\">\n                            <div class=\"select-filter\">\n                    <label for=\"\">T\u00e4tigkeitsbereich<\/label>\n                    <select name=\"filter-secteurs-activites\" id=\"select-filter-secteurs-activites\">\n                        <option value=\"\" selected>Ihre Auswahl<\/option>\n                                                    <option value=\"amusement-park-en-de\">Amusement Park<\/option>\n                                                    <option value=\"electronics-electricity-en-de\">Electronics \/ Electricity<\/option>\n                                                    <option value=\"environment-energy-en-de\">Environment \/ Energy<\/option>\n                                                    <option value=\"hoch-und-tiefbau-baustoffe\">Hoch und Tiefbau \/ Baustoffe<\/option>\n                                                    <option value=\"holz-papier-pappe-druckerei\">Holz \/ Papier \/ Pappe \/ Druckerei<\/option>\n                                                    <option value=\"kunststoff-gummi\">Kunststoff \/ Gummi<\/option>\n                                                    <option value=\"lebensmittelindustrie\">Lebensmittelindustrie<\/option>\n                                                    <option value=\"maschinen-und-ausruestungen-fuer-autos\">Maschinen und Ausr\u00fcstungen f\u00fcr Autos<\/option>\n                                                    <option value=\"mechanical-engineering-en-de\">Mechanical Engineering<\/option>\n                                                    <option value=\"plastic-rubber-en-de\">Plastic \/ Rubber<\/option>\n                                                    <option value=\"stahlindustrie-metallurgie\">Stahlindustrie \/ Metallurgie<\/option>\n                                                    <option value=\"steel-metallurgy-en-de\">Steel \/ Metallurgy<\/option>\n                                                    <option value=\"vergnuegungspark\">Vergn\u00fcgungspark<\/option>\n                                            <\/select>\n                    <button class=\"btn\"><\/button>\n                <\/div>\n                                        <div class=\"select-filter\">\n                    <label for=\"\">Expertisen<\/label>\n                    <select name=\"filter-category-cs\" id=\"select-filter-category-cs\">\n                        <option value=\"\" selected=\"\">Ihre Auswahl<\/option>\n                                                    <option value=\"kontrolle\">Control<\/option>\n                                                    <option value=\"engineering-de-2\">Engineering<\/option>\n                                                    <option value=\"wartung\">Maintenance<\/option>\n                                            <\/select>\n                    <button class=\"btn\"><\/button>\n                <\/div>\n                                        <div class=\"select-filter\">\n                    <label for=\"\">L\u00f6sungen<\/label>\n                    <select name=\"filter-solutions\" id=\"select-filter-solutions\">\n                        <option value=\"\" selected=\"\">Ihre Auswahl<\/option>\n                                                    <option value=\"automatisierung\">Automatisierung<\/option>\n                                                    <option value=\"drive-de\">Drive<\/option>\n                                                    <option value=\"elektromechanisch\">Elektromechanisch<\/option>\n                                                    <option value=\"elektronisch\">Elektronisch<\/option>\n                                                    <option value=\"energie-de\">Energie<\/option>\n                                                    <option value=\"praediktiv\">Pr\u00e4diktiv<\/option>\n                                                    <option value=\"servomotoren\">Servomotoren<\/option>\n                                            <\/select>\n                    <button class=\"btn\"><\/button>\n                <\/div>\n                                        <div class=\"select-filter\">\n                    <label for=\"\">Land<\/label>\n                    <select name=\"filter-pays\" id=\"select-filter-pays\">\n                        <option value=\"\" selected=\"\">Ihre Auswahl<\/option>\n                                                    <option value=\"allemagne-de\">Deutschland<\/option>\n                                                    <option value=\"france-de\">France<\/option>\n                                                    <option value=\"niederlande\">Niederlande<\/option>\n                                            <\/select>\n                    <button class=\"btn\"><\/button>\n                <\/div>\n                        <div class=\"filter-button\"><button>Filtern<\/button><\/div>\n        <\/div>\n        <div class=\"refresh\"><button class=\"reset-result\">Filter zur\u00fccksetzen<\/button><\/div>\n    <\/div>\n            <div class=\"list-case-study--container container\">\n                                            <div class=\"card casestudy\">\n                    <a href=\"https:\/\/dv-group.com\/de\/etudes-de-cas\/maintenance-preventive-de-plus-de-120-moteurs-et-variateurs\/\"><img decoding=\"async\" src=\"https:\/\/dv-group.com\/app\/uploads\/2025\/06\/AdobeStock_1395737268-scaled.jpeg\" alt=\"\">\n                        <div class=\"diag-arrow-btn\"><\/div>\n                    <\/a>\n                    <div class=\"content\">\n                        <h4><a href=\"https:\/\/dv-group.com\/de\/etudes-de-cas\/maintenance-preventive-de-plus-de-120-moteurs-et-variateurs\/\">Pr\u00e4ventive Maintenance von \u00fcber 120 Motoren und Frequenzumrichtern<\/a><\/h4>\n                        <div class=\"informations\">\n                            <span class=\"category\">Fallstudie<\/span>\n                            <span class=\"date\">25 June 2025<\/span>\n                        <\/div>\n                    <\/div>\n                <\/div>\n                                            <div class=\"card casestudy\">\n                    <a href=\"https:\/\/dv-group.com\/de\/etudes-de-cas\/preventif-sur-2-masterdrive-800-kw-armoire-3-portes\/\"><img decoding=\"async\" src=\"https:\/\/dv-group.com\/app\/uploads\/2024\/12\/AdobeStock_165501360-scaled.jpeg\" alt=\"\">\n                        <div class=\"diag-arrow-btn\"><\/div>\n                    <\/a>\n                    <div class=\"content\">\n                        <h4><a href=\"https:\/\/dv-group.com\/de\/etudes-de-cas\/preventif-sur-2-masterdrive-800-kw-armoire-3-portes\/\">Pr\u00e4ventivma\u00dfnahmen an 2 Masterdrives (800 kW, Schrank mit 3 T\u00fcren)<\/a><\/h4>\n                        <div class=\"informations\">\n                            <span class=\"category\">Fallstudie<\/span>\n                            <span class=\"date\">10 December 2024<\/span>\n                        <\/div>\n                    <\/div>\n                <\/div>\n                                            <div class=\"card casestudy\">\n                    <a href=\"https:\/\/dv-group.com\/de\/etudes-de-cas\/reparation-en-urgence-dun-moteur-200kw-dextrudeuse-a-la-suite-dune-mesure-vibratoire\/\"><img decoding=\"async\" src=\"https:\/\/dv-group.com\/app\/uploads\/2024\/11\/AdobeStock_917328433-scaled.jpeg\" alt=\"\">\n                        <div class=\"diag-arrow-btn\"><\/div>\n                    <\/a>\n                    <div class=\"content\">\n                        <h4><a href=\"https:\/\/dv-group.com\/de\/etudes-de-cas\/reparation-en-urgence-dun-moteur-200kw-dextrudeuse-a-la-suite-dune-mesure-vibratoire\/\">Notfallreparatur eines Extrudermotors (200 kW) nach einer Schwingungsmessung<\/a><\/h4>\n                        <div class=\"informations\">\n                            <span class=\"category\">Fallstudie<\/span>\n                            <span class=\"date\">28 November 2024<\/span>\n                        <\/div>\n                    <\/div>\n                <\/div>\n                                            <div class=\"card casestudy\">\n                    <a href=\"https:\/\/dv-group.com\/de\/etudes-de-cas\/plan-zur-vorbeugenden-wartung-von-large-drive-antrieben\/\"><img decoding=\"async\" src=\"https:\/\/dv-group.com\/app\/uploads\/2024\/07\/banniere-vela-joncoux.jpg\" alt=\"\">\n                        <div class=\"diag-arrow-btn\"><\/div>\n                    <\/a>\n                    <div class=\"content\">\n                        <h4><a href=\"https:\/\/dv-group.com\/de\/etudes-de-cas\/plan-zur-vorbeugenden-wartung-von-large-drive-antrieben\/\">Plan zur vorbeugenden Wartung von Large Drive-Antrieben<\/a><\/h4>\n                        <div class=\"informations\">\n                            <span class=\"category\">Fallstudie<\/span>\n                            <span class=\"date\">29 August 2024<\/span>\n                        <\/div>\n                    <\/div>\n                <\/div>\n                                            <div class=\"card casestudy\">\n                    <a href=\"https:\/\/dv-group.com\/de\/etudes-de-cas\/monitoring-vibratoire-dune-ligne-de-fabrication-de-cafe\/\"><img decoding=\"async\" src=\"https:\/\/dv-group.com\/app\/uploads\/2024\/04\/AdobeStock_637482892-scaled.jpeg\" alt=\"\">\n                        <div class=\"diag-arrow-btn\"><\/div>\n                    <\/a>\n                    <div class=\"content\">\n                        <h4><a href=\"https:\/\/dv-group.com\/de\/etudes-de-cas\/monitoring-vibratoire-dune-ligne-de-fabrication-de-cafe\/\">Schwingungs\u00fcberwachung einer Kaffeeproduktionsanlage<\/a><\/h4>\n                        <div class=\"informations\">\n                            <span class=\"category\">Fallstudie<\/span>\n                            <span class=\"date\">05 April 2024<\/span>\n                        <\/div>\n                    <\/div>\n                <\/div>\n                                            <div class=\"card casestudy\">\n                    <a href=\"https:\/\/dv-group.com\/de\/etudes-de-cas\/gestion-de-lobsolescence-audit-du-parc-materiel-dune-usine-de-moteurs-de-camion\/\"><img decoding=\"async\" src=\"https:\/\/dv-group.com\/app\/uploads\/2023\/11\/AdobeStock_116573127-scaled.jpeg\" alt=\"\">\n                        <div class=\"diag-arrow-btn\"><\/div>\n                    <\/a>\n                    <div class=\"content\">\n                        <h4><a href=\"https:\/\/dv-group.com\/de\/etudes-de-cas\/gestion-de-lobsolescence-audit-du-parc-materiel-dune-usine-de-moteurs-de-camion\/\">Obsoleszenzmanagement: Pr\u00fcfung des Materialbestands einer Fabrik f\u00fcr LKW-Motoren<\/a><\/h4>\n                        <div class=\"informations\">\n                            <span class=\"category\">Fallstudie<\/span>\n                            <span class=\"date\">14 November 2023<\/span>\n                        <\/div>\n                    <\/div>\n                <\/div>\n                                            <div class=\"card casestudy\">\n                    <a href=\"https:\/\/dv-group.com\/de\/etudes-de-cas\/reparation-et-fiabilisation-de-variateurs\/\"><img decoding=\"async\" src=\"https:\/\/dv-group.com\/app\/uploads\/2023\/09\/AdobeStock_462080587-scaled.jpeg\" alt=\"\">\n                        <div class=\"diag-arrow-btn\"><\/div>\n                    <\/a>\n                    <div class=\"content\">\n                        <h4><a href=\"https:\/\/dv-group.com\/de\/etudes-de-cas\/reparation-et-fiabilisation-de-variateurs\/\">Reparatur und Zuverl\u00e4ssigkeit von Antrieben<\/a><\/h4>\n                        <div class=\"informations\">\n                            <span class=\"category\">Fallstudie<\/span>\n                            <span class=\"date\">12 September 2023<\/span>\n                        <\/div>\n                    <\/div>\n                <\/div>\n                                            <div class=\"card casestudy\">\n                    <a href=\"https:\/\/dv-group.com\/de\/etudes-de-cas\/elopak-maintenance-electronique-preventif-correctif-ang\/\"><img decoding=\"async\" src=\"https:\/\/dv-group.com\/app\/uploads\/2023\/09\/AdobeStock_154900643-scaled.jpeg\" alt=\"\">\n                        <div class=\"diag-arrow-btn\"><\/div>\n                    <\/a>\n                    <div class=\"content\">\n                        <h4><a href=\"https:\/\/dv-group.com\/de\/etudes-de-cas\/elopak-maintenance-electronique-preventif-correctif-ang\/\">ELOPAK: Korrigierende vorbeugende elektronische Wartung<\/a><\/h4>\n                        <div class=\"informations\">\n                            <span class=\"category\">Fallstudie<\/span>\n                            <span class=\"date\">12 September 2023<\/span>\n                        <\/div>\n                    <\/div>\n                <\/div>\n                                            <div class=\"card casestudy\">\n                    <a href=\"https:\/\/dv-group.com\/de\/etudes-de-cas\/maintenance-preventive-de-masterdrive-siemens\/\"><img decoding=\"async\" src=\"https:\/\/dv-group.com\/app\/uploads\/2023\/09\/AdobeStock_433333796-scaled.jpeg\" alt=\"\">\n                        <div class=\"diag-arrow-btn\"><\/div>\n                    <\/a>\n                    <div class=\"content\">\n                        <h4><a href=\"https:\/\/dv-group.com\/de\/etudes-de-cas\/maintenance-preventive-de-masterdrive-siemens\/\">Pr\u00e4ventive Maintenance von Siemens Masterdrive<\/a><\/h4>\n                        <div class=\"informations\">\n                            <span class=\"category\">Fallstudie<\/span>\n                            <span class=\"date\">11 September 2023<\/span>\n                        <\/div>\n                    <\/div>\n                <\/div>\n                                            <div class=\"card casestudy\">\n                    <a href=\"https:\/\/dv-group.com\/de\/etudes-de-cas\/fiabilisation-de-32-masterdrives-siemens-6se70-sur-sectionnelle-de-machine-a-papier\/\"><img decoding=\"async\" src=\"https:\/\/dv-group.com\/app\/uploads\/2023\/09\/AdobeStock_154900643-scaled.jpeg\" alt=\"\">\n                        <div class=\"diag-arrow-btn\"><\/div>\n                    <\/a>\n                    <div class=\"content\">\n                        <h4><a href=\"https:\/\/dv-group.com\/de\/etudes-de-cas\/fiabilisation-de-32-masterdrives-siemens-6se70-sur-sectionnelle-de-machine-a-papier\/\">Sicherstellung der Zuverl\u00e4ssigkeit von 32 Siemens (6SE70) Masterdrives in einer Papierfabrik<\/a><\/h4>\n                        <div class=\"informations\">\n                            <span class=\"category\">Fallstudie<\/span>\n                            <span class=\"date\">11 September 2023<\/span>\n                        <\/div>\n                    <\/div>\n                <\/div>\n                                            <div class=\"card casestudy\">\n                    <a href=\"https:\/\/dv-group.com\/de\/etudes-de-cas\/meleghy-preventif-de-24-variateurs-powerblocks-siemens\/\"><img decoding=\"async\" src=\"https:\/\/dv-group.com\/app\/uploads\/2023\/09\/AdobeStock_237714206-scaled.jpeg\" alt=\"\">\n                        <div class=\"diag-arrow-btn\"><\/div>\n                    <\/a>\n                    <div class=\"content\">\n                        <h4><a href=\"https:\/\/dv-group.com\/de\/etudes-de-cas\/meleghy-preventif-de-24-variateurs-powerblocks-siemens\/\">MELEGHY: Pr\u00e4ventivwartung von 24 Siemens Powerblocks-Antrieben<\/a><\/h4>\n                        <div class=\"informations\">\n                            <span class=\"category\">Fallstudie<\/span>\n                            <span class=\"date\">11 September 2023<\/span>\n                        <\/div>\n                    <\/div>\n                <\/div>\n                                            <div class=\"card casestudy\">\n                    <a href=\"https:\/\/dv-group.com\/de\/etudes-de-cas\/contrat-de-maintenance-preventive\/\"><img decoding=\"async\" src=\"https:\/\/dv-group.com\/app\/uploads\/2023\/09\/semi-conducteur-.jpeg\" alt=\"\">\n                        <div class=\"diag-arrow-btn\"><\/div>\n                    <\/a>\n                    <div class=\"content\">\n                        <h4><a href=\"https:\/\/dv-group.com\/de\/etudes-de-cas\/contrat-de-maintenance-preventive\/\">Preventive maintenance contract<\/a><\/h4>\n                        <div class=\"informations\">\n                            <span class=\"category\">Fallstudie<\/span>\n                            <span class=\"date\">05 September 2023<\/span>\n                        <\/div>\n                    <\/div>\n                <\/div>\n                        <div class=\"pagination\">\n                <span aria-current=\"page\" class=\"page-numbers current\">1<\/span>\n<a class=\"page-numbers\" href=\"https:\/\/dv-group.com\/de\/wp-json\/wp\/v2\/pages\/7293\/page\/2\">2<\/a>\n<a class=\"page-numbers\" href=\"https:\/\/dv-group.com\/de\/wp-json\/wp\/v2\/pages\/7293\/page\/3\">3<\/a>\n<a class=\"next page-numbers\" href=\"https:\/\/dv-group.com\/de\/wp-json\/wp\/v2\/pages\/7293\/page\/2\"><\/a>            <\/div>\n        <\/div>\n    <\/section>\n\n<div class=\"space large-space \">\n    <\/div>\n\n    <section  class=\"simple-slider\">\n        <div class=\"container\">\n                            <div class=\"simple-slider--title \">\n                    <p class=\"uptitle\">Neuigkeiten<\/p>\n<h2>Unser Unternehmen auf einen Blick: Highlights<\/h2>\n                <\/div>\n                        <div class=\"simple-slider--slider  owl-carousel\">\n                                                        <div class=\"card actuality\">\n                        <a href=\"https:\/\/dv-group.com\/de\/interview-de-monsieur-van-de-wege-ingenieur-maintenance-chez-elopak\/\" class=\"img-container\">\n                            <img decoding=\"async\" src=\"https:\/\/dv-group.com\/app\/uploads\/2024\/09\/AdobeStock_517066698.png\" alt=\"\">\n                            <span href=\"https:\/\/dv-group.com\/de\/interview-de-monsieur-van-de-wege-ingenieur-maintenance-chez-elopak\/\" class=\"diag-arrow-btn\"><\/span>\n                        <\/a>\n                        <div class=\"infos-container\">\n                            <div class=\"informations\">\n                                                                    <span class=\"category\">Erfahrungsberichte<\/span>\n                                                                <span class=\"date\">05 September 2024<\/span>\n                            <\/div>\n                            <h2><a href=\"https:\/\/dv-group.com\/de\/interview-de-monsieur-van-de-wege-ingenieur-maintenance-chez-elopak\/\">Interview mit Herrn Van de Wege, Wartungsingenieur bei Elopak<\/a><\/h2>\n                                                    <\/div>\n                    <\/div>\n                                                        <div class=\"card actuality\">\n                        <a href=\"https:\/\/dv-group.com\/de\/interview-dun-client-fabricant-de-pieces-automobiles\/\" class=\"img-container\">\n                            <img decoding=\"async\" src=\"https:\/\/dv-group.com\/app\/uploads\/2024\/05\/AdobeStock_551291603-scaled.jpeg\" alt=\"\">\n                            <span href=\"https:\/\/dv-group.com\/de\/interview-dun-client-fabricant-de-pieces-automobiles\/\" class=\"diag-arrow-btn\"><\/span>\n                        <\/a>\n                        <div class=\"infos-container\">\n                            <div class=\"informations\">\n                                                                    <span class=\"category\">Erfahrungsberichte<\/span>\n                                                                <span class=\"date\">17 May 2024<\/span>\n                            <\/div>\n                            <h2><a href=\"https:\/\/dv-group.com\/de\/interview-dun-client-fabricant-de-pieces-automobiles\/\">Erfahrungsbericht eines Kunden, der Autoteile herstellt<\/a><\/h2>\n                                                    <\/div>\n                    <\/div>\n                                                        <div class=\"card actuality\">\n                        <a href=\"https:\/\/dv-group.com\/de\/erfahrungsbericht-eines-papierkunden\/\" class=\"img-container\">\n                            <img decoding=\"async\" src=\"https:\/\/dv-group.com\/app\/uploads\/2024\/03\/AdobeStock_100684673.jpeg\" alt=\"\">\n                            <span href=\"https:\/\/dv-group.com\/de\/erfahrungsbericht-eines-papierkunden\/\" class=\"diag-arrow-btn\"><\/span>\n                        <\/a>\n                        <div class=\"infos-container\">\n                            <div class=\"informations\">\n                                                                    <span class=\"category\">Erfahrungsberichte<\/span>\n                                                                <span class=\"date\">15 March 2024<\/span>\n                            <\/div>\n                            <h2><a href=\"https:\/\/dv-group.com\/de\/erfahrungsbericht-eines-papierkunden\/\">Erfahrungsbericht eines Papierkunden<\/a><\/h2>\n                                                    <\/div>\n                    <\/div>\n                                                        <div class=\"card actuality\">\n                        <a href=\"https:\/\/dv-group.com\/de\/interview-de-monsieur-baumer-responsable-maintenance-chez-meleghy-automotive-gmbh-co-kg\/\" class=\"img-container\">\n                            <img decoding=\"async\" src=\"https:\/\/dv-group.com\/app\/uploads\/2023\/09\/AdobeStock_237714206-scaled.jpeg\" alt=\"\">\n                            <span href=\"https:\/\/dv-group.com\/de\/interview-de-monsieur-baumer-responsable-maintenance-chez-meleghy-automotive-gmbh-co-kg\/\" class=\"diag-arrow-btn\"><\/span>\n                        <\/a>\n                        <div class=\"infos-container\">\n                            <div class=\"informations\">\n                                                                    <span class=\"category\">Erfahrungsberichte<\/span>\n                                                                <span class=\"date\">11 September 2023<\/span>\n                            <\/div>\n                            <h2><a href=\"https:\/\/dv-group.com\/de\/interview-de-monsieur-baumer-responsable-maintenance-chez-meleghy-automotive-gmbh-co-kg\/\">Interview mit Herr B\u00e4umer, Abteilungsleiter der Instandhaltung bei Meleghy Automotive GmbH &#038; Co. KG<\/a><\/h2>\n                                                            <p>Martin B\u00e4umer<\/p>\n                                                    <\/div>\n                    <\/div>\n                            <\/div>\n            <div class=\"simple-slider--nav blue \">\n                <div class=\"simple-slider--nav-buttons blue\"><\/div>\n                                    <a href=\"https:\/\/dv-group.com\/de\/actualites\/\" class=\"btn reverse\">Alle Neuigkeiten anzeigen<\/a>\n                            <\/div>\n        <\/div>\n    <\/section>\n\n\n<div class=\"space large-space \">\n    <\/div>\n\n<section  class=\"white-book\">\n    <div class=\"white-book-container container\">\n        <div class=\"white-book-content\">\n                            <p class=\"uptitle\">Whitepaper<\/p>\n<h2>Industrie 4.0, Warum? Wie? Die Erholung der Industrie beschleunigen<\/h2>\n                                        <a href=\"https:\/\/dv-group.com\/de\/livre-blanc\/\" target=\"_self\" class=\"btn primary light\">Laden Sie das Whitepaper herunter<\/a>\n                    <\/div>\n                    <div class=\"white-book-container-img\">\n                <img decoding=\"async\" src=\"https:\/\/dv-group.com\/app\/uploads\/2023\/09\/MicrosoftTeams-image-25.png\" alt=\"\">\n            <\/div>\n            <\/div>\n<\/section>\n\n<div class=\"space large-space \">\n    <\/div>","protected":false},"excerpt":{"rendered":"","protected":false},"author":12,"featured_media":0,"parent":0,"menu_order":0,"comment_status":"closed","ping_status":"closed","template":"","meta":{"_acf_changed":false,"_seopress_robots_primary_cat":"","_seopress_titles_title":"Fallstudien - DV GROUP ","_seopress_titles_desc":"Erfahren Sie, wie wir die Herausforderungen unserer Kunden gemeistert haben","_seopress_robots_index":"","footnotes":""},"class_list":["post-7293","page","type-page","status-publish","hentry"],"acf":[],"publishpress_future_action":{"enabled":false,"date":"2026-04-12 16:12:16","action":"change-status","newStatus":"draft","terms":[],"taxonomy":"translation_priority","extraData":[]},"publishpress_future_workflow_manual_trigger":{"enabledWorkflows":[]},"_links":{"self":[{"href":"https:\/\/dv-group.com\/de\/wp-json\/wp\/v2\/pages\/7293","targetHints":{"allow":["GET"]}}],"collection":[{"href":"https:\/\/dv-group.com\/de\/wp-json\/wp\/v2\/pages"}],"about":[{"href":"https:\/\/dv-group.com\/de\/wp-json\/wp\/v2\/types\/page"}],"author":[{"embeddable":true,"href":"https:\/\/dv-group.com\/de\/wp-json\/wp\/v2\/users\/12"}],"replies":[{"embeddable":true,"href":"https:\/\/dv-group.com\/de\/wp-json\/wp\/v2\/comments?post=7293"}],"version-history":[{"count":15,"href":"https:\/\/dv-group.com\/de\/wp-json\/wp\/v2\/pages\/7293\/revisions"}],"predecessor-version":[{"id":15340,"href":"https:\/\/dv-group.com\/de\/wp-json\/wp\/v2\/pages\/7293\/revisions\/15340"}],"wp:attachment":[{"href":"https:\/\/dv-group.com\/de\/wp-json\/wp\/v2\/media?parent=7293"}],"curies":[{"name":"wp","href":"https:\/\/api.w.org\/{rel}","templated":true}]}}