{"id":6565,"date":"2023-08-21T11:47:21","date_gmt":"2023-08-21T09:47:21","guid":{"rendered":"http:\/\/www.dv-group.com\/votre-performance\/"},"modified":"2024-06-05T10:15:23","modified_gmt":"2024-06-05T08:15:23","slug":"votre-performance","status":"publish","type":"page","link":"https:\/\/dv-group.com\/de\/votre-performance\/","title":{"rendered":"Ihre Performance"},"content":{"rendered":"<section class=\"hero-secondary minified   \">\n    <div class=\"container\">\n                    <div class=\"hero-secondary--content\">\n                <p class=\"uptitle\">Ihre Performance<\/p>\n<h1>Gemeinsam stellen wir Ihre Leistungsf\u00e4higkeit angesichts der neuen Herausforderungen der Industrie sicher.<\/h1>\n            <\/div>\n                            <img decoding=\"async\" src=\"https:\/\/dv-group.com\/app\/uploads\/2023\/09\/photo-off-e1694616040253.jpg\" alt=\"\">\n        <\/section>\n    <div class=\"subnav hover-effect\">\n                    <style>\n                .hero-secondary.minified {\n                    padding-bottom: 96px;\n                }\n            <\/style>\n            <nav>\n                <ul>\n                                                                                                                                                                                                                                                                                    <li data-section=\"ihre-herausforderungen\">Ihre Herausforderungen<\/li>\n                                                                                                                                                                                                                                                                                                                                                                                                                                                                                                                                                                <li data-section=\"unsere-methode\">Unsere Methode<\/li>\n                                                                                                                                                                                                                                                                                                                                        <li data-section=\"unsere-antworten\">Unsere Antworten<\/li>\n                                                                                                                                                                                                                                        <li data-section=\"unsere-berzeugungen\">Unsere \u00dcberzeugungen<\/li>\n                                                                                                                                                                                                                                        <li data-section=\"whitepaper\">Whitepaper<\/li>\n                                                                                                                <\/ul>\n                <span class=\"border\"><\/span>\n            <\/nav>\n            <\/div>\n\n\n<div class=\"space large-space \">\n    <\/div>\n\n<section  data-section=\"ihre-herausforderungen\" id=\"ihre-herausforderungen\"  class=\"bloc-content -content  \">\n    <div class=\"container\">\n                                            <div class=\"txt-img--content\">\n                    <p class=\"uptitle\" style=\"text-align: center;\">Ihre Performance<\/p>\n<h2 style=\"text-align: center;\">IHRE HERAUSFORDERUNGEN<\/h2>\n<p style=\"text-align: center;\">Ob Sie Betriebsleiter, Leiter einer Wartungsabteilung, finanzieller oder technischer Entscheidungstr\u00e4ger oder Standortleiter sind: Die Leistung Ihres Prozesses ist entscheidend f\u00fcr den Fortbestand Ihres Unternehmens.<\/p>\n<p style=\"text-align: center;\">Im Zeitalter personalisierter Angebote besteht Ihre Herausforderung weniger darin, gro\u00dfe Mengen zu produzieren, sondern vielmehr in der Lage zu sein, Ihre Produktionskette flexibel und in Echtzeit an die Bed\u00fcrfnisse der Verbraucher anzupassen. Auch die Reduktion des \u00f6kologischen Fu\u00dfabdrucks stellt eine gro\u00dfe Herausforderung dar.<\/p>\n<p style=\"text-align: center;\">Angesichts dieser Umw\u00e4lzungen wird die industrielle Leistung zu einer gro\u00dfen Herausforderung f\u00fcr die interne Organisation. Sie betrifft daher alle Bereiche des Unternehmens von der Konzeption bis zur Produktion, \u00fcber die Industrialisierung, den Einkauf, usw.<\/p>\n<p style=\"text-align: center;\">Wir m\u00f6chten Ihnen Antworten geben und Sie bei der Planung und Entwicklung Ihrer neuen Linien und Fabriken mit unserem entschieden operativen Ansatz begleiten. Moderne, vernetzte Fabriken, in denen die Technologien zu Motoren der Wettbewerbsf\u00e4higkeit und der Exportentwicklung werden.<\/p>\n                <\/div>\n                                <\/div>\n<\/section>\n\n<div class=\"space large-space \">\n    <\/div>\n\n<section  class=\"bloc-content -content  txt-img   reverse \">\n    <div class=\"container\">\n                                            <div class=\"txt-img--content\">\n                    <p>&nbsp;<\/p>\n<p class=\"highlighted\" style=\"text-align: center;\"><span style=\"color: #000000;\">Wir wollen auf die neuen Herausforderungen der Industrie reagieren, aber vor allem auf Ihre Herausforderungen!<\/span><\/p>\n                <\/div>\n                                        <div class=\"txt-img--img\">\n                                    <img decoding=\"async\" class=s src=\"https:\/\/dv-group.com\/app\/uploads\/2023\/09\/OK_photo-PERFORMANCE-sans-bande-bleue-1-scaled-e1694157023558.jpg\" alt=\"\">\n                                                <\/div>\n            <\/div>\n<\/section>\n\n\n<section  class=\"grid-enjeux\">\n    <div class=\"container\">\n                                    <div class=\"card picto full\">\n                                            <div class=\"img\">\n                            <img decoding=\"async\" src=\"https:\/\/dv-group.com\/app\/uploads\/2023\/08\/icon-money-growth-blue.svg\" alt=\"\">\n                        <\/div>\n                                                                <h4>Wirtschaftliche Herausforderungen:<\/h4>\n<ul>\n<li>Kosten optimieren (Investitionen und Ausgaben)<\/li>\n<li>Die Wartungskosten unter Kontrolle halten<\/li>\n<li>Die Produktivit\u00e4t steigern<\/li>\n<\/ul>\n                                    <\/div>\n                            <div class=\"card picto full\">\n                                            <div class=\"img\">\n                            <img decoding=\"async\" src=\"https:\/\/dv-group.com\/app\/uploads\/2023\/08\/icon-cpu-blue.svg\" alt=\"\">\n                        <\/div>\n                                                                <h4>Technologische Herausforderungen<\/h4>\n<ul>\n<li>Einrichtungen zuverl\u00e4ssig machen und warten<\/li>\n<li>Die Veralterung der Ausr\u00fcstung verwalten<\/li>\n<li>Digitalisierung der Produktionsanlagen<\/li>\n<\/ul>\n                                    <\/div>\n                            <div class=\"card picto full\">\n                                            <div class=\"img\">\n                            <img decoding=\"async\" src=\"https:\/\/dv-group.com\/app\/uploads\/2023\/09\/roue-dentee-1.png\" alt=\"\">\n                        <\/div>\n                                                                <h4>Organisatorische Herausforderungen<\/h4>\n<ul>\n<li>Neue Formen der Zusammenarbeit erfinden<\/li>\n<li>Die Flexibilit\u00e4t der Organisation st\u00e4rken.<\/li>\n<li>Sich auf den Mehrwert der Mitarbeiter st\u00fctzen<\/li>\n<li>Die Logistik neu \u00fcberdenken<\/li>\n<li>Vertikale und horizontale Integration f\u00f6rdern<\/li>\n<li>Die Digitalisierung einleiten<\/li>\n<li>Die Kontinuit\u00e4t der Versorgung sicherstellen<\/li>\n<li>Ein besseres Management mit den Lieferanten haben<\/li>\n<\/ul>\n                                    <\/div>\n                            <div class=\"card picto full\">\n                                            <div class=\"img\">\n                            <img decoding=\"async\" src=\"https:\/\/dv-group.com\/app\/uploads\/2023\/09\/ecologie-1.png\" alt=\"\">\n                        <\/div>\n                                                                <h4>\u00d6kologische\/gesellschaftliche Herausforderungen<\/h4>\n<ul>\n<li>In &#8220;Lebenszyklen&#8221; denken<\/li>\n<li>Den Kohlenstoff-Fu\u00dfabdruck verringern<\/li>\n<li>Auf die Einhaltung von Vorschriften achten<\/li>\n<li>Den Menschen wertsch\u00e4tzen<\/li>\n<li>CSR entwickeln<\/li>\n<li>Das lokale \u00d6kosystem integrieren<\/li>\n<\/ul>\n                                    <\/div>\n                        <\/div>\n<\/section>\n\n<div class=\"space large-space \">\n    <\/div>\n\n<div class=\"space large-space \">\n    <\/div>\n\n<!-- Start method  -->\n<section data-section=unsere-methode class=\"method\">\n    <div class=\"container\">\n        <div class=\"method-titles--container\">\n                            <p class=\"uptitle\">Ihre Performance<\/p>\n<h2>Unsere Methode<\/h2>\n<p>&nbsp;<\/p>\n<p>Wir verstehen die Verbesserung der industriellen Leistung als einen bereichs\u00fcbergreifenden Prozess, der alle Akteure des Unternehmens einbeziehen muss, um eine Strategie zu entwickeln, die Ihren Herausforderungen entspricht.<br \/>\nWir beginnen mit einem umfassenden Audit, um eine individuelle Strategie mit einem detaillierten Aktionsplan und dessen Umsetzung zu entwickeln.<\/p>\n                    <\/div>\n                    <div class=\"method-tabs-container\">\n                                                    <div class=\"tab  active\">\n                        <div class=\"step-container\">\n                                                            <div class=\"number-container\">\n                                    <p>1<\/p>\n                                <\/div>\n                                                                                        <div class=\"title-container\">\n                                    <p>Definieren wir Ihre Herausforderungen<\/p>\n                                <\/div>\n                                                                                        <div class=\"description-container\">\n                                    <p>Sie m\u00f6chten Ihre Wartungskosten unter Kontrolle halten?<\/p>\n<p>Sie m\u00f6chten Ihre Teams unterst\u00fctzen und ihre Kompetenz steigern?<\/p>\n<p>Sie m\u00f6chten die Digitalisierung einleiten?<\/p>\n<p>&#8230;<\/p>\n                                <\/div>\n                                                    <\/div>\n\n                    <\/div>\n                    <hr>                                                        <div class=\"tab  \">\n                        <div class=\"step-container\">\n                                                            <div class=\"number-container\">\n                                    <p>2<\/p>\n                                <\/div>\n                                                                                        <div class=\"title-container\">\n                                    <p>Legen wir die Strategie fest<\/p>\n                                <\/div>\n                                                                                        <div class=\"description-container\">\n                                    <p>Lassen Sie uns gemeinsam analysieren, um die Strategie f\u00fcr Ihre Motoren, Maschinen und Linien mitzugestalten.<\/p>\n                                <\/div>\n                                                    <\/div>\n\n                    <\/div>\n                    <hr>                                                        <div class=\"tab  \">\n                        <div class=\"step-container\">\n                                                            <div class=\"number-container\">\n                                    <p>3<\/p>\n                                <\/div>\n                                                                                        <div class=\"title-container\">\n                                    <p>Lassen Sie uns es gemeinsam umsetzen<\/p>\n                                <\/div>\n                                                                                        <div class=\"description-container\">\n                                    <p>Entwickeln wir eine Strategie, um Ihre Herausforderungen zu meistern<\/p>\n                                <\/div>\n                                                    <\/div>\n\n                    <\/div>\n                                                                    <\/div>\n                    <\/div>\n<\/section>\n<!-- End method -->\n\n<section data-section=unser-analyseschema class=\"bloc-img\">\n    <div class=\"container\">\n                    <img decoding=\"async\" src=\"https:\/\/dv-group.com\/app\/uploads\/2023\/09\/allemand-scaled.jpg\" alt=\"\">\n            <span class=\"legend\"><\/span>\n            <\/div>\n<\/section>\n\n<div class=\"space large-space \">\n    <\/div>\n\n    <section data-section=unsere-antworten class=\"txt-titre-2col\">\n        <div class=\"txt-titre-2col-container container\">\n                            <div class=\"title-container\">\n                    <p class=\"uptitle\">Ihre Performance<\/p>\n<h2>Unsere Antworten<\/h2>\n                <\/div>\n                                        <div class=\"container-first\">\n                    <p><strong>Um der Strategie gerecht zu werden, setzen wir L\u00f6sungen um, die auf die wichtigsten Herausforderungen Ihrer Funktion (Einkauf, Wartung, Methoden&#8230;) eingehen und darauf abzielen, auf der Grundlage eines soliden Fundaments Spitzenleistungen zu erzielen.<\/strong><\/p>\n                <\/div>\n                                        <div class=\"container-second\">\n                    <p>Die Einf\u00fchrung von L\u00f6sungen und Unterst\u00fctzungsdiensten, die auf Ihren Maschinenpark zugeschnitten sind, erm\u00f6glicht Ihnen:<\/p>\n<ul>\n<li>die Wettbewerbsf\u00e4higkeit durch eine bessere Verf\u00fcgbarkeit der Anlagen,<\/li>\n<li>eine h\u00f6here Zuverl\u00e4ssigkeit der Produktionslinien und eine h\u00f6here Produktivit\u00e4t zu gewinnen,<\/li>\n<li>Investitionen und Ausgaben zu optimieren,<\/li>\n<li>eine gute Umweltperformance zu gew\u00e4hrleisten.<\/li>\n<\/ul>\n                <\/div>\n                    <\/div>\n    <\/section>\n                    <section data-section=unsere-antworten class=\"grid-slider blue\">\n            <div class=\"container\">\n                                    <div class=\"owl-carousel\">\n                                                                                <div class=\"card picto\">\n                                                                    <div class=\"img\">\n                                        <img decoding=\"async\" src=\"https:\/\/dv-group.com\/app\/uploads\/2023\/09\/Disponibilte.png\" alt=\"\">\n                                    <\/div>\n                                                                                                    <h4>Verbesserung der Anlagenverf\u00fcgbarkeit<\/h4>\n<ul>\n<li>Vorrauschauende Kontrolle<\/li>\n<li>UpGrade<\/li>\n<li>Pr\u00e4ventive Instandhaltung<\/li>\n<li>Ausr\u00fcstung\/ Lagerbestand<\/li>\n<\/ul>\n                                                            <\/div>\n                                                                                <div class=\"card picto\">\n                                                                    <div class=\"img\">\n                                        <img decoding=\"async\" src=\"https:\/\/dv-group.com\/app\/uploads\/2023\/09\/soutien-aux-competences.png\" alt=\"\">\n                                    <\/div>\n                                                                                                    <h4>Unterst\u00fctzung von F\u00e4higkeiten<\/h4>\n<ul>\n<li>Hotline-Support, Verbunden, 24\/7<\/li>\n<li>Schulung<\/li>\n<\/ul>\n                                                            <\/div>\n                                                                                <div class=\"card picto\">\n                                                                    <div class=\"img\">\n                                        <img decoding=\"async\" src=\"https:\/\/dv-group.com\/app\/uploads\/2023\/09\/digitalisation.png\" alt=\"\">\n                                    <\/div>\n                                                                                                    <h4>Digitalisierung<\/h4>\n<ul>\n<li>SMART<\/li>\n<li>DATA-Kontrolle<\/li>\n<\/ul>\n                                                            <\/div>\n                                                                                <div class=\"card picto\">\n                                                                    <div class=\"img\">\n                                        <img decoding=\"async\" src=\"https:\/\/dv-group.com\/app\/uploads\/2023\/09\/modernisation-2.png\" alt=\"\">\n                                    <\/div>\n                                                                                                    <h4>Modernisierung<\/h4>\n<ul>\n<li>INGENIEURE: Drive \/ Motion \/ Automatisierung \/ \/ Motion \/ NC \/ Robotik<\/li>\n<\/ul>\n                                                            <\/div>\n                                                                                <div class=\"card picto\">\n                                                                    <div class=\"img\">\n                                        <img decoding=\"async\" src=\"https:\/\/dv-group.com\/app\/uploads\/2023\/09\/dans-le-temps-1.png\" alt=\"\">\n                                    <\/div>\n                                                                                                    <h4>Verwaltung der Obsoleszenz<\/h4>\n<ul>\n<li>Elektromechanische Wartung \/ Elektronische Wartung<\/li>\n<li>Pr\u00e4diktive Kontrolle<\/li>\n<\/ul>\n                                                            <\/div>\n                                                                                <div class=\"card picto\">\n                                                                    <div class=\"img\">\n                                        <img decoding=\"async\" src=\"https:\/\/dv-group.com\/app\/uploads\/2023\/09\/protection-environnementale-1.png\" alt=\"\">\n                                    <\/div>\n                                                                                                    <h4>Verwaltung der Umweltauswirkungen<\/h4>\n<ul>\n<li>Kontrolle der Energie<\/li>\n<li>Reparatur im Vergleich zu Neuware<\/li>\n<li>\u00d6ko-verantwortliche Fristen<\/li>\n<\/ul>\n                                                            <\/div>\n                                            <\/div>\n                    <div class=\"grid-slider-nav blue\"><\/div>\n                            <\/div>\n        <\/section>\n    \n\n<div class=\"space large-space \">\n    <\/div>\n\n<section  data-section=\"unsere-berzeugungen\" id=\"unsere-berzeugungen\"  class=\"bloc-content -content  \">\n    <div class=\"container\">\n                                            <div class=\"txt-img--content\">\n                    <p class=\"uptitle\" style=\"text-align: center;\">Unsere Performance<\/p>\n<h2 style=\"text-align: center;\">Unsere \u00dcberzeugungen<\/h2>\n<p><img decoding=\"async\" class=\"alignnone size-full wp-image-1166\" src=\"http:\/\/preprod.dv-group.weareled.fr\/app\/uploads\/2023\/09\/we-are-together-blue.svg\" alt=\"\" \/><\/p>\n<p style=\"text-align: center;\">Anschlie\u00dfend erstellen wir gemeinsam mit Ihnen einen pragmatischen Aktionsplan, um den verschiedenen Bereichen Ihrer Organisation alle Ressourcen zur Verf\u00fcgung zu stellen, die sie zur Durchf\u00fchrung ihrer Aktivit\u00e4ten ben\u00f6tigen, und gleichzeitig die Betriebs- und Investitionskosten zu kontrollieren. Diese Ma\u00dfnahmen m\u00fcssen Ihre gesamte Wertsch\u00f6pfungskette einbeziehen und auf Ihrer betrieblichen Realit\u00e4t, Ihrem Umfeld und Ihren Entwicklungen beruhen.<\/p>\n<p>&nbsp;<\/p>\n<h3 style=\"text-align: center;\"><strong>Was ist unser Ziel?<\/strong><\/h3>\n<p>&nbsp;<\/p>\n<p class=\"highlighted\" style=\"text-align: center;\">Exzellenz zu erreichen: Qualit\u00e4t \/ Kosten \/ Termine \/ Leistungen \/ Sicherheit \/ Management<\/p>\n                <\/div>\n                                <\/div>\n<\/section>\n\n<div class=\"space large-space \">\n    <\/div>\n\n<section data-section=whitepaper class=\"white-book\">\n    <div class=\"white-book-container container\">\n        <div class=\"white-book-content\">\n                            <p class=\"uptitle\">Whitepaper<\/p>\n<h2>Industrie 4.0 warum? Wie soll das geschehen?<br \/>\nDen Aufschwung der Industrie beschleunigen<\/h2>\n                                        <a href=\"https:\/\/dv-group.com\/de\/dv-news#sync2\" target=\"_self\" class=\"btn primary light\">DV News<\/a>\n                    <\/div>\n                    <div class=\"white-book-container-img\">\n                <img decoding=\"async\" src=\"https:\/\/dv-group.com\/app\/uploads\/2023\/09\/MicrosoftTeams-image-13.png\" alt=\"\">\n            <\/div>\n            <\/div>\n<\/section>\n\n<div class=\"space large-space \">\n    <\/div>","protected":false},"excerpt":{"rendered":"","protected":false},"author":12,"featured_media":7701,"parent":0,"menu_order":0,"comment_status":"closed","ping_status":"closed","template":"","meta":{"_acf_changed":false,"_seopress_robots_primary_cat":"","_seopress_titles_title":"Ihre Perfomance - DV Group","_seopress_titles_desc":"Gemeinsam stellen wir Ihre Leistungsf\u00e4higkeit angesichts der neuen Herausforderungen der Industrie sicher.","_seopress_robots_index":"","footnotes":""},"class_list":["post-6565","page","type-page","status-publish","has-post-thumbnail","hentry"],"acf":[],"publishpress_future_action":{"enabled":false,"date":"2026-04-23 10:24:13","action":"change-status","newStatus":"draft","terms":[],"taxonomy":"translation_priority","extraData":[]},"publishpress_future_workflow_manual_trigger":{"enabledWorkflows":[]},"_links":{"self":[{"href":"https:\/\/dv-group.com\/de\/wp-json\/wp\/v2\/pages\/6565","targetHints":{"allow":["GET"]}}],"collection":[{"href":"https:\/\/dv-group.com\/de\/wp-json\/wp\/v2\/pages"}],"about":[{"href":"https:\/\/dv-group.com\/de\/wp-json\/wp\/v2\/types\/page"}],"author":[{"embeddable":true,"href":"https:\/\/dv-group.com\/de\/wp-json\/wp\/v2\/users\/12"}],"replies":[{"embeddable":true,"href":"https:\/\/dv-group.com\/de\/wp-json\/wp\/v2\/comments?post=6565"}],"version-history":[{"count":21,"href":"https:\/\/dv-group.com\/de\/wp-json\/wp\/v2\/pages\/6565\/revisions"}],"predecessor-version":[{"id":15602,"href":"https:\/\/dv-group.com\/de\/wp-json\/wp\/v2\/pages\/6565\/revisions\/15602"}],"wp:featuredmedia":[{"embeddable":true,"href":"https:\/\/dv-group.com\/de\/wp-json\/wp\/v2\/media\/7701"}],"wp:attachment":[{"href":"https:\/\/dv-group.com\/de\/wp-json\/wp\/v2\/media?parent=6565"}],"curies":[{"name":"wp","href":"https:\/\/api.w.org\/{rel}","templated":true}]}}