{"id":6389,"date":"2023-08-21T11:47:45","date_gmt":"2023-08-21T09:47:45","guid":{"rendered":"http:\/\/www.dv-group.com\/le-groupe\/"},"modified":"2026-01-08T09:47:08","modified_gmt":"2026-01-08T08:47:08","slug":"le-groupe","status":"publish","type":"page","link":"https:\/\/dv-group.com\/de\/le-groupe\/","title":{"rendered":"Die Gruppe"},"content":{"rendered":"<section class=\"hero-tertiary\">\n    <div class=\"container\">\n                    <p class=\"title\">Die Gruppe<\/p>\n                            <div class=\"hero-tertiary--baseline\">\n                                    <img decoding=\"async\" src=\"https:\/\/dv-group.com\/app\/uploads\/2023\/09\/Baseline-We-Perform-Together-Lines.png\" alt=\"\" class=\"baseline-mob\">\n                                                    <img decoding=\"async\" src=\"https:\/\/dv-group.com\/app\/uploads\/2023\/09\/Baseline-We-Perform-Together-One-Line.png\" alt=\"\" class=\"baseline-desk\">\n                            <\/div>\n                            <p>Gemeinsam mit unseren Kunden, gemeinsam als Team, gemeinsam mit unseren Partnern, lassen Sie uns etwas bewegen!            <\/p>\n                            <a href=\"#\" class=\"circle-btn down\"><\/a>\n            <\/div>\n            <img decoding=\"async\" src=\"https:\/\/dv-group.com\/app\/uploads\/2023\/08\/imghero-min-scaled.jpg\" alt=\"\">\n    <\/section>\n\n<div class=\"space large-space \">\n    <\/div>\n\n<section  class=\"bloc-content -content  \">\n    <div class=\"container\">\n                                            <div class=\"txt-img--content\">\n                    <p class=\"uptitle\" style=\"text-align: center;\">Pr\u00e4sentation<\/p>\n<h2 style=\"text-align: center;\">Wer sind wir?<\/h2>\n<h4 style=\"text-align: center;\">DV GROUP ist ein Team, das jeden Tag hart arbeitet, um seine Kunden zufrieden zu stellen.<\/h4>\n<div class=\"two-col\">\n<p style=\"font-weight: 400; text-align: center;\">Unsere drei komplement\u00e4ren Achsen machen uns zu einem europ\u00e4ischen Marktf\u00fchrer in den Bereichen ENGINEERING, WARTUNG und KONTROLLE. Die Verbesserung durch Engineering, die Aufrechterhaltung der L\u00f6sungen durch Wartung und die Projektion durch Kontrolle erm\u00f6glichen unseren Kunden eine 360\u00b0-Sicht auf ihre Prozesseffizienz und garantieren ihre Agilit\u00e4t und Flexibilit\u00e4t.<\/p>\n<p style=\"font-weight: 400; text-align: center;\">DV GROUP ist voll und ganz in die Entwicklung der Fabrik der Zukunft eingebunden und nimmt als Integrator 4.0 an diesem industriellen Wandel teil. Wir entwickeln L\u00f6sungen, die den neuen wirtschaftlichen, gesellschaftlichen und \u00f6kologischen Herausforderungen der Industrie 4.0 gewidmet sind.<\/p>\n<\/div>\n                <\/div>\n                                <\/div>\n<\/section>\n\n<section  class=\"ceo-quotes\">\n    <div class=\"ceo-quotes-container container\">\n        <div class=\"first-container\">\n                            <p class=\"uptitle\">DV GROUP<\/p>\n<h2>Die Mission von DV GROUP ist es, Sie zu begleiten und Ihre industriellen Herausforderungen zu l\u00f6sen.<\/h2>\n<p>Seit 60 Jahren arbeiten wir jeden Tag daran, Sie mit unseren ehrgeizigen, vision\u00e4ren und der Industrie verpflichteten Mitarbeitern zufrieden zu stellen.<\/p>\n<p>&nbsp;<\/p>\n<p>&nbsp;<\/p>\n                                <\/div>\n        <div class=\"second-container\">\n                            <p>&#8220;Die Industrie wandelt sich, die Fabrik ist wieder ein Wert&#8221;.<\/p>\n                        <div class=\"quotes-infos\">\n                                    <p>Pierre Vandenhove<\/p>\n                                                    <p>Gesch\u00e4ftsf\u00fchrung<\/p>\n                            <\/div>\n                            <div class=\"img-container\">\n                    <img decoding=\"async\" src=\"https:\/\/dv-group.com\/app\/uploads\/2023\/09\/HP_Pierre_Vandehove.png\" alt=\"\">\n                <\/div>\n                    <\/div>\n    <\/div>\n<\/section>\n\n<section class=\"keyNumbers-slider\">\n    <div class=\"keyNumbers-container\">\n                    <h2>DV GROUP in Zahlen<\/h2>\n                            <div class=\"keynumbers \">\n                <div class=\"keyNumbers-slider-container owl-carousel\">\n                                                                    <div class=\"keynumbers--item\">\n                                                            <span class=\"num\">350<\/span>\n                                                                                        <span class=\"label\">Mitarbeiter<\/span>\n                                                                                <\/div>\n                                                                    <div class=\"keynumbers--item\">\n                                                            <span class=\"num\">21<\/span>\n                                                                                        <span class=\"label\">technische und kommerzielle Niederlassungen  in Europa<\/span>\n                                                                                        <span class=\"txt\">Frankreich, Deutschland, \u00d6sterreich, Spanien, Italien, Portugal, BENELUX<\/span>\n                                                    <\/div>\n                                                                    <div class=\"keynumbers--item\">\n                                                            <span class=\"num\">50<\/span>\n                                                                                        <span class=\"label\">Millionen Euro Umsatz<\/span>\n                                                                                <\/div>\n                                                                    <div class=\"keynumbers--item\">\n                                                            <span class=\"num\">60<\/span>\n                                                                                        <span class=\"label\">Jahre der Erfahrung: ENGINEERING, MAINTENANCE und CONTROL<\/span>\n                                                                                <\/div>\n                                    <\/div>\n                <div class=\"keyNumbers-slider-control\"><\/div>\n            <\/div>\n            <\/div>\n<\/section>\n\n<section  class=\"slider-history\">\n    <div class=\"slider-history-container container\">\n                    <p class=\"uptitle\" style=\"text-align: center;\">Unsere Geschichte<\/p>\n<h2 style=\"text-align: center;\">Vom regionalen Akteur zum europ\u00e4ischen Marktf\u00fchrer<\/h2>\n<p style=\"text-align: left;\">Unsere Geschichte wird seit \u00fcber 60 Jahren von ehrgeizigen, vision\u00e4ren M\u00e4nnern und Frauen geschrieben, die sich f\u00fcr die Industrie engagieren. St\u00e4ndige Investitionsstrategien, Partnerschaften mit den gro\u00dfen Namen der Industrie und die Exzellenz jedes Einzelnen machen die DV GROUP zu einem europ\u00e4ischen Marktf\u00fchrer.<\/p>\n                            <div class=\"slider-history-card-container owl-carousel\">\n                                                        <div class=\"slider-history-card\">\n                                                    <div class=\"slider-history-card-date\">\n                                <p>1965<\/p>\n                            <\/div>\n                                                                            <h4>Gr\u00fcndung des Unternehmens Luc Devos<\/h4>\n                                            <\/div>\n                                                        <div class=\"slider-history-card\">\n                                                    <div class=\"slider-history-card-date\">\n                                <p>1990<\/p>\n                            <\/div>\n                                                                            <h4>Devos Vandenhove, ein regionaler Akteur<\/h4>\n                                            <\/div>\n                                                        <div class=\"slider-history-card\">\n                                                    <div class=\"slider-history-card-date\">\n                                <p>2000<\/p>\n                            <\/div>\n                                                                            <h4>Devos Vandenhove, ein nationaler Akteur<\/h4>\n                                            <\/div>\n                                                        <div class=\"slider-history-card\">\n                                                    <div class=\"slider-history-card-date\">\n                                <p>2018<\/p>\n                            <\/div>\n                                                                            <h4>DV GROUP, ein europ\u00e4ischer Marktf\u00fchrer<\/h4>\n                                            <\/div>\n                            <\/div>\n            <div class=\"slider-histoire-control owl-nav blue\"><\/div>\n        <\/section>\n\n<div class=\"space large-space \">\n    <\/div>\n\n<section  class=\"bloc-content -content  \">\n    <div class=\"container\">\n                                            <div class=\"txt-img--content\">\n                    <p class=\"uptitle\">Unsere Werte<\/p>\n<h2>Vertrauen und Exzellenz<\/h2>\n<div class=\"two-col\">\n<p>DV GROUP ist ein erfolgreiches Team, das sich auf die gleichen Werte st\u00fctzt: VERTRAUEN und AUSGEZEICHNETE LEISTUNGEN, und das f\u00fcr das Engagement und die Kompetenz jedes einzelnen Mitglieds anerkannt ist.<\/p>\n<p><img loading=\"lazy\" decoding=\"async\" class=\"alignnone wp-image-8760\" src=\"http:\/\/preprod.dv-group.weareled.fr\/app\/uploads\/2023\/09\/Valeurs_confiance-excellence_DE-300x83.png\" alt=\"\" width=\"401\" height=\"111\" srcset=\"https:\/\/dv-group.com\/app\/uploads\/2023\/09\/Valeurs_confiance-excellence_DE-300x83.png 300w, https:\/\/dv-group.com\/app\/uploads\/2023\/09\/Valeurs_confiance-excellence_DE-1024x282.png 1024w, https:\/\/dv-group.com\/app\/uploads\/2023\/09\/Valeurs_confiance-excellence_DE-768x211.png 768w, https:\/\/dv-group.com\/app\/uploads\/2023\/09\/Valeurs_confiance-excellence_DE-1536x423.png 1536w, https:\/\/dv-group.com\/app\/uploads\/2023\/09\/Valeurs_confiance-excellence_DE-2048x564.png 2048w\" sizes=\"auto, (max-width: 401px) 100vw, 401px\" \/><\/p>\n<p>&nbsp;<\/p>\n<\/div>\n                <\/div>\n                                <\/div>\n<\/section>\n\n<div class=\"space large-space \">\n    <\/div>\n\n<section  class=\"slider-logos\">\n    <div class=\"slider-logos-container container\">\n        <div class=\"slider-header\">\n                            <div class=\"slider-title-category\">\n                    <p class=\"uptitle\">Unsere Partner<\/p>\n<h2>Entdecken Sie unsere Partner<\/h2>\n                <\/div>\n                        <div class=\"slider-logos-control desktop\"><\/div>\n        <\/div>\n                    <ul class=\"slider-logos-container-cards owl-carousel \">\n                                                                                <li><img decoding=\"async\" src=\"https:\/\/dv-group.com\/app\/uploads\/2023\/09\/edf.png\" alt=\"\"><\/li>\n                                                                                                    <li><img decoding=\"async\" src=\"https:\/\/dv-group.com\/app\/uploads\/2023\/08\/footer-partners-fanuc-cnc.png\" alt=\"\"><\/li>\n                                                                                                    <li><img decoding=\"async\" src=\"https:\/\/dv-group.com\/app\/uploads\/2023\/08\/footer-partners-fanuc-robot.png\" alt=\"\"><\/li>\n                                                                                                    <li><img decoding=\"async\" src=\"https:\/\/dv-group.com\/app\/uploads\/2023\/08\/footer-partners-fanuc-spare.png\" alt=\"\"><\/li>\n                                                                                                    <li><img decoding=\"async\" src=\"https:\/\/dv-group.com\/app\/uploads\/2023\/08\/footer-partners-schaffner.png\" alt=\"\"><\/li>\n                                                                                                    <li><img decoding=\"async\" src=\"https:\/\/dv-group.com\/app\/uploads\/2023\/09\/siemens.png\" alt=\"\"><\/li>\n                                                <\/ul>\n                <div class=\"slider-logos-control mobil\"><\/div>\n    <\/div>\n<\/section>\n\n<div class=\"space large-space \">\n    <\/div>\n\n<section  class=\"recrutement\">\n    <div class=\"recrutement--container container\">\n        <div class=\"recrutement-content\">\n            <div class=\"recrutment-uptitle\">\n                <p>Uns erreichen<\/p>\n            <\/div>\n            <!-- <h2>Il y a actuellement\n                <span> postes<\/span> \u00e0 pourvoir\n            <\/h2> -->\n            <h2>Derzeit gibt es                <span>3 offene <\/span> Stellen            <\/h2>\n                            <div class=\"recrutement-description\">\n                    <p>Sind Sie auf der Suche nach einer Gruppe, die auf dem neuesten Stand der Technik ist, nach einem dynamischen Team und nach einer Karrierechance?<\/p>\n<p>Steigen Sie bei uns ein!<\/p>\n                <\/div>\n                                        <a href=\"https:\/\/dv-group.com\/de\/nous-rejoindre\/\" class=\"btn primary\" target=\"_self\">Uns beitreten<\/a>\n                                        <a href=\"https:\/\/dv-group.com\/de\/nous-rejoindre\/\" target=\"_self\" class=\"btn secondary\">Uns beitreten <span class=\"circle-btn blue\"><\/span><\/a>\n                    <\/div>\n                    <div class=\"recrutement-img owl-carousel\">\n                                                                                <img decoding=\"async\" src=\"https:\/\/dv-group.com\/app\/uploads\/2023\/09\/recrutement-left-cta-min-scaled.jpg\" alt=\"\">\n                                                <\/div>\n            <\/div>\n<\/section>\n\n<div class=\"space large-space \">\n    <\/div>\n\n<section  class=\"expertise container   \">\n    <div class=\"expertise-header\">\n        <div class=\"slider-title-category\">\n                            <p class=\"uptitle\">Unsere Expertise<\/p>\n<h2>Wir bieten L\u00f6sungen in den Bereichen ENGINEERING, MAINTENANCE und CONTROL, die auf unserer Kenntnis Ihrer Prozesse basieren.<\/h2>\n<p>&nbsp;<\/p>\n                    <\/div>\n    <\/div>\n            <div class=\"expertise-container \">\n                            <div class=\"img-container\">\n                                            <a href=\"https:\/\/dv-group.com\/de\/ingenierie\/\">\n                                                                            <img decoding=\"async\" src=\"https:\/\/dv-group.com\/app\/uploads\/2023\/08\/Background_ingenierie_menu-e1694441278305.jpg\" alt=\"https:\/\/dv-group.com\/app\/uploads\/2023\/08\/Background_ingenierie_menu-e1694441278305.jpg\">\n                                                <div class=\"card-content\">\n                                                            <div class=\"up-part-container\">\n                                    <p class=\"uptitle\">Unsere Expertise<\/p>\n<h2>Engineering<\/h2>\n                                <\/div>\n                                                                                        <div class=\"expertise-card-content\">\n                                    <p>Der Erfolg eines Industrieprojekts ist das Ergebnis einer sorgf\u00e4ltigen Identifizierung der Risiken und eines effizienten Managements der Konzeptions-, Umsetzungs- und Entwicklungsphasen, in denen wir Sie unterst\u00fctzen.<\/p>\n                                <\/div>\n                                                    <\/div>\n                        <button class=\"diag-arrow-btn\"><\/button>\n                                                <\/a>\n                                    <\/div>\n                            <div class=\"img-container\">\n                                            <a href=\"https:\/\/dv-group.com\/de\/maintenance\/\">\n                                                                            <img decoding=\"async\" src=\"https:\/\/dv-group.com\/app\/uploads\/2023\/08\/Background_maintenance_menu.jpg\" alt=\"https:\/\/dv-group.com\/app\/uploads\/2023\/08\/Background_maintenance_menu.jpg\">\n                                                <div class=\"card-content\">\n                                                            <div class=\"up-part-container\">\n                                    <p class=\"uptitle\">Unsere Expertise<\/p>\n<h2>Maintenance<\/h2>\n                                <\/div>\n                                                                                        <div class=\"expertise-card-content\">\n                                    <p>Als europ\u00e4ischer Marktf\u00fchrer im Bereich der industriellen Instandhaltung setzt sich DV GROUP daf\u00fcr ein, die Verf\u00fcgbarkeit, Leistung, Sicherheit und Langlebigkeit Ihrer Anlagen durch sein technisches Know-how zu gew\u00e4hrleisten: Elektromechanik, Elektronik, Servomotoren, Hardware \/ PDR.<\/p>\n                                <\/div>\n                                                    <\/div>\n                        <button class=\"diag-arrow-btn\"><\/button>\n                                                <\/a>\n                                    <\/div>\n                            <div class=\"img-container\">\n                                            <a href=\"https:\/\/dv-group.com\/de\/control\/\">\n                                                                            <img decoding=\"async\" src=\"https:\/\/dv-group.com\/app\/uploads\/2023\/08\/Background_controle_menu.jpg\" alt=\"https:\/\/dv-group.com\/app\/uploads\/2023\/08\/Background_controle_menu.jpg\">\n                                                <div class=\"card-content\">\n                                                            <div class=\"up-part-container\">\n                                    <p class=\"uptitle\">Unsere Expertise<\/p>\n<h2>Control<\/h2>\n                                <\/div>\n                                                                                        <div class=\"expertise-card-content\">\n                                    <p>DV GROUP CONTROL erm\u00f6glicht es Ihnen, einen proaktiven Ansatz f\u00fcr die Instandhaltung zu w\u00e4hlen, Ihren Betrieb zu optimieren, Ihre Gesamtrentabilit\u00e4t zu verbessern und operative Exzellenz zu erreichen.<\/p>\n                                <\/div>\n                                                    <\/div>\n                        <button class=\"diag-arrow-btn\"><\/button>\n                                                <\/a>\n                                    <\/div>\n                    <\/div>\n        <div class=\"expertise--nav-buttons blue\"><\/div>\n    <\/section>\n<!-- end expertise -->\n\n<div class=\"space large-space \">\n    <\/div>\n\n    <section  class=\"simple-slider\">\n        <div class=\"container\">\n                            <div class=\"simple-slider--title \">\n                    <p class=\"uptitle\">DV News<\/p>\n<h2>Bleiben Sie auf dem Laufenden mit den neuesten Nachrichten und Erfolgsgeschichten aus unserem Unternehmen!<\/h2>\n                <\/div>\n                        <div class=\"simple-slider--slider  owl-carousel\">\n                                                        <div class=\"card actuality\">\n                        <a href=\"https:\/\/dv-group.com\/de\/interview-de-monsieur-van-de-wege-ingenieur-maintenance-chez-elopak\/\" class=\"img-container\">\n                            <img decoding=\"async\" src=\"https:\/\/dv-group.com\/app\/uploads\/2024\/09\/AdobeStock_517066698.png\" alt=\"\">\n                            <span href=\"https:\/\/dv-group.com\/de\/interview-de-monsieur-van-de-wege-ingenieur-maintenance-chez-elopak\/\" class=\"diag-arrow-btn\"><\/span>\n                        <\/a>\n                        <div class=\"infos-container\">\n                            <div class=\"informations\">\n                                                                    <span class=\"category\">Erfahrungsberichte<\/span>\n                                                                <span class=\"date\">05 September 2024<\/span>\n                            <\/div>\n                            <h2><a href=\"https:\/\/dv-group.com\/de\/interview-de-monsieur-van-de-wege-ingenieur-maintenance-chez-elopak\/\">Interview mit Herrn Van de Wege, Wartungsingenieur bei Elopak<\/a><\/h2>\n                                                    <\/div>\n                    <\/div>\n                                                        <div class=\"card actuality\">\n                        <a href=\"https:\/\/dv-group.com\/de\/interview-dun-client-fabricant-de-pieces-automobiles\/\" class=\"img-container\">\n                            <img decoding=\"async\" src=\"https:\/\/dv-group.com\/app\/uploads\/2024\/05\/AdobeStock_551291603-scaled.jpeg\" alt=\"\">\n                            <span href=\"https:\/\/dv-group.com\/de\/interview-dun-client-fabricant-de-pieces-automobiles\/\" class=\"diag-arrow-btn\"><\/span>\n                        <\/a>\n                        <div class=\"infos-container\">\n                            <div class=\"informations\">\n                                                                    <span class=\"category\">Erfahrungsberichte<\/span>\n                                                                <span class=\"date\">17 May 2024<\/span>\n                            <\/div>\n                            <h2><a href=\"https:\/\/dv-group.com\/de\/interview-dun-client-fabricant-de-pieces-automobiles\/\">Erfahrungsbericht eines Kunden, der Autoteile herstellt<\/a><\/h2>\n                                                    <\/div>\n                    <\/div>\n                                                        <div class=\"card actuality\">\n                        <a href=\"https:\/\/dv-group.com\/de\/erfahrungsbericht-eines-papierkunden\/\" class=\"img-container\">\n                            <img decoding=\"async\" src=\"https:\/\/dv-group.com\/app\/uploads\/2024\/03\/AdobeStock_100684673.jpeg\" alt=\"\">\n                            <span href=\"https:\/\/dv-group.com\/de\/erfahrungsbericht-eines-papierkunden\/\" class=\"diag-arrow-btn\"><\/span>\n                        <\/a>\n                        <div class=\"infos-container\">\n                            <div class=\"informations\">\n                                                                    <span class=\"category\">Erfahrungsberichte<\/span>\n                                                                <span class=\"date\">15 March 2024<\/span>\n                            <\/div>\n                            <h2><a href=\"https:\/\/dv-group.com\/de\/erfahrungsbericht-eines-papierkunden\/\">Erfahrungsbericht eines Papierkunden<\/a><\/h2>\n                                                    <\/div>\n                    <\/div>\n                                                        <div class=\"card actuality\">\n                        <a href=\"https:\/\/dv-group.com\/de\/interview-de-monsieur-baumer-responsable-maintenance-chez-meleghy-automotive-gmbh-co-kg\/\" class=\"img-container\">\n                            <img decoding=\"async\" src=\"https:\/\/dv-group.com\/app\/uploads\/2023\/09\/AdobeStock_237714206-scaled.jpeg\" alt=\"\">\n                            <span href=\"https:\/\/dv-group.com\/de\/interview-de-monsieur-baumer-responsable-maintenance-chez-meleghy-automotive-gmbh-co-kg\/\" class=\"diag-arrow-btn\"><\/span>\n                        <\/a>\n                        <div class=\"infos-container\">\n                            <div class=\"informations\">\n                                                                    <span class=\"category\">Erfahrungsberichte<\/span>\n                                                                <span class=\"date\">11 September 2023<\/span>\n                            <\/div>\n                            <h2><a href=\"https:\/\/dv-group.com\/de\/interview-de-monsieur-baumer-responsable-maintenance-chez-meleghy-automotive-gmbh-co-kg\/\">Interview mit Herr B\u00e4umer, Abteilungsleiter der Instandhaltung bei Meleghy Automotive GmbH &#038; Co. KG<\/a><\/h2>\n                                                            <p>Martin B\u00e4umer<\/p>\n                                                    <\/div>\n                    <\/div>\n                            <\/div>\n            <div class=\"simple-slider--nav blue \">\n                <div class=\"simple-slider--nav-buttons blue\"><\/div>\n                                    <a href=\"https:\/\/dv-group.com\/de\/actualites\/\" class=\"btn reverse\">News<\/a>\n                            <\/div>\n        <\/div>\n    <\/section>\n\n\n<div class=\"space large-space \">\n    <\/div>","protected":false},"excerpt":{"rendered":"","protected":false},"author":12,"featured_media":0,"parent":0,"menu_order":0,"comment_status":"closed","ping_status":"closed","template":"","meta":{"_acf_changed":false,"_seopress_robots_primary_cat":"","_seopress_titles_title":"Die Gruppe - DV GROUP","_seopress_titles_desc":"Gemeinsam mit unseren Kunden, gemeinsam als Team, gemeinsam mit unseren Partnern - leisten wir!","_seopress_robots_index":"","footnotes":""},"class_list":["post-6389","page","type-page","status-publish","hentry"],"acf":[],"publishpress_future_action":{"enabled":false,"date":"2026-04-18 10:37:07","action":"change-status","newStatus":"draft","terms":[],"taxonomy":"translation_priority","extraData":[]},"publishpress_future_workflow_manual_trigger":{"enabledWorkflows":[]},"_links":{"self":[{"href":"https:\/\/dv-group.com\/de\/wp-json\/wp\/v2\/pages\/6389","targetHints":{"allow":["GET"]}}],"collection":[{"href":"https:\/\/dv-group.com\/de\/wp-json\/wp\/v2\/pages"}],"about":[{"href":"https:\/\/dv-group.com\/de\/wp-json\/wp\/v2\/types\/page"}],"author":[{"embeddable":true,"href":"https:\/\/dv-group.com\/de\/wp-json\/wp\/v2\/users\/12"}],"replies":[{"embeddable":true,"href":"https:\/\/dv-group.com\/de\/wp-json\/wp\/v2\/comments?post=6389"}],"version-history":[{"count":19,"href":"https:\/\/dv-group.com\/de\/wp-json\/wp\/v2\/pages\/6389\/revisions"}],"predecessor-version":[{"id":17302,"href":"https:\/\/dv-group.com\/de\/wp-json\/wp\/v2\/pages\/6389\/revisions\/17302"}],"wp:attachment":[{"href":"https:\/\/dv-group.com\/de\/wp-json\/wp\/v2\/media?parent=6389"}],"curies":[{"name":"wp","href":"https:\/\/api.w.org\/{rel}","templated":true}]}}